{"id":638,"date":"2017-10-01T14:35:06","date_gmt":"2017-10-01T14:35:06","guid":{"rendered":"http:\/\/www.blekingesf.se\/bokhandel_new\/?page_id=638"},"modified":"2021-12-30T19:04:30","modified_gmt":"2021-12-30T19:04:30","slug":"villkorfrakt","status":"publish","type":"page","link":"http:\/\/www.blekingesf.se\/bokhandel\/villkorfrakt\/","title":{"rendered":"Villkor\/frakt"},"content":{"rendered":"<ul>\n<li>Vi reserverar oss mot slutf\u00f6rs\u00e4ljning av produkten.<img loading=\"lazy\" decoding=\"async\" class=\"size-medium wp-image-641 alignright\" src=\"http:\/\/www.blekingesf.se\/bokhandel_new\/wp-content\/uploads\/2017\/10\/Brevbarare-220x300.png\" alt=\"\" width=\"220\" height=\"300\" srcset=\"http:\/\/www.blekingesf.se\/bokhandel\/wp-content\/uploads\/2017\/10\/Brevbarare-220x300.png 220w, http:\/\/www.blekingesf.se\/bokhandel\/wp-content\/uploads\/2017\/10\/Brevbarare-110x150.png 110w, http:\/\/www.blekingesf.se\/bokhandel\/wp-content\/uploads\/2017\/10\/Brevbarare.png 300w\" sizes=\"(max-width: 220px) 100vw, 220px\" \/><\/li>\n<li>Kostnad f\u00f6r frakt tillkommer alltid. Normalt \u00e4r fraktkostnaden densamma som Postens avgifter.<\/li>\n<li>Normalt levereras din best\u00e4llning inom 5-10 arbetsdagar.<\/li>\n<li>Varor med en vikt upp till 2 kilo levereras som brev, \u00f6vriga som paket till den av dig uppgivna adressen.<\/li>\n<li>Betalning sker mot faktura som inkluderas i leveransen.<\/li>\n<\/ul>\n","protected":false},"excerpt":{"rendered":"<p>Vi reserverar oss mot slutf\u00f6rs\u00e4ljning av produkten. Kostnad f\u00f6r frakt tillkommer alltid. Normalt \u00e4r fraktkostnaden densamma som Postens avgifter. Normalt levereras din best\u00e4llning inom 5-10 arbetsdagar. Varor med en vikt upp till 2 kilo levereras som brev, \u00f6vriga som paket till den av dig uppgivna adressen. Betalning sker mot faktura som inkluderas i leveransen.<\/p>\n","protected":false},"author":6,"featured_media":0,"parent":0,"menu_order":0,"comment_status":"closed","ping_status":"closed","template":"","meta":{"footnotes":""},"class_list":["post-638","page","type-page","status-publish","hentry"],"_links":{"self":[{"href":"http:\/\/www.blekingesf.se\/bokhandel\/wp-json\/wp\/v2\/pages\/638"}],"collection":[{"href":"http:\/\/www.blekingesf.se\/bokhandel\/wp-json\/wp\/v2\/pages"}],"about":[{"href":"http:\/\/www.blekingesf.se\/bokhandel\/wp-json\/wp\/v2\/types\/page"}],"author":[{"embeddable":true,"href":"http:\/\/www.blekingesf.se\/bokhandel\/wp-json\/wp\/v2\/users\/6"}],"replies":[{"embeddable":true,"href":"http:\/\/www.blekingesf.se\/bokhandel\/wp-json\/wp\/v2\/comments?post=638"}],"version-history":[{"count":6,"href":"http:\/\/www.blekingesf.se\/bokhandel\/wp-json\/wp\/v2\/pages\/638\/revisions"}],"predecessor-version":[{"id":1920,"href":"http:\/\/www.blekingesf.se\/bokhandel\/wp-json\/wp\/v2\/pages\/638\/revisions\/1920"}],"wp:attachment":[{"href":"http:\/\/www.blekingesf.se\/bokhandel\/wp-json\/wp\/v2\/media?parent=638"}],"curies":[{"name":"wp","href":"https:\/\/api.w.org\/{rel}","templated":true}]}}