{"id":428,"date":"2017-09-20T19:33:56","date_gmt":"2017-09-20T19:33:56","guid":{"rendered":"http:\/\/www.blekingesf.se\/bokhandel_new\/?post_type=product&#038;p=428"},"modified":"2026-01-03T15:49:40","modified_gmt":"2026-01-03T15:49:40","slug":"lisbet-larsdotter-en-slaktkronika","status":"publish","type":"product","link":"http:\/\/www.blekingesf.se\/bokhandel\/produkt\/lisbet-larsdotter-en-slaktkronika\/","title":{"rendered":"Lisbet Larsdotter \u2013 en sl\u00e4ktkr\u00f6nika"},"content":{"rendered":"<p><strong>\u00a0<\/strong><\/p>\n<p><strong>Lisbet Larsdotter \u2013 en sl\u00e4ktkr\u00f6nika<\/strong><\/p>\n<p><strong>Av Arne S\u00f6rl\u00f6v <\/strong><\/p>\n<p>Denna bok handlar om Lisbet Larsdotter, f\u00f6dd omkring 1689, hennes barn och sentida \u00e4ttlingar. Det \u00e4r en ren sl\u00e4ktbok men rymmer s\u00e5ledes v\u00e4ldigt fascinerande \u00f6den. \u00c4nnu mer intressant \u00e4r denna skrift f\u00f6r de personer som p\u00e5 n\u00e5got s\u00e4tt har koppling till denna sl\u00e4kt och dess historia.<\/p>\n","protected":false},"excerpt":{"rendered":"<p>\u00a0 Lisbet Larsdotter \u2013 en sl\u00e4ktkr\u00f6nika Av Arne S\u00f6rl\u00f6v Denna bok handlar om Lisbet Larsdotter, f\u00f6dd omkring 1689, hennes barn och sentida \u00e4ttlingar. Det \u00e4r en ren sl\u00e4ktbok men rymmer s\u00e5ledes v\u00e4ldigt fascinerande \u00f6den. \u00c4nnu mer intressant \u00e4r denna skrift f\u00f6r de personer som p\u00e5 n\u00e5got s\u00e4tt har koppling till denna sl\u00e4kt och dess historia.<\/p>\n","protected":false},"featured_media":319,"template":"","meta":[],"product_cat":[85],"product_tag":[143,142],"class_list":{"0":"post-428","1":"product","2":"type-product","3":"status-publish","4":"has-post-thumbnail","6":"product_cat-medelstads-harad","7":"product_tag-slaktkronika","8":"product_tag-tving","10":"first","11":"outofstock","12":"shipping-taxable","13":"purchasable","14":"product-type-simple"},"_links":{"self":[{"href":"http:\/\/www.blekingesf.se\/bokhandel\/wp-json\/wp\/v2\/product\/428"}],"collection":[{"href":"http:\/\/www.blekingesf.se\/bokhandel\/wp-json\/wp\/v2\/product"}],"about":[{"href":"http:\/\/www.blekingesf.se\/bokhandel\/wp-json\/wp\/v2\/types\/product"}],"wp:featuredmedia":[{"embeddable":true,"href":"http:\/\/www.blekingesf.se\/bokhandel\/wp-json\/wp\/v2\/media\/319"}],"wp:attachment":[{"href":"http:\/\/www.blekingesf.se\/bokhandel\/wp-json\/wp\/v2\/media?parent=428"}],"wp:term":[{"taxonomy":"product_cat","embeddable":true,"href":"http:\/\/www.blekingesf.se\/bokhandel\/wp-json\/wp\/v2\/product_cat?post=428"},{"taxonomy":"product_tag","embeddable":true,"href":"http:\/\/www.blekingesf.se\/bokhandel\/wp-json\/wp\/v2\/product_tag?post=428"}],"curies":[{"name":"wp","href":"https:\/\/api.w.org\/{rel}","templated":true}]}}