{"id":226,"date":"2016-11-26T16:56:20","date_gmt":"2016-11-26T16:56:20","guid":{"rendered":"http:\/\/www.blekingesf.se\/bokhandeln\/?page_id=226"},"modified":"2026-01-11T20:10:11","modified_gmt":"2026-01-11T20:10:11","slug":"hem","status":"publish","type":"page","link":"https:\/\/www.blekingesf.se\/bokhandel\/","title":{"rendered":"Hem"},"content":{"rendered":"<h2 style=\"text-align: left;\"><span style=\"color: #ff6600;\">\u00a0 \u00a0 \u00a0 \u00a0 \u00a0 \u00a0 \u00a0 \u00a0 \u00a0 \u00a0 \u00a0 <strong>\u00a0 <\/strong><\/span><\/h2>\n<h1 style=\"text-align: center;\"><span style=\"color: #008000;\"><strong><span style=\"color: #008000;\">V\u00e4lkommen att l\u00e4gga best\u00e4llning!<img loading=\"lazy\" decoding=\"async\" class=\"alignright wp-image-641 size-medium\" src=\"http:\/\/www.blekingesf.se\/bokhandel\/wp-content\/uploads\/2017\/10\/Brevbarare-220x300.png\" alt=\"\" width=\"220\" height=\"300\" srcset=\"https:\/\/www.blekingesf.se\/bokhandel\/wp-content\/uploads\/2017\/10\/Brevbarare-220x300.png 220w, https:\/\/www.blekingesf.se\/bokhandel\/wp-content\/uploads\/2017\/10\/Brevbarare-110x150.png 110w, https:\/\/www.blekingesf.se\/bokhandel\/wp-content\/uploads\/2017\/10\/Brevbarare.png 300w\" sizes=\"(max-width: 220px) 100vw, 220px\" \/><\/span><br \/>\n<\/strong><\/span><\/h1>\n<p style=\"text-align: center;\">D\u00e4r tv\u00e5 priser anges \u00e4r det l\u00e4gre priset f\u00f6r medlemmar i Blekinge Sl\u00e4ktforskarf\u00f6rening och det h\u00f6gre f\u00f6r ej medlemmar.<\/p>\n<p style=\"text-align: center;\"><a href=\"mailto:bokhandel@blekingesf.se\" target=\"_blank\" rel=\"noopener\"><strong><span style=\"color: #000000;\">bokhandel@blekingesf.se\u00a0<\/span><\/strong><\/a><\/p>\n<hr \/>\n<h2 style=\"text-align: center;\"><strong>Nyinkommet!<\/strong><\/h2>\n<p style=\"text-align: center;\"><div class=\"woocommerce columns-4 \"><ul class=\"products columns-4\">\n<li class=\"product type-product post-2388 status-publish first instock product_cat-bocker product_cat-medelstads-harad product_cat-nyheter product_tag-blekinge product_tag-bok product_tag-hembygd product_tag-historia product_tag-medelstad-harad has-post-thumbnail shipping-taxable purchasable product-type-simple\">\n\t<a href=\"https:\/\/www.blekingesf.se\/bokhandel\/produkt\/sillhovda-by-ogonblick-fran-forntid-till-nutid\/\" class=\"woocommerce-LoopProduct-link woocommerce-loop-product__link\"><img loading=\"lazy\" decoding=\"async\" width=\"550\" height=\"700\" src=\"https:\/\/www.blekingesf.se\/bokhandel\/wp-content\/uploads\/2026\/05\/Sillhovda-Framsida-550x700.jpg\" class=\"attachment-woocommerce_thumbnail size-woocommerce_thumbnail\" alt=\"\" \/><h2 class=\"woocommerce-loop-product__title\">Sillh\u00f6vda by &#8211; \u00d6GONBLICK FR\u00c5N FORNTID TILL NUTID<\/h2>\n\t<span class=\"price\"><span class=\"woocommerce-Price-amount amount\"><bdi>180&nbsp;<span class=\"woocommerce-Price-currencySymbol\">&#107;&#114;<\/span><\/bdi><\/span><\/span>\n<\/a><a href=\"?add-to-cart=2388\" aria-describedby=\"woocommerce_loop_add_to_cart_link_describedby_2388\" data-quantity=\"1\" class=\"button product_type_simple add_to_cart_button ajax_add_to_cart\" data-product_id=\"2388\" data-product_sku=\"\" aria-label=\"L\u00e4gg till i varukorgen: \u201dSillh\u00f6vda by - \u00d6GONBLICK FR\u00c5N FORNTID TILL NUTID\u201d\" rel=\"nofollow\">L\u00e4gg till i varukorg<\/a><span id=\"woocommerce_loop_add_to_cart_link_describedby_2388\" class=\"screen-reader-text\">\n\t<\/span>\n<\/li>\n<li class=\"product type-product post-2387 status-publish instock product_cat-brakne-harad product_cat-nyheter product_cat-usb product_tag-blekinge product_tag-brakne-harad product_tag-hallaryd product_tag-historia product_tag-kyrkoherde product_tag-usb has-post-thumbnail shipping-taxable purchasable product-type-simple\">\n\t<a href=\"https:\/\/www.blekingesf.se\/bokhandel\/produkt\/mats-jorgensson-kock-och-hans-attlingar\/\" class=\"woocommerce-LoopProduct-link woocommerce-loop-product__link\"><img loading=\"lazy\" decoding=\"async\" width=\"550\" height=\"700\" src=\"https:\/\/www.blekingesf.se\/bokhandel\/wp-content\/uploads\/2026\/05\/Mats-Jorgensson-Kock-550x700.jpg\" class=\"attachment-woocommerce_thumbnail size-woocommerce_thumbnail\" alt=\"\" \/><h2 class=\"woocommerce-loop-product__title\">Mats J\u00f6rgensson Kock och hans \u00e4ttlingar<\/h2>\n\t<span class=\"price\"><span class=\"woocommerce-Price-amount amount\"><bdi>95&nbsp;<span class=\"woocommerce-Price-currencySymbol\">&#107;&#114;<\/span><\/bdi><\/span><\/span>\n<\/a><a href=\"?add-to-cart=2387\" aria-describedby=\"woocommerce_loop_add_to_cart_link_describedby_2387\" data-quantity=\"1\" class=\"button product_type_simple add_to_cart_button ajax_add_to_cart\" data-product_id=\"2387\" data-product_sku=\"\" aria-label=\"L\u00e4gg till i varukorgen: \u201dMats J\u00f6rgensson Kock och hans \u00e4ttlingar\u201d\" rel=\"nofollow\">L\u00e4gg till i varukorg<\/a><span id=\"woocommerce_loop_add_to_cart_link_describedby_2387\" class=\"screen-reader-text\">\n\t<\/span>\n<\/li>\n<li class=\"product type-product post-2370 status-publish instock product_cat-ater-i-lager product_cat-bocker product_cat-brakne-harad product_cat-nyheter product_tag-brakne-harad product_tag-eriksberg product_tag-historia product_tag-sateri has-post-thumbnail shipping-taxable purchasable product-type-simple\">\n\t<a href=\"https:\/\/www.blekingesf.se\/bokhandel\/produkt\/eriksberg-ett-sateri-genom-370-ar\/\" class=\"woocommerce-LoopProduct-link woocommerce-loop-product__link\"><img loading=\"lazy\" decoding=\"async\" width=\"422\" height=\"525\" src=\"https:\/\/www.blekingesf.se\/bokhandel\/wp-content\/uploads\/2023\/11\/Eriksberg.jpg\" class=\"attachment-woocommerce_thumbnail size-woocommerce_thumbnail\" alt=\"\" srcset=\"https:\/\/www.blekingesf.se\/bokhandel\/wp-content\/uploads\/2023\/11\/Eriksberg.jpg 422w, https:\/\/www.blekingesf.se\/bokhandel\/wp-content\/uploads\/2023\/11\/Eriksberg-241x300.jpg 241w, https:\/\/www.blekingesf.se\/bokhandel\/wp-content\/uploads\/2023\/11\/Eriksberg-121x150.jpg 121w\" sizes=\"(max-width: 422px) 100vw, 422px\" \/><h2 class=\"woocommerce-loop-product__title\">Eriksberg ett s\u00e4teri genom 370 \u00e5r<\/h2>\n\t<span class=\"price\"><span class=\"woocommerce-Price-amount amount\"><bdi>295&nbsp;<span class=\"woocommerce-Price-currencySymbol\">&#107;&#114;<\/span><\/bdi><\/span><\/span>\n<\/a><a href=\"?add-to-cart=2370\" aria-describedby=\"woocommerce_loop_add_to_cart_link_describedby_2370\" data-quantity=\"1\" class=\"button product_type_simple add_to_cart_button ajax_add_to_cart\" data-product_id=\"2370\" data-product_sku=\"\" aria-label=\"L\u00e4gg till i varukorgen: \u201dEriksberg ett s\u00e4teri genom 370 \u00e5r\u201d\" rel=\"nofollow\">L\u00e4gg till i varukorg<\/a><span id=\"woocommerce_loop_add_to_cart_link_describedby_2370\" class=\"screen-reader-text\">\n\t<\/span>\n<\/li>\n<li class=\"product type-product post-2369 status-publish last instock product_cat-bocker product_cat-dna product_cat-nyheter product_tag-arbetsbok product_tag-dna has-post-thumbnail shipping-taxable purchasable product-type-simple\">\n\t<a href=\"https:\/\/www.blekingesf.se\/bokhandel\/produkt\/dna-arbetsbok\/\" class=\"woocommerce-LoopProduct-link woocommerce-loop-product__link\"><img loading=\"lazy\" decoding=\"async\" width=\"550\" height=\"700\" src=\"https:\/\/www.blekingesf.se\/bokhandel\/wp-content\/uploads\/2026\/03\/DNA-Arbetsbok-550x700.jpg\" class=\"attachment-woocommerce_thumbnail size-woocommerce_thumbnail\" alt=\"\" \/><h2 class=\"woocommerce-loop-product__title\">DNA-Arbetsbok<\/h2>\n\t<span class=\"price\"><span class=\"woocommerce-Price-amount amount\"><bdi>219&nbsp;<span class=\"woocommerce-Price-currencySymbol\">&#107;&#114;<\/span><\/bdi><\/span><\/span>\n<\/a><a href=\"?add-to-cart=2369\" aria-describedby=\"woocommerce_loop_add_to_cart_link_describedby_2369\" data-quantity=\"1\" class=\"button product_type_simple add_to_cart_button ajax_add_to_cart\" data-product_id=\"2369\" data-product_sku=\"\" aria-label=\"L\u00e4gg till i varukorgen: \u201dDNA-Arbetsbok\u201d\" rel=\"nofollow\">L\u00e4gg till i varukorg<\/a><span id=\"woocommerce_loop_add_to_cart_link_describedby_2369\" class=\"screen-reader-text\">\n\t<\/span>\n<\/li>\n<li class=\"product type-product post-2368 status-publish first instock product_cat-bocker product_cat-handbocker product_cat-nyheter product_tag-arkivdigital product_tag-handbok product_tag-riksarkivet product_tag-sveriges-slaktforskarforbund has-post-thumbnail shipping-taxable purchasable product-type-simple\">\n\t<a href=\"https:\/\/www.blekingesf.se\/bokhandel\/produkt\/slaktforska-i-databaser\/\" class=\"woocommerce-LoopProduct-link woocommerce-loop-product__link\"><img loading=\"lazy\" decoding=\"async\" width=\"550\" height=\"700\" src=\"https:\/\/www.blekingesf.se\/bokhandel\/wp-content\/uploads\/2026\/03\/Databaser-550x700.jpg\" class=\"attachment-woocommerce_thumbnail size-woocommerce_thumbnail\" alt=\"\" \/><h2 class=\"woocommerce-loop-product__title\">Sl\u00e4ktforska i databaser<\/h2>\n\t<span class=\"price\"><span class=\"woocommerce-Price-amount amount\"><bdi>295&nbsp;<span class=\"woocommerce-Price-currencySymbol\">&#107;&#114;<\/span><\/bdi><\/span><\/span>\n<\/a><a href=\"?add-to-cart=2368\" aria-describedby=\"woocommerce_loop_add_to_cart_link_describedby_2368\" data-quantity=\"1\" class=\"button product_type_simple add_to_cart_button ajax_add_to_cart\" data-product_id=\"2368\" data-product_sku=\"\" aria-label=\"L\u00e4gg till i varukorgen: \u201dSl\u00e4ktforska i databaser\u201d\" rel=\"nofollow\">L\u00e4gg till i varukorg<\/a><span id=\"woocommerce_loop_add_to_cart_link_describedby_2368\" class=\"screen-reader-text\">\n\t<\/span>\n<\/li>\n<li class=\"product type-product post-2366 status-publish instock product_cat-bocker product_cat-handbocker product_cat-nyheter product_tag-fastighetsforskning product_tag-handbok has-post-thumbnail shipping-taxable purchasable product-type-simple\">\n\t<a href=\"https:\/\/www.blekingesf.se\/bokhandel\/produkt\/forska-om-fastigheter\/\" class=\"woocommerce-LoopProduct-link woocommerce-loop-product__link\"><img loading=\"lazy\" decoding=\"async\" width=\"550\" height=\"700\" src=\"https:\/\/www.blekingesf.se\/bokhandel\/wp-content\/uploads\/2026\/03\/Forska-om-fastigheter-550x700.jpg\" class=\"attachment-woocommerce_thumbnail size-woocommerce_thumbnail\" alt=\"\" \/><h2 class=\"woocommerce-loop-product__title\">Forska om fastigheter<\/h2>\n\t<span class=\"price\"><span class=\"woocommerce-Price-amount amount\"><bdi>249&nbsp;<span class=\"woocommerce-Price-currencySymbol\">&#107;&#114;<\/span><\/bdi><\/span><\/span>\n<\/a><a href=\"?add-to-cart=2366\" aria-describedby=\"woocommerce_loop_add_to_cart_link_describedby_2366\" data-quantity=\"1\" class=\"button product_type_simple add_to_cart_button ajax_add_to_cart\" data-product_id=\"2366\" data-product_sku=\"\" aria-label=\"L\u00e4gg till i varukorgen: \u201dForska om fastigheter\u201d\" rel=\"nofollow\">L\u00e4gg till i varukorg<\/a><span id=\"woocommerce_loop_add_to_cart_link_describedby_2366\" class=\"screen-reader-text\">\n\t<\/span>\n<\/li>\n<li class=\"product type-product post-2365 status-publish instock product_cat-bocker product_cat-handbocker product_cat-nyheter product_tag-handbok product_tag-norden product_tag-norge has-post-thumbnail shipping-taxable purchasable product-type-simple\">\n\t<a href=\"https:\/\/www.blekingesf.se\/bokhandel\/produkt\/slaktforska-i-norge\/\" class=\"woocommerce-LoopProduct-link woocommerce-loop-product__link\"><img loading=\"lazy\" decoding=\"async\" width=\"550\" height=\"700\" src=\"https:\/\/www.blekingesf.se\/bokhandel\/wp-content\/uploads\/2026\/03\/Norge-550x700.jpg\" class=\"attachment-woocommerce_thumbnail size-woocommerce_thumbnail\" alt=\"\" \/><h2 class=\"woocommerce-loop-product__title\">Sl\u00e4ktforska i Norge<\/h2>\n\t<span class=\"price\"><span class=\"woocommerce-Price-amount amount\"><bdi>265&nbsp;<span class=\"woocommerce-Price-currencySymbol\">&#107;&#114;<\/span><\/bdi><\/span><\/span>\n<\/a><a href=\"?add-to-cart=2365\" aria-describedby=\"woocommerce_loop_add_to_cart_link_describedby_2365\" data-quantity=\"1\" class=\"button product_type_simple add_to_cart_button ajax_add_to_cart\" data-product_id=\"2365\" data-product_sku=\"\" aria-label=\"L\u00e4gg till i varukorgen: \u201dSl\u00e4ktforska i Norge\u201d\" rel=\"nofollow\">L\u00e4gg till i varukorg<\/a><span id=\"woocommerce_loop_add_to_cart_link_describedby_2365\" class=\"screen-reader-text\">\n\t<\/span>\n<\/li>\n<li class=\"product type-product post-2364 status-publish last instock product_cat-bocker product_cat-handbocker product_cat-nyheter product_tag-finland product_tag-handbok product_tag-norden has-post-thumbnail shipping-taxable purchasable product-type-simple\">\n\t<a href=\"https:\/\/www.blekingesf.se\/bokhandel\/produkt\/slaktforska-i-finland\/\" class=\"woocommerce-LoopProduct-link woocommerce-loop-product__link\"><img loading=\"lazy\" decoding=\"async\" width=\"550\" height=\"700\" src=\"https:\/\/www.blekingesf.se\/bokhandel\/wp-content\/uploads\/2026\/03\/Finland-550x700.jpg\" class=\"attachment-woocommerce_thumbnail size-woocommerce_thumbnail\" alt=\"\" \/><h2 class=\"woocommerce-loop-product__title\">Sl\u00e4ktforska i Finland<\/h2>\n\t<span class=\"price\"><span class=\"woocommerce-Price-amount amount\"><bdi>259&nbsp;<span class=\"woocommerce-Price-currencySymbol\">&#107;&#114;<\/span><\/bdi><\/span><\/span>\n<\/a><a href=\"?add-to-cart=2364\" aria-describedby=\"woocommerce_loop_add_to_cart_link_describedby_2364\" data-quantity=\"1\" class=\"button product_type_simple add_to_cart_button ajax_add_to_cart\" data-product_id=\"2364\" data-product_sku=\"\" aria-label=\"L\u00e4gg till i varukorgen: \u201dSl\u00e4ktforska i Finland\u201d\" rel=\"nofollow\">L\u00e4gg till i varukorg<\/a><span id=\"woocommerce_loop_add_to_cart_link_describedby_2364\" class=\"screen-reader-text\">\n\t<\/span>\n<\/li>\n<li class=\"product type-product post-2362 status-publish first instock product_cat-bocker product_cat-nyheter product_tag-faktabok has-post-thumbnail shipping-taxable purchasable product-type-simple\">\n\t<a href=\"https:\/\/www.blekingesf.se\/bokhandel\/produkt\/slaktforskarens-lilla-faktabok-5\/\" class=\"woocommerce-LoopProduct-link woocommerce-loop-product__link\"><img loading=\"lazy\" decoding=\"async\" width=\"485\" height=\"700\" src=\"https:\/\/www.blekingesf.se\/bokhandel\/wp-content\/uploads\/2026\/03\/Faktabok-5-485x700.jpg\" class=\"attachment-woocommerce_thumbnail size-woocommerce_thumbnail\" alt=\"\" \/><h2 class=\"woocommerce-loop-product__title\">Sl\u00e4ktforskarens lilla faktabok 5<\/h2>\n\t<span class=\"price\"><span class=\"woocommerce-Price-amount amount\"><bdi>79&nbsp;<span class=\"woocommerce-Price-currencySymbol\">&#107;&#114;<\/span><\/bdi><\/span><\/span>\n<\/a><a href=\"?add-to-cart=2362\" aria-describedby=\"woocommerce_loop_add_to_cart_link_describedby_2362\" data-quantity=\"1\" class=\"button product_type_simple add_to_cart_button ajax_add_to_cart\" data-product_id=\"2362\" data-product_sku=\"\" aria-label=\"L\u00e4gg till i varukorgen: \u201dSl\u00e4ktforskarens lilla faktabok 5\u201d\" rel=\"nofollow\">L\u00e4gg till i varukorg<\/a><span id=\"woocommerce_loop_add_to_cart_link_describedby_2362\" class=\"screen-reader-text\">\n\t<\/span>\n<\/li>\n<li class=\"product type-product post-2361 status-publish instock product_cat-bocker product_cat-nyheter product_tag-faktabok has-post-thumbnail shipping-taxable purchasable product-type-simple\">\n\t<a href=\"https:\/\/www.blekingesf.se\/bokhandel\/produkt\/slaktforskarens-lilla-faktabok-4\/\" class=\"woocommerce-LoopProduct-link woocommerce-loop-product__link\"><img loading=\"lazy\" decoding=\"async\" width=\"485\" height=\"700\" src=\"https:\/\/www.blekingesf.se\/bokhandel\/wp-content\/uploads\/2026\/03\/Faktabok-4-485x700.jpg\" class=\"attachment-woocommerce_thumbnail size-woocommerce_thumbnail\" alt=\"\" \/><h2 class=\"woocommerce-loop-product__title\">Sl\u00e4ktforskarens lilla faktabok 4<\/h2>\n\t<span class=\"price\"><span class=\"woocommerce-Price-amount amount\"><bdi>79&nbsp;<span class=\"woocommerce-Price-currencySymbol\">&#107;&#114;<\/span><\/bdi><\/span><\/span>\n<\/a><a href=\"?add-to-cart=2361\" aria-describedby=\"woocommerce_loop_add_to_cart_link_describedby_2361\" data-quantity=\"1\" class=\"button product_type_simple add_to_cart_button ajax_add_to_cart\" data-product_id=\"2361\" data-product_sku=\"\" aria-label=\"L\u00e4gg till i varukorgen: \u201dSl\u00e4ktforskarens lilla faktabok 4\u201d\" rel=\"nofollow\">L\u00e4gg till i varukorg<\/a><span id=\"woocommerce_loop_add_to_cart_link_describedby_2361\" class=\"screen-reader-text\">\n\t<\/span>\n<\/li>\n<li class=\"product type-product post-2360 status-publish instock product_cat-bocker product_cat-handbocker product_cat-nyheter product_cat-skriftserie product_tag-handbok product_tag-skriftserie has-post-thumbnail shipping-taxable purchasable product-type-simple\">\n\t<a href=\"https:\/\/www.blekingesf.se\/bokhandel\/produkt\/skriv-for-din-slakt-skriftserie-nr-8\/\" class=\"woocommerce-LoopProduct-link woocommerce-loop-product__link\"><img loading=\"lazy\" decoding=\"async\" width=\"538\" height=\"700\" src=\"https:\/\/www.blekingesf.se\/bokhandel\/wp-content\/uploads\/2026\/03\/Skriv-for-din-slakt-538x700.jpg\" class=\"attachment-woocommerce_thumbnail size-woocommerce_thumbnail\" alt=\"\" \/><h2 class=\"woocommerce-loop-product__title\">Skriv f\u00f6r din sl\u00e4kt &#8211; skriftserie nr 8<\/h2>\n\t<span class=\"price\"><span class=\"woocommerce-Price-amount amount\"><bdi>165&nbsp;<span class=\"woocommerce-Price-currencySymbol\">&#107;&#114;<\/span><\/bdi><\/span><\/span>\n<\/a><a href=\"?add-to-cart=2360\" aria-describedby=\"woocommerce_loop_add_to_cart_link_describedby_2360\" data-quantity=\"1\" class=\"button product_type_simple add_to_cart_button ajax_add_to_cart\" data-product_id=\"2360\" data-product_sku=\"\" aria-label=\"L\u00e4gg till i varukorgen: \u201dSkriv f\u00f6r din sl\u00e4kt - skriftserie nr 8\u201d\" rel=\"nofollow\">L\u00e4gg till i varukorg<\/a><span id=\"woocommerce_loop_add_to_cart_link_describedby_2360\" class=\"screen-reader-text\">\n\t<\/span>\n<\/li>\n<li class=\"product type-product post-2358 status-publish last instock product_cat-bocker product_cat-handbocker product_cat-nyheter product_cat-skriftserie product_tag-brott-och-straff product_tag-handbok product_tag-skriftserie has-post-thumbnail shipping-taxable purchasable product-type-simple\">\n\t<a href=\"https:\/\/www.blekingesf.se\/bokhandel\/produkt\/rattshistoria-for-slaktforskare\/\" class=\"woocommerce-LoopProduct-link woocommerce-loop-product__link\"><img loading=\"lazy\" decoding=\"async\" width=\"497\" height=\"700\" src=\"https:\/\/www.blekingesf.se\/bokhandel\/wp-content\/uploads\/2026\/03\/Rattshistoria-for-slaktforskare-497x700.jpg\" class=\"attachment-woocommerce_thumbnail size-woocommerce_thumbnail\" alt=\"\" srcset=\"https:\/\/www.blekingesf.se\/bokhandel\/wp-content\/uploads\/2026\/03\/Rattshistoria-for-slaktforskare-497x700.jpg 497w, https:\/\/www.blekingesf.se\/bokhandel\/wp-content\/uploads\/2026\/03\/Rattshistoria-for-slaktforskare-106x150.jpg 106w\" sizes=\"(max-width: 497px) 100vw, 497px\" \/><h2 class=\"woocommerce-loop-product__title\">R\u00e4ttshistoria f\u00f6r sl\u00e4ktforskare &#8211; skriftserie nr 3<\/h2>\n\t<span class=\"price\"><span class=\"woocommerce-Price-amount amount\"><bdi>119&nbsp;<span class=\"woocommerce-Price-currencySymbol\">&#107;&#114;<\/span><\/bdi><\/span><\/span>\n<\/a><a href=\"?add-to-cart=2358\" aria-describedby=\"woocommerce_loop_add_to_cart_link_describedby_2358\" data-quantity=\"1\" class=\"button product_type_simple add_to_cart_button ajax_add_to_cart\" data-product_id=\"2358\" data-product_sku=\"\" aria-label=\"L\u00e4gg till i varukorgen: \u201dR\u00e4ttshistoria f\u00f6r sl\u00e4ktforskare - skriftserie nr 3\u201d\" rel=\"nofollow\">L\u00e4gg till i varukorg<\/a><span id=\"woocommerce_loop_add_to_cart_link_describedby_2358\" class=\"screen-reader-text\">\n\t<\/span>\n<\/li>\n<\/ul>\n<\/div><\/p>\n","protected":false},"excerpt":{"rendered":"<p>\u00a0 \u00a0 \u00a0 \u00a0 \u00a0 \u00a0 \u00a0 \u00a0 \u00a0 \u00a0 \u00a0 \u00a0 V\u00e4lkommen att l\u00e4gga best\u00e4llning! D\u00e4r tv\u00e5 priser anges \u00e4r det l\u00e4gre priset f\u00f6r medlemmar i Blekinge Sl\u00e4ktforskarf\u00f6rening och det h\u00f6gre f\u00f6r ej medlemmar. bokhandel@blekingesf.se\u00a0 Nyinkommet!<\/p>\n","protected":false},"author":1,"featured_media":0,"parent":0,"menu_order":0,"comment_status":"closed","ping_status":"closed","template":"","meta":{"footnotes":""},"class_list":["post-226","page","type-page","status-publish","hentry"],"_links":{"self":[{"href":"https:\/\/www.blekingesf.se\/bokhandel\/wp-json\/wp\/v2\/pages\/226"}],"collection":[{"href":"https:\/\/www.blekingesf.se\/bokhandel\/wp-json\/wp\/v2\/pages"}],"about":[{"href":"https:\/\/www.blekingesf.se\/bokhandel\/wp-json\/wp\/v2\/types\/page"}],"author":[{"embeddable":true,"href":"https:\/\/www.blekingesf.se\/bokhandel\/wp-json\/wp\/v2\/users\/1"}],"replies":[{"embeddable":true,"href":"https:\/\/www.blekingesf.se\/bokhandel\/wp-json\/wp\/v2\/comments?post=226"}],"version-history":[{"count":77,"href":"https:\/\/www.blekingesf.se\/bokhandel\/wp-json\/wp\/v2\/pages\/226\/revisions"}],"predecessor-version":[{"id":2336,"href":"https:\/\/www.blekingesf.se\/bokhandel\/wp-json\/wp\/v2\/pages\/226\/revisions\/2336"}],"wp:attachment":[{"href":"https:\/\/www.blekingesf.se\/bokhandel\/wp-json\/wp\/v2\/media?parent=226"}],"curies":[{"name":"wp","href":"https:\/\/api.w.org\/{rel}","templated":true}]}}