{"id":73,"date":"2016-11-25T17:49:22","date_gmt":"2016-11-25T17:49:22","guid":{"rendered":"http:\/\/www.blekingesf.se\/bokhandeln\/?page_id=73"},"modified":"2024-08-31T17:25:05","modified_gmt":"2024-08-31T17:25:05","slug":"kontakt","status":"publish","type":"page","link":"https:\/\/www.blekingesf.se\/bokhandel\/kontakt\/","title":{"rendered":"Kontakt"},"content":{"rendered":"<p><img loading=\"lazy\" decoding=\"async\" class=\"alignnone size-medium wp-image-647\" src=\"http:\/\/www.blekingesf.se\/bokhandel\/wp-content\/uploads\/2017\/10\/kontakt-300x195.png\" alt=\"\" width=\"300\" height=\"195\" srcset=\"https:\/\/www.blekingesf.se\/bokhandel\/wp-content\/uploads\/2017\/10\/kontakt-300x195.png 300w, https:\/\/www.blekingesf.se\/bokhandel\/wp-content\/uploads\/2017\/10\/kontakt-150x98.png 150w, https:\/\/www.blekingesf.se\/bokhandel\/wp-content\/uploads\/2017\/10\/kontakt.png 500w\" sizes=\"(max-width: 300px) 100vw, 300px\" \/><\/p>\n<p>Har du n\u00e5gra fr\u00e5gor om v\u00e5ra produkter skriv till <a href=\"mailto:bokhandel@blekingesf.se\" target=\"_blank\" rel=\"noopener noreferrer\"><strong>bokhandel@blekingesf.se<\/strong><\/a><\/p>\n<p>Eller till f\u00f6reningen:<\/p>\n<p>Blekinge Sl\u00e4ktforskarf\u00f6rening<br \/>\nc\/o Rune Kronkvist<br \/>\nHagv\u00e4gen 23<br \/>\n372 60 Br\u00e4kne-Hoby<br \/>\nrunekronkvist@yahoo.se<\/p>\n","protected":false},"excerpt":{"rendered":"<p>Har du n\u00e5gra fr\u00e5gor om v\u00e5ra produkter skriv till bokhandel@blekingesf.se Eller till f\u00f6reningen: Blekinge Sl\u00e4ktforskarf\u00f6rening c\/o Rune Kronkvist Hagv\u00e4gen 23 372 60 Br\u00e4kne-Hoby runekronkvist@yahoo.se<\/p>\n","protected":false},"author":1,"featured_media":0,"parent":0,"menu_order":0,"comment_status":"closed","ping_status":"closed","template":"","meta":{"footnotes":""},"class_list":["post-73","page","type-page","status-publish","hentry"],"_links":{"self":[{"href":"https:\/\/www.blekingesf.se\/bokhandel\/wp-json\/wp\/v2\/pages\/73"}],"collection":[{"href":"https:\/\/www.blekingesf.se\/bokhandel\/wp-json\/wp\/v2\/pages"}],"about":[{"href":"https:\/\/www.blekingesf.se\/bokhandel\/wp-json\/wp\/v2\/types\/page"}],"author":[{"embeddable":true,"href":"https:\/\/www.blekingesf.se\/bokhandel\/wp-json\/wp\/v2\/users\/1"}],"replies":[{"embeddable":true,"href":"https:\/\/www.blekingesf.se\/bokhandel\/wp-json\/wp\/v2\/comments?post=73"}],"version-history":[{"count":20,"href":"https:\/\/www.blekingesf.se\/bokhandel\/wp-json\/wp\/v2\/pages\/73\/revisions"}],"predecessor-version":[{"id":2223,"href":"https:\/\/www.blekingesf.se\/bokhandel\/wp-json\/wp\/v2\/pages\/73\/revisions\/2223"}],"wp:attachment":[{"href":"https:\/\/www.blekingesf.se\/bokhandel\/wp-json\/wp\/v2\/media?parent=73"}],"curies":[{"name":"wp","href":"https:\/\/api.w.org\/{rel}","templated":true}]}}