{"id":1292,"date":"2019-09-20T09:31:39","date_gmt":"2019-09-20T09:31:39","guid":{"rendered":"http:\/\/www.blekingesf.se\/bokhandel\/?post_type=product&#038;p=1292"},"modified":"2026-03-11T19:49:57","modified_gmt":"2026-03-11T19:49:57","slug":"annu-mer-genialiskt","status":"publish","type":"product","link":"https:\/\/www.blekingesf.se\/bokhandel\/produkt\/annu-mer-genialiskt\/","title":{"rendered":"\u00c4nnu mer GENialiskt"},"content":{"rendered":"<h2>\u00c4nnu mer GENialiskt<\/h2>\n<div class=\"productdescrlong\">\n<p>\u00c4nnu mer GENialiskt \u00e4r den tredje boken i en serie med sp\u00e4nnande och fantastiska DNA-sl\u00e4ktforskarhistorier. Det \u00e4r en vacker bok d\u00e4r f\u00f6rfattaren Elisabet Juul skriver och illustrat\u00f6ren Anna Edin m\u00e5lar ber\u00e4ttelser fr\u00e5n verkligheten om hur DNA-test har l\u00f6st sl\u00e4ktforskarg\u00e5tor, gett nya g\u00e5tor, bekr\u00e4ftat och dementerat sl\u00e4ktskap, \u00f6verraskat, omtumlat och fascinerat.<\/p>\n<\/div>\n<p>&nbsp;<\/p>\n","protected":false},"excerpt":{"rendered":"<p>\u00c4nnu mer GENialiskt<br \/>\nISBN: 978-91-519-2357-4<br \/>\nF\u00f6rfattare: Elisabet Juul<br \/>\nF\u00f6rlag: Asynja Publishing<br \/>\nAntal sidor: 112<br \/>\nBindning: Limmad<\/p>\n","protected":false},"featured_media":1296,"template":"","meta":[],"product_cat":[47,52,231],"product_tag":[128],"class_list":{"0":"post-1292","1":"product","2":"type-product","3":"status-publish","4":"has-post-thumbnail","6":"product_cat-nyheter","7":"product_cat-bocker","8":"product_cat-dna","9":"product_tag-dna","11":"first","12":"instock","13":"shipping-taxable","14":"purchasable","15":"product-type-simple"},"_links":{"self":[{"href":"https:\/\/www.blekingesf.se\/bokhandel\/wp-json\/wp\/v2\/product\/1292"}],"collection":[{"href":"https:\/\/www.blekingesf.se\/bokhandel\/wp-json\/wp\/v2\/product"}],"about":[{"href":"https:\/\/www.blekingesf.se\/bokhandel\/wp-json\/wp\/v2\/types\/product"}],"wp:featuredmedia":[{"embeddable":true,"href":"https:\/\/www.blekingesf.se\/bokhandel\/wp-json\/wp\/v2\/media\/1296"}],"wp:attachment":[{"href":"https:\/\/www.blekingesf.se\/bokhandel\/wp-json\/wp\/v2\/media?parent=1292"}],"wp:term":[{"taxonomy":"product_cat","embeddable":true,"href":"https:\/\/www.blekingesf.se\/bokhandel\/wp-json\/wp\/v2\/product_cat?post=1292"},{"taxonomy":"product_tag","embeddable":true,"href":"https:\/\/www.blekingesf.se\/bokhandel\/wp-json\/wp\/v2\/product_tag?post=1292"}],"curies":[{"name":"wp","href":"https:\/\/api.w.org\/{rel}","templated":true}]}}