{"id":1302,"date":"2019-09-22T18:08:45","date_gmt":"2019-09-22T18:08:45","guid":{"rendered":"http:\/\/www.blekingesf.se\/bokhandel\/?post_type=product&#038;p=1302"},"modified":"2025-09-17T19:27:32","modified_gmt":"2025-09-17T19:27:32","slug":"fran-dna-test-till-slakttrad","status":"publish","type":"product","link":"https:\/\/www.blekingesf.se\/bokhandel\/produkt\/fran-dna-test-till-slakttrad\/","title":{"rendered":"Fr\u00e5n dna-test till sl\u00e4kttr\u00e4d"},"content":{"rendered":"<p>Tolka ditt DNA-resultat<\/p>\n<p>Du har f\u00e5tt hem resultatet p\u00e5 ditt dna-test. Men nu d\u00e5? Det h\u00e4r \u00e4r boken f\u00f6r dig som testat dig i sl\u00e4ktforskningssyfte, men som inte vet hur du ska tolka resultatet. Dna-experten Peter Sj\u00f6lund l\u00e4r dig anv\u00e4nda ett av sl\u00e4ktforskningens mest kraftfulla verktyg.<\/p>\n<p>Med hj\u00e4lp av m\u00e5nga illustrationer och exempel f\u00e5r du l\u00e4ra dig f\u00f6rst\u00e5 och anv\u00e4nda informationen i ditt testresultat. Boken l\u00e4r ut en steg-f\u00f6r-steg-metod f\u00f6r att hitta och bevisa sl\u00e4ktskapet mellan dig och dina dna-matchningar. En metod som du direkt kan anv\u00e4nda p\u00e5 ditt eget resultat.<\/p>\n<p>Det h\u00e4r \u00e4r helt enkelt boken du inte kan vara utan, om du vill bygga vidare p\u00e5 ditt sl\u00e4kttr\u00e4d med hj\u00e4lp av dna.<\/p>\n<p>Boken v\u00e4nder sig fr\u00e4mst till dig som testat dig hos Family Tree DNA (testet Family Finder) eller MyHeritage, men kunskaperna \u00e4r v\u00e4rdefulla \u00e4ven n\u00e4r du testat dig p\u00e5 andra st\u00e4llen.<\/p>\n<p>F\u00f6rfattare: Peter Sj\u00f6lund<br \/>\nUpplaga: 1:a<br \/>\nPublicerings\u00e5r: 2019<br \/>\nISBN: 9789188341334<br \/>\nAntal sidor: 76<br \/>\nBindning: Limmad<\/p>\n","protected":false},"excerpt":{"rendered":"<p>Medlemspris 195 kr<\/p>\n","protected":false},"featured_media":1295,"template":"","meta":[],"product_cat":[242,231],"product_tag":[128,94,90],"class_list":{"0":"post-1302","1":"product","2":"type-product","3":"status-publish","4":"has-post-thumbnail","6":"product_cat-handbocker","7":"product_cat-dna","8":"product_tag-dna","9":"product_tag-genealogi","10":"product_tag-handbok","12":"first","13":"outofstock","14":"shipping-taxable","15":"purchasable","16":"product-type-simple"},"_links":{"self":[{"href":"https:\/\/www.blekingesf.se\/bokhandel\/wp-json\/wp\/v2\/product\/1302"}],"collection":[{"href":"https:\/\/www.blekingesf.se\/bokhandel\/wp-json\/wp\/v2\/product"}],"about":[{"href":"https:\/\/www.blekingesf.se\/bokhandel\/wp-json\/wp\/v2\/types\/product"}],"wp:featuredmedia":[{"embeddable":true,"href":"https:\/\/www.blekingesf.se\/bokhandel\/wp-json\/wp\/v2\/media\/1295"}],"wp:attachment":[{"href":"https:\/\/www.blekingesf.se\/bokhandel\/wp-json\/wp\/v2\/media?parent=1302"}],"wp:term":[{"taxonomy":"product_cat","embeddable":true,"href":"https:\/\/www.blekingesf.se\/bokhandel\/wp-json\/wp\/v2\/product_cat?post=1302"},{"taxonomy":"product_tag","embeddable":true,"href":"https:\/\/www.blekingesf.se\/bokhandel\/wp-json\/wp\/v2\/product_tag?post=1302"}],"curies":[{"name":"wp","href":"https:\/\/api.w.org\/{rel}","templated":true}]}}