{"id":1391,"date":"2020-01-22T18:40:59","date_gmt":"2020-01-22T18:40:59","guid":{"rendered":"http:\/\/www.blekingesf.se\/bokhandel\/?post_type=product&#038;p=1391"},"modified":"2026-04-23T07:20:57","modified_gmt":"2026-04-23T07:20:57","slug":"en-karlskronagrabb-under-forra-seklet","status":"publish","type":"product","link":"https:\/\/www.blekingesf.se\/bokhandel\/produkt\/en-karlskronagrabb-under-forra-seklet\/","title":{"rendered":"En Karlskronagrabb under f\u00f6rra seklet"},"content":{"rendered":"<p>En Karlskronagrabb under f\u00f6rra seklet \u00e4r en bok om och av Alvar Glendor, nedskriven av hans son Ulf Glendor. I boken f\u00e5r vi f\u00f6lja Alvar fr\u00e5n hans f\u00f6delse 1912 i Karlskrona till hans studentexamen 1932. Vi f\u00e5r l\u00e4ra k\u00e4nna hans familj och hans mor- och farf\u00f6r\u00e4ldrar. F\u00f6rutom den personliga ber\u00e4ttelsen f\u00e5r vi en m\u00e5lande bild om Karlskrona och Blekinge under den h\u00e4r perioden. Dessutom kompletteras detta med vad som h\u00e4nder runt omkring i v\u00e4rlden, med f\u00f6rsta v\u00e4rldskriget som den stora h\u00e4ndelsen. Detta \u00e4r en mycket intressant och l\u00e4sv\u00e4rd ber\u00e4ttelse om Karlskronagrabbens plats i b\u00e5de familjens och samh\u00e4llets plats.<\/p>\n<p>Boken handlar om en pojke som pr\u00e4glas av sm\u00e5l\u00e4ndska och blekingska b\u00f6nder och om hans uppv\u00e4xt i det sm\u00e5borgerliga Karlskrona bland sj\u00f6m\u00e4n och hantverkare. \u00c4ven om det \u00e4r sonen Ulf som slutf\u00f6rt boken, s\u00e5 \u00e4r det pappa Alvars ord genom hela ber\u00e4ttelsen, d\u00e5 hans anteckningar och begynnande manus, som aldrig blev f\u00e4rdiga, \u00e4r grunden till den f\u00e4rdiga produkten.<\/p>\n<p>Boken f\u00f6ljs upp av en andra del ,som handlar om Alvars flygarliv i Tornedalen och finska Lappland under andra v\u00e4rldskriget.<\/p>\n<p>En bok jag rekommenderar till de som har intresse f\u00f6r Karlskrona, men ocks\u00e5 andra som vill f\u00e5 en inblick i hur det var att v\u00e4xa upp under 10- och 20-talet. Andra delen \u00e4r mer givande f\u00f6r de som har ett flyghistoriskt intresse.<\/p>\n<p>L\u00e4st av Rune Kronkvist<\/p>\n","protected":false},"excerpt":{"rendered":"<p>Av Alvar Glendor<\/p>\n<p>&nbsp;<\/p>\n","protected":false},"featured_media":1392,"template":"","meta":[],"product_cat":[47,52,84],"product_tag":[59],"class_list":{"0":"post-1391","1":"product","2":"type-product","3":"status-publish","4":"has-post-thumbnail","6":"product_cat-nyheter","7":"product_cat-bocker","8":"product_cat-ostra-harad","9":"product_tag-karlskrona","11":"first","12":"instock","13":"shipping-taxable","14":"purchasable","15":"product-type-simple"},"_links":{"self":[{"href":"https:\/\/www.blekingesf.se\/bokhandel\/wp-json\/wp\/v2\/product\/1391"}],"collection":[{"href":"https:\/\/www.blekingesf.se\/bokhandel\/wp-json\/wp\/v2\/product"}],"about":[{"href":"https:\/\/www.blekingesf.se\/bokhandel\/wp-json\/wp\/v2\/types\/product"}],"wp:featuredmedia":[{"embeddable":true,"href":"https:\/\/www.blekingesf.se\/bokhandel\/wp-json\/wp\/v2\/media\/1392"}],"wp:attachment":[{"href":"https:\/\/www.blekingesf.se\/bokhandel\/wp-json\/wp\/v2\/media?parent=1391"}],"wp:term":[{"taxonomy":"product_cat","embeddable":true,"href":"https:\/\/www.blekingesf.se\/bokhandel\/wp-json\/wp\/v2\/product_cat?post=1391"},{"taxonomy":"product_tag","embeddable":true,"href":"https:\/\/www.blekingesf.se\/bokhandel\/wp-json\/wp\/v2\/product_tag?post=1391"}],"curies":[{"name":"wp","href":"https:\/\/api.w.org\/{rel}","templated":true}]}}