{"id":2016,"date":"2022-12-06T22:29:52","date_gmt":"2022-12-06T22:29:52","guid":{"rendered":"https:\/\/www.blekingesf.se\/bokhandel\/?post_type=product&#038;p=2016"},"modified":"2023-11-28T11:59:57","modified_gmt":"2023-11-28T11:59:57","slug":"fran-blekinge-till-marstrand","status":"publish","type":"product","link":"https:\/\/www.blekingesf.se\/bokhandel\/produkt\/fran-blekinge-till-marstrand\/","title":{"rendered":"Fr\u00e5n Blekinge till Marstrand"},"content":{"rendered":"<p>En bok om b\u00e5tsm\u00e4n och stenhuggare i Blekinge och sj\u00f6m\u00e4n fr\u00e5n Marstrand bland annat.<\/p>\n","protected":false},"excerpt":{"rendered":"<p>En bok om b\u00e5tsm\u00e4n och stenhuggare i Blekinge och sj\u00f6m\u00e4n fr\u00e5n Marstrand bland annat.<\/p>\n","protected":false},"featured_media":2018,"template":"","meta":[],"product_cat":[47,52,84],"product_tag":[],"class_list":{"0":"post-2016","1":"product","2":"type-product","3":"status-publish","4":"has-post-thumbnail","6":"product_cat-nyheter","7":"product_cat-bocker","8":"product_cat-ostra-harad","10":"first","11":"instock","12":"shipping-taxable","13":"purchasable","14":"product-type-simple"},"_links":{"self":[{"href":"https:\/\/www.blekingesf.se\/bokhandel\/wp-json\/wp\/v2\/product\/2016"}],"collection":[{"href":"https:\/\/www.blekingesf.se\/bokhandel\/wp-json\/wp\/v2\/product"}],"about":[{"href":"https:\/\/www.blekingesf.se\/bokhandel\/wp-json\/wp\/v2\/types\/product"}],"wp:featuredmedia":[{"embeddable":true,"href":"https:\/\/www.blekingesf.se\/bokhandel\/wp-json\/wp\/v2\/media\/2018"}],"wp:attachment":[{"href":"https:\/\/www.blekingesf.se\/bokhandel\/wp-json\/wp\/v2\/media?parent=2016"}],"wp:term":[{"taxonomy":"product_cat","embeddable":true,"href":"https:\/\/www.blekingesf.se\/bokhandel\/wp-json\/wp\/v2\/product_cat?post=2016"},{"taxonomy":"product_tag","embeddable":true,"href":"https:\/\/www.blekingesf.se\/bokhandel\/wp-json\/wp\/v2\/product_tag?post=2016"}],"curies":[{"name":"wp","href":"https:\/\/api.w.org\/{rel}","templated":true}]}}