{"id":2019,"date":"2022-12-06T22:35:30","date_gmt":"2022-12-06T22:35:30","guid":{"rendered":"https:\/\/www.blekingesf.se\/bokhandel\/?post_type=product&#038;p=2019"},"modified":"2025-09-06T09:55:47","modified_gmt":"2025-09-06T09:55:47","slug":"i-oskar-olofssons-fotspar","status":"publish","type":"product","link":"https:\/\/www.blekingesf.se\/bokhandel\/produkt\/i-oskar-olofssons-fotspar\/","title":{"rendered":"I Oskar Olofssons fotsp\u00e5r"},"content":{"rendered":"<p>En torpinventering i nord\u00f6stra delarna av J\u00e4mj\u00f6 socken<\/p>\n","protected":false},"excerpt":{"rendered":"<p>En torpinventering i nord\u00f6stra delarna av J\u00e4mj\u00f6 socken<\/p>\n","protected":false},"featured_media":2017,"template":"","meta":[],"product_cat":[47,52,84],"product_tag":[],"class_list":{"0":"post-2019","1":"product","2":"type-product","3":"status-publish","4":"has-post-thumbnail","6":"product_cat-nyheter","7":"product_cat-bocker","8":"product_cat-ostra-harad","10":"first","11":"outofstock","12":"shipping-taxable","13":"purchasable","14":"product-type-simple"},"_links":{"self":[{"href":"https:\/\/www.blekingesf.se\/bokhandel\/wp-json\/wp\/v2\/product\/2019"}],"collection":[{"href":"https:\/\/www.blekingesf.se\/bokhandel\/wp-json\/wp\/v2\/product"}],"about":[{"href":"https:\/\/www.blekingesf.se\/bokhandel\/wp-json\/wp\/v2\/types\/product"}],"wp:featuredmedia":[{"embeddable":true,"href":"https:\/\/www.blekingesf.se\/bokhandel\/wp-json\/wp\/v2\/media\/2017"}],"wp:attachment":[{"href":"https:\/\/www.blekingesf.se\/bokhandel\/wp-json\/wp\/v2\/media?parent=2019"}],"wp:term":[{"taxonomy":"product_cat","embeddable":true,"href":"https:\/\/www.blekingesf.se\/bokhandel\/wp-json\/wp\/v2\/product_cat?post=2019"},{"taxonomy":"product_tag","embeddable":true,"href":"https:\/\/www.blekingesf.se\/bokhandel\/wp-json\/wp\/v2\/product_tag?post=2019"}],"curies":[{"name":"wp","href":"https:\/\/api.w.org\/{rel}","templated":true}]}}