{"id":2099,"date":"2023-08-25T11:15:49","date_gmt":"2023-08-25T11:15:49","guid":{"rendered":"https:\/\/www.blekingesf.se\/bokhandel\/?post_type=product&#038;p=2099"},"modified":"2025-09-06T09:55:47","modified_gmt":"2025-09-06T09:55:47","slug":"riddare-bjorn-svendsen-bjorn-af-avarume-och-rosendal-delaktig-i-grundandet-av-lycka","status":"publish","type":"product","link":"https:\/\/www.blekingesf.se\/bokhandel\/produkt\/riddare-bjorn-svendsen-bjorn-af-avarume-och-rosendal-delaktig-i-grundandet-av-lycka\/","title":{"rendered":"Riddare  Bj\u00f6rn Svendsen Bj\u00f6rn af Avarume och Rosendal delaktig i grundandet av Lyck\u00e5?"},"content":{"rendered":"<p>Vi har nu f\u00e5tt in Katarina Olssons bok \u201dRiddare Bj\u00f6rn Svendsen, Bj\u00f6rn af Avarume och Rosendal. Delaktig i grundandet av Lyck\u00e5?\u201d \u00c4r du intresserad av att g\u00e5 l\u00e4ngre bak i historien, till 1300\u00adtalet, och \u00f6stra Blekinge s\u00e5 \u00e4r detta en mycket intressant bok att ta del av. Det \u00e4r ocks\u00e5 fascinerande att l\u00e4sa om riddare Bj\u00f6rn Svendsen och hans sl\u00e4kt. Jag rekommenderar boken till dig som f\u00f6rdjupar dig i Blekinges historia, men ocks\u00e5 dig som \u00e4r allm\u00e4nt intresserad av medeltiden.<\/p>\n","protected":false},"excerpt":{"rendered":"<p>Vi har nu f\u00e5tt in Katarina Olssons bok \u201dRiddare Bj\u00f6rn Svendsen, Bj\u00f6rn af Avarume och Rosendal. Delaktig i grundandet av Lyck\u00e5?\u201d \u00c4r du intresserad av att g\u00e5 l\u00e4ngre bak i historien, till 1300\u00adtalet, och \u00f6stra Blekinge s\u00e5 \u00e4r detta en mycket intressant bok att ta del av. Det \u00e4r ocks\u00e5 fascinerande att l\u00e4sa om riddare [&hellip;]<\/p>\n","protected":false},"featured_media":2100,"template":"","meta":[],"product_cat":[47,52],"product_tag":[],"class_list":{"0":"post-2099","1":"product","2":"type-product","3":"status-publish","4":"has-post-thumbnail","6":"product_cat-nyheter","7":"product_cat-bocker","9":"first","10":"instock","11":"shipping-taxable","12":"purchasable","13":"product-type-simple"},"_links":{"self":[{"href":"https:\/\/www.blekingesf.se\/bokhandel\/wp-json\/wp\/v2\/product\/2099"}],"collection":[{"href":"https:\/\/www.blekingesf.se\/bokhandel\/wp-json\/wp\/v2\/product"}],"about":[{"href":"https:\/\/www.blekingesf.se\/bokhandel\/wp-json\/wp\/v2\/types\/product"}],"wp:featuredmedia":[{"embeddable":true,"href":"https:\/\/www.blekingesf.se\/bokhandel\/wp-json\/wp\/v2\/media\/2100"}],"wp:attachment":[{"href":"https:\/\/www.blekingesf.se\/bokhandel\/wp-json\/wp\/v2\/media?parent=2099"}],"wp:term":[{"taxonomy":"product_cat","embeddable":true,"href":"https:\/\/www.blekingesf.se\/bokhandel\/wp-json\/wp\/v2\/product_cat?post=2099"},{"taxonomy":"product_tag","embeddable":true,"href":"https:\/\/www.blekingesf.se\/bokhandel\/wp-json\/wp\/v2\/product_tag?post=2099"}],"curies":[{"name":"wp","href":"https:\/\/api.w.org\/{rel}","templated":true}]}}