{"id":2188,"date":"2024-05-25T20:34:11","date_gmt":"2024-05-25T20:34:11","guid":{"rendered":"https:\/\/www.blekingesf.se\/bokhandel\/?post_type=product&#038;p=2188"},"modified":"2026-05-05T09:20:02","modified_gmt":"2026-05-05T09:20:02","slug":"bonder-torpare-och-annat-folk-i-rodeby-socken-1760-1840","status":"publish","type":"product","link":"https:\/\/www.blekingesf.se\/bokhandel\/produkt\/bonder-torpare-och-annat-folk-i-rodeby-socken-1760-1840\/","title":{"rendered":"B\u00f6nder, torpare och annat folk i R\u00f6deby socken 1760-1840"},"content":{"rendered":"<h3>B\u00f6nder, torpare och annat folk i R\u00f6deby socken 1760-1840<\/h3>\n<p>Bj\u00f6rn-\u00c5ke Petersson, Kallinge, har sammanst\u00e4llt material inneh\u00e5llande alla k\u00f6pebrev f\u00f6r hemman och g\u00e5rdar i R\u00f6deby socken samt torpkontrakt och andra inteckningar f\u00f6r 1760-1840. Vidare f\u00f6rteckningar p\u00e5 f\u00f6dde 1801-1809, vigde 1801-1840 och d\u00f6de \u00f6ver 15 \u00e5r 1801-1850 f\u00f6r R\u00f6deby socken.<\/p>\n<p>&nbsp;<\/p>\n","protected":false},"excerpt":{"rendered":"<p>Av Bj\u00f6rn-\u00c5ke Petersson (cd 2004 &#8211; nyproduktion 2011)<\/p>\n","protected":false},"featured_media":327,"template":"","meta":[],"product_cat":[324,53,84],"product_tag":[],"class_list":{"0":"post-2188","1":"product","2":"type-product","3":"status-publish","4":"has-post-thumbnail","6":"product_cat-ater-i-lager","7":"product_cat-cddvd","8":"product_cat-ostra-harad","10":"first","11":"onbackorder","12":"shipping-taxable","13":"purchasable","14":"product-type-simple"},"_links":{"self":[{"href":"https:\/\/www.blekingesf.se\/bokhandel\/wp-json\/wp\/v2\/product\/2188"}],"collection":[{"href":"https:\/\/www.blekingesf.se\/bokhandel\/wp-json\/wp\/v2\/product"}],"about":[{"href":"https:\/\/www.blekingesf.se\/bokhandel\/wp-json\/wp\/v2\/types\/product"}],"wp:featuredmedia":[{"embeddable":true,"href":"https:\/\/www.blekingesf.se\/bokhandel\/wp-json\/wp\/v2\/media\/327"}],"wp:attachment":[{"href":"https:\/\/www.blekingesf.se\/bokhandel\/wp-json\/wp\/v2\/media?parent=2188"}],"wp:term":[{"taxonomy":"product_cat","embeddable":true,"href":"https:\/\/www.blekingesf.se\/bokhandel\/wp-json\/wp\/v2\/product_cat?post=2188"},{"taxonomy":"product_tag","embeddable":true,"href":"https:\/\/www.blekingesf.se\/bokhandel\/wp-json\/wp\/v2\/product_tag?post=2188"}],"curies":[{"name":"wp","href":"https:\/\/api.w.org\/{rel}","templated":true}]}}