{"id":2196,"date":"2024-05-25T21:07:01","date_gmt":"2024-05-25T21:07:01","guid":{"rendered":"https:\/\/www.blekingesf.se\/bokhandel\/?post_type=product&#038;p=2196"},"modified":"2025-03-27T09:43:16","modified_gmt":"2025-03-27T09:43:16","slug":"sigrid-augusta-anna-och-de-andra-modiga-blekingskor-kring-1900","status":"publish","type":"product","link":"https:\/\/www.blekingesf.se\/bokhandel\/produkt\/sigrid-augusta-anna-och-de-andra-modiga-blekingskor-kring-1900\/","title":{"rendered":"Sigrid, Augusta, Anna och de andra, Modiga blekingskor kring 1900."},"content":{"rendered":"<h2>Sigrid, Augusta, Anna och de andra, Modiga blekingskor kring 1900.<\/h2>\n<div class=\"productdescrlong\">\n<p>Sigrid, Augusta och Anna \u00e4r huvudpersonerna i boken och alla kommer fr\u00e5n Blekinge. Starka kvinnor som driver politiska fr\u00e5gor under tv\u00e5 sekler. F\u00f6rfattaren inleder med en historik av egen livslinje och g\u00e5r tillbaka till sin farmor och mormor tid p\u00e5 artonhundratalet. Kvinnan st\u00e4llning b\u00f6rjade f\u00f6r\u00e4ndras och m\u00e5nga f\u00f6reningar b\u00e5de f\u00f6r m\u00e4n och kvinnor bildades. Tre tongivande kvinnor \u00e4r Sigrid Kruse som levde mellan 1867-1950, Augusta Tonning mellan \u00e5ren 1857-1932 och Anna Bergengren \u00e5ren 1869-1948 alla med anknytning fr\u00e5n Blekinge. De k\u00e4mpade h\u00e5rt f\u00f6r kvinnans allm\u00e4nna r\u00f6str\u00e4tt och var aktiva och engagerade p\u00e5 heltid.<\/p>\n<\/div>\n","protected":false},"excerpt":{"rendered":"<p>Av Katarina Olsson<\/p>\n<p><strong>Ny upplaga!<\/strong><\/p>\n<p>&nbsp;<\/p>\n<p>&nbsp;<\/p>\n","protected":false},"featured_media":741,"template":"","meta":[],"product_cat":[324,52],"product_tag":[266,171,109,264],"class_list":{"0":"post-2196","1":"product","2":"type-product","3":"status-publish","4":"has-post-thumbnail","6":"product_cat-ater-i-lager","7":"product_cat-bocker","8":"product_tag-blekinge","9":"product_tag-faktabok","10":"product_tag-historia","11":"product_tag-kvinnor","13":"first","14":"outofstock","15":"shipping-taxable","16":"purchasable","17":"product-type-simple"},"_links":{"self":[{"href":"https:\/\/www.blekingesf.se\/bokhandel\/wp-json\/wp\/v2\/product\/2196"}],"collection":[{"href":"https:\/\/www.blekingesf.se\/bokhandel\/wp-json\/wp\/v2\/product"}],"about":[{"href":"https:\/\/www.blekingesf.se\/bokhandel\/wp-json\/wp\/v2\/types\/product"}],"wp:featuredmedia":[{"embeddable":true,"href":"https:\/\/www.blekingesf.se\/bokhandel\/wp-json\/wp\/v2\/media\/741"}],"wp:attachment":[{"href":"https:\/\/www.blekingesf.se\/bokhandel\/wp-json\/wp\/v2\/media?parent=2196"}],"wp:term":[{"taxonomy":"product_cat","embeddable":true,"href":"https:\/\/www.blekingesf.se\/bokhandel\/wp-json\/wp\/v2\/product_cat?post=2196"},{"taxonomy":"product_tag","embeddable":true,"href":"https:\/\/www.blekingesf.se\/bokhandel\/wp-json\/wp\/v2\/product_tag?post=2196"}],"curies":[{"name":"wp","href":"https:\/\/api.w.org\/{rel}","templated":true}]}}