{"id":2238,"date":"2024-11-27T18:54:59","date_gmt":"2024-11-27T18:54:59","guid":{"rendered":"https:\/\/www.blekingesf.se\/bokhandel\/?post_type=product&#038;p=2238"},"modified":"2025-03-18T11:33:46","modified_gmt":"2025-03-18T11:33:46","slug":"folja-john-slaktforska-i-utvandrarnas-spar","status":"publish","type":"product","link":"https:\/\/www.blekingesf.se\/bokhandel\/produkt\/folja-john-slaktforska-i-utvandrarnas-spar\/","title":{"rendered":"F\u00f6lja John: Sl\u00e4ktforska i utvandrarnas sp\u00e5r"},"content":{"rendered":"<div class=\"productdescrlong\">\n<p>Uppt\u00e4ck din amerikanska sl\u00e4kthistoria med F\u00f6lja John: sl\u00e4ktforska i utvandrarnas sp\u00e5r.<\/p>\n<p>Att utforska din amerikanska sl\u00e4kthistoria kan k\u00e4nnas som att f\u00f6lja ledaren i en &#8220;F\u00f6lja John&#8221;-lek. Med den oumb\u00e4rliga handboken Emigrantforska p\u00e5 n\u00e4tet f\u00e5r du tillg\u00e5ng till ov\u00e4rderliga digitala k\u00e4llor och databaser som hj\u00e4lper dig att sp\u00e5ra din sl\u00e4kt i Amerika. Men du beh\u00f6ver ocks\u00e5 veta hur och i vilken ordning du ska anv\u00e4nda dessa resurser.<\/p>\n<p>F\u00f6lja John erbjuder inspiration och praktiska tips f\u00f6r att guida dig genom dina forsknings\u00e4ventyr. Genom sp\u00e4nnande ber\u00e4ttelser f\u00e5r du nya perspektiv och l\u00f6sningar p\u00e5 vanliga forskningsproblem, som att hantera ok\u00e4nda DNA-tr\u00e4ffar eller sp\u00e5ra emigranter fr\u00e5n deras avresa till deras nya hem i Amerika. Boken tar \u00e4ven upp centrala \u00e4mnen som namnbyten och hur de kan p\u00e5verka din forskning.<\/p>\n<p>Anna-Lena Hultman och Ted Rosvall ger svaren \u2013 du st\u00e4ller fr\u00e5gorna.<\/p>\n<p>&nbsp;<\/p>\n<\/div>\n","protected":false},"excerpt":{"rendered":"<p>Medlemspris: 225 kr<\/p>\n","protected":false},"featured_media":2239,"template":"","meta":[],"product_cat":[47,52,242,114],"product_tag":[67,90],"class_list":{"0":"post-2238","1":"product","2":"type-product","3":"status-publish","4":"has-post-thumbnail","6":"product_cat-nyheter","7":"product_cat-bocker","8":"product_cat-handbocker","9":"product_cat-emigration","10":"product_tag-emigrant","11":"product_tag-handbok","13":"first","14":"instock","15":"shipping-taxable","16":"purchasable","17":"product-type-simple"},"_links":{"self":[{"href":"https:\/\/www.blekingesf.se\/bokhandel\/wp-json\/wp\/v2\/product\/2238"}],"collection":[{"href":"https:\/\/www.blekingesf.se\/bokhandel\/wp-json\/wp\/v2\/product"}],"about":[{"href":"https:\/\/www.blekingesf.se\/bokhandel\/wp-json\/wp\/v2\/types\/product"}],"wp:featuredmedia":[{"embeddable":true,"href":"https:\/\/www.blekingesf.se\/bokhandel\/wp-json\/wp\/v2\/media\/2239"}],"wp:attachment":[{"href":"https:\/\/www.blekingesf.se\/bokhandel\/wp-json\/wp\/v2\/media?parent=2238"}],"wp:term":[{"taxonomy":"product_cat","embeddable":true,"href":"https:\/\/www.blekingesf.se\/bokhandel\/wp-json\/wp\/v2\/product_cat?post=2238"},{"taxonomy":"product_tag","embeddable":true,"href":"https:\/\/www.blekingesf.se\/bokhandel\/wp-json\/wp\/v2\/product_tag?post=2238"}],"curies":[{"name":"wp","href":"https:\/\/api.w.org\/{rel}","templated":true}]}}