{"id":2241,"date":"2024-11-27T20:15:02","date_gmt":"2024-11-27T20:15:02","guid":{"rendered":"https:\/\/www.blekingesf.se\/bokhandel\/?post_type=product&#038;p=2241"},"modified":"2026-04-21T21:52:53","modified_gmt":"2026-04-21T21:52:53","slug":"byarna-over-sjoarna-del-1-nebbeboda-harasjomala-nyteboda","status":"publish","type":"product","link":"https:\/\/www.blekingesf.se\/bokhandel\/produkt\/byarna-over-sjoarna-del-1-nebbeboda-harasjomala-nyteboda\/","title":{"rendered":"Byarna \u00f6ver sj\u00f6arna. Del 1. Nebbeboda, Harasj\u00f6m\u00e5la, Nyteboda"},"content":{"rendered":"<p>av Ylva Silverbern<\/p>\n<p>220 sidor, inbunden, rikt illustrerad<\/p>\n<p>Sten, vatten, skog och himmel \u2013 s\u00e5 ser landskapet ut i Byarna \u00f6ver sj\u00f6arna. Ett paradis i dag, men hur var det f\u00f6r dem som levde d\u00e4r f\u00f6r l\u00e4nge sedan? F\u00f6r torparna, f\u00f6r barnen, f\u00f6r b\u00f6nderna, f\u00f6r de fattigaste av fattiga? F\u00f6lj med och tr\u00e4ffa dem, titta in i deras verklighet, i st\u00e5tliga g\u00e5rdar och enkla torp, p\u00e5 de magraste \u00e5krar och l\u00e4ngs ringlande steng\u00e4rden och smygande stigar.<\/p>\n","protected":false},"excerpt":{"rendered":"<p>av Ylva Silverbern 220 sidor, inbunden, rikt illustrerad Sten, vatten, skog och himmel \u2013 s\u00e5 ser landskapet ut i Byarna \u00f6ver sj\u00f6arna. Ett paradis i dag, men hur var det f\u00f6r dem som levde d\u00e4r f\u00f6r l\u00e4nge sedan? F\u00f6r torparna, f\u00f6r barnen, f\u00f6r b\u00f6nderna, f\u00f6r de fattigaste av fattiga? F\u00f6lj med och tr\u00e4ffa dem, titta [&hellip;]<\/p>\n","protected":false},"featured_media":2242,"template":"","meta":[],"product_cat":[47,52,83],"product_tag":[293,103,44],"class_list":{"0":"post-2241","1":"product","2":"type-product","3":"status-publish","4":"has-post-thumbnail","6":"product_cat-nyheter","7":"product_cat-bocker","8":"product_cat-listers-harad","9":"product_tag-bok","10":"product_tag-hembygd","11":"product_tag-listers-harad","13":"first","14":"instock","15":"shipping-taxable","16":"purchasable","17":"product-type-simple"},"_links":{"self":[{"href":"https:\/\/www.blekingesf.se\/bokhandel\/wp-json\/wp\/v2\/product\/2241"}],"collection":[{"href":"https:\/\/www.blekingesf.se\/bokhandel\/wp-json\/wp\/v2\/product"}],"about":[{"href":"https:\/\/www.blekingesf.se\/bokhandel\/wp-json\/wp\/v2\/types\/product"}],"wp:featuredmedia":[{"embeddable":true,"href":"https:\/\/www.blekingesf.se\/bokhandel\/wp-json\/wp\/v2\/media\/2242"}],"wp:attachment":[{"href":"https:\/\/www.blekingesf.se\/bokhandel\/wp-json\/wp\/v2\/media?parent=2241"}],"wp:term":[{"taxonomy":"product_cat","embeddable":true,"href":"https:\/\/www.blekingesf.se\/bokhandel\/wp-json\/wp\/v2\/product_cat?post=2241"},{"taxonomy":"product_tag","embeddable":true,"href":"https:\/\/www.blekingesf.se\/bokhandel\/wp-json\/wp\/v2\/product_tag?post=2241"}],"curies":[{"name":"wp","href":"https:\/\/api.w.org\/{rel}","templated":true}]}}