{"id":2251,"date":"2024-12-11T17:38:39","date_gmt":"2024-12-11T17:38:39","guid":{"rendered":"https:\/\/www.blekingesf.se\/bokhandel\/?post_type=product&#038;p=2251"},"modified":"2026-03-11T19:55:51","modified_gmt":"2026-03-11T19:55:51","slug":"karlshamnsbilder-fran-datid-till-nutid-3","status":"publish","type":"product","link":"https:\/\/www.blekingesf.se\/bokhandel\/produkt\/karlshamnsbilder-fran-datid-till-nutid-3\/","title":{"rendered":"Karlshamnsbilder fr\u00e5n d\u00e5tid till nutid 3"},"content":{"rendered":"<p>av Karlshamns Fotoklubb<\/p>\n<p><strong>Hur s\u00e5g det ut f\u00f6r 50 eller 100 \u00e5r sedan i Karlshamn?<\/strong><br \/>\nKarlshamn Fotoklubbs nya utg\u00e5va av Karlshamnsbilder visar flera platser i staden med utg\u00e5ngspunkt fr\u00e5n en bild tagen f\u00f6r m\u00e5nga \u00e5r sedan och nu fotograferad ungef\u00e4r fr\u00e5n samma plats d\u00e4r fotografen stod d\u00e5. Exempelvis en bild tagen 1920-talet p\u00e5 Kyrkogatan v\u00e4sterut d\u00e4r man kan se kyrktornet och gamla stadshotellet j\u00e4mf\u00f6r med en bild tagen med samma vinkel 2019, n\u00e4stan 100 \u00e5r senare. Det finns ocks\u00e5 bild p\u00e5 gamla j\u00e4rnv\u00e4gsstationen p\u00e5 1950-talet och j\u00e4mf\u00f6rt med bild cirka 60 \u00e5r senare. Att botanisera i hur det s\u00e5g ut d\u00e5 och samtidigt kunna k\u00e4nna igen sig hur det \u00e4r idag \u00e4r en mycket intressant upplevelse. En bok som kan<br \/>\nrekommenderas om du \u00e4r intresserad av Karlshamn eller om du har ett fotointresse.<\/p>\n<p>Pris: 290 kr.<\/p>\n","protected":false},"excerpt":{"rendered":"<p>av Karlshamns Fotoklubb Hur s\u00e5g det ut f\u00f6r 50 eller 100 \u00e5r sedan i Karlshamn? Karlshamn Fotoklubbs nya utg\u00e5va av Karlshamnsbilder visar flera platser i staden med utg\u00e5ngspunkt fr\u00e5n en bild tagen f\u00f6r m\u00e5nga \u00e5r sedan och nu fotograferad ungef\u00e4r fr\u00e5n samma plats d\u00e4r fotografen stod d\u00e5. Exempelvis en bild tagen 1920-talet p\u00e5 Kyrkogatan v\u00e4sterut [&hellip;]<\/p>\n","protected":false},"featured_media":2250,"template":"","meta":[],"product_cat":[47,52,82],"product_tag":[293,288,123,86],"class_list":{"0":"post-2251","1":"product","2":"type-product","3":"status-publish","4":"has-post-thumbnail","6":"product_cat-nyheter","7":"product_cat-bocker","8":"product_cat-brakne-harad","9":"product_tag-bok","10":"product_tag-brakne-harad","11":"product_tag-fotograf","12":"product_tag-karlshamn","14":"first","15":"instock","16":"shipping-taxable","17":"purchasable","18":"product-type-simple"},"_links":{"self":[{"href":"https:\/\/www.blekingesf.se\/bokhandel\/wp-json\/wp\/v2\/product\/2251"}],"collection":[{"href":"https:\/\/www.blekingesf.se\/bokhandel\/wp-json\/wp\/v2\/product"}],"about":[{"href":"https:\/\/www.blekingesf.se\/bokhandel\/wp-json\/wp\/v2\/types\/product"}],"wp:featuredmedia":[{"embeddable":true,"href":"https:\/\/www.blekingesf.se\/bokhandel\/wp-json\/wp\/v2\/media\/2250"}],"wp:attachment":[{"href":"https:\/\/www.blekingesf.se\/bokhandel\/wp-json\/wp\/v2\/media?parent=2251"}],"wp:term":[{"taxonomy":"product_cat","embeddable":true,"href":"https:\/\/www.blekingesf.se\/bokhandel\/wp-json\/wp\/v2\/product_cat?post=2251"},{"taxonomy":"product_tag","embeddable":true,"href":"https:\/\/www.blekingesf.se\/bokhandel\/wp-json\/wp\/v2\/product_tag?post=2251"}],"curies":[{"name":"wp","href":"https:\/\/api.w.org\/{rel}","templated":true}]}}