{"id":2264,"date":"2025-02-09T18:08:49","date_gmt":"2025-02-09T18:08:49","guid":{"rendered":"https:\/\/www.blekingesf.se\/bokhandel\/?post_type=product&#038;p=2264"},"modified":"2026-03-11T19:45:10","modified_gmt":"2026-03-11T19:45:10","slug":"slaktforska-utanfor-norden","status":"publish","type":"product","link":"https:\/\/www.blekingesf.se\/bokhandel\/produkt\/slaktforska-utanfor-norden\/","title":{"rendered":"Sl\u00e4ktforska utanf\u00f6r Norden"},"content":{"rendered":"<h3><span style=\"color: #333333; font-size: 16px;\">Sverige har alltid haft invandring men aldrig tidigare har en s\u00e5 stor del av befolkningen haft r\u00f6tter utomlands. Den stora invandringen har skett under det senaste halvseklet. Men, den moderna invandringen till Sverige kom ig\u00e5ng redan p\u00e5 1860-talet, samtidigt som utvandringen fr\u00e5n Sverige tog fart.<\/span><\/h3>\n<div class=\"productdescrlong\">\n<p>Handbok nr 19 \u00e4r f\u00f6r den som letar efter anor som invandrat till Sverige under de senaste 160 \u00e5ren. Du f\u00e5r veta hur du f\u00f6rst s\u00f6ker efter uppgifter i svenska arkiv, sedan hur du g\u00e5r till v\u00e4ga f\u00f6r att ta reda p\u00e5 uppgifter om din sl\u00e4kt i det gamla hemlandet.<\/p>\n<p>Boken \u00e4r i f\u00f6rsta hand inriktad p\u00e5 att s\u00f6ka dina anor i olika webbplatser online.<\/p>\n<h2>Sl\u00e4ktforska utanf\u00f6r Norden inneh\u00e5ller uppgifter om sl\u00e4ktforskning i:<\/h2>\n<ul>\n<li>Argentina<\/li>\n<li>Belarus<\/li>\n<li>Bosnien Hercegovina<\/li>\n<li>Chile<\/li>\n<li>England<\/li>\n<li>Estland<\/li>\n<li>Frankrike<\/li>\n<li>Grekland<\/li>\n<li>Irak<\/li>\n<li>Italien<\/li>\n<li>Kroatien<\/li>\n<li>Lettland<\/li>\n<li>Litauen<\/li>\n<li>Montenegro<\/li>\n<li>Nederl\u00e4nderna<\/li>\n<li>Nordirland<\/li>\n<li>Nordmakedonien<\/li>\n<li>Ottomanska imperiet<\/li>\n<li>Polen<\/li>\n<li>Rum\u00e4nien<\/li>\n<li>Serbien<\/li>\n<li>Skottland<\/li>\n<li>Slovakien<\/li>\n<li>Slovenien<\/li>\n<li>Storbritannien<\/li>\n<li>Syrien<\/li>\n<li>Tjeckien<\/li>\n<li>Turkiet<\/li>\n<li>Tsarryska imperiet<\/li>\n<li>Tyskland<\/li>\n<li>Ungern<\/li>\n<li>Uruguay<\/li>\n<li>Wales<\/li>\n<li>\u00d6sterrike<\/li>\n<li>\u00d6sterrikiska kejsard\u00f6met<\/li>\n<\/ul>\n<p>Samt ett avsnitt om judar i Europa.<\/p>\n<p>&nbsp;<\/p>\n<p>&nbsp;<\/p>\n<\/div>\n","protected":false},"excerpt":{"rendered":"<p>Medlemspris: 265 kr<\/p>\n","protected":false},"featured_media":2263,"template":"","meta":[],"product_cat":[324,52,242,114],"product_tag":[90,226,327],"class_list":{"0":"post-2264","1":"product","2":"type-product","3":"status-publish","4":"has-post-thumbnail","6":"product_cat-ater-i-lager","7":"product_cat-bocker","8":"product_cat-handbocker","9":"product_cat-emigration","10":"product_tag-handbok","11":"product_tag-invandring","12":"product_tag-utvandring","14":"first","15":"instock","16":"shipping-taxable","17":"purchasable","18":"product-type-simple"},"_links":{"self":[{"href":"https:\/\/www.blekingesf.se\/bokhandel\/wp-json\/wp\/v2\/product\/2264"}],"collection":[{"href":"https:\/\/www.blekingesf.se\/bokhandel\/wp-json\/wp\/v2\/product"}],"about":[{"href":"https:\/\/www.blekingesf.se\/bokhandel\/wp-json\/wp\/v2\/types\/product"}],"wp:featuredmedia":[{"embeddable":true,"href":"https:\/\/www.blekingesf.se\/bokhandel\/wp-json\/wp\/v2\/media\/2263"}],"wp:attachment":[{"href":"https:\/\/www.blekingesf.se\/bokhandel\/wp-json\/wp\/v2\/media?parent=2264"}],"wp:term":[{"taxonomy":"product_cat","embeddable":true,"href":"https:\/\/www.blekingesf.se\/bokhandel\/wp-json\/wp\/v2\/product_cat?post=2264"},{"taxonomy":"product_tag","embeddable":true,"href":"https:\/\/www.blekingesf.se\/bokhandel\/wp-json\/wp\/v2\/product_tag?post=2264"}],"curies":[{"name":"wp","href":"https:\/\/api.w.org\/{rel}","templated":true}]}}