{"id":2267,"date":"2025-02-09T18:19:27","date_gmt":"2025-02-09T18:19:27","guid":{"rendered":"https:\/\/www.blekingesf.se\/bokhandel\/?post_type=product&#038;p=2267"},"modified":"2026-03-15T20:30:44","modified_gmt":"2026-03-15T20:30:44","slug":"blekingeboken-2024-vagar-i-tid-och-rum","status":"publish","type":"product","link":"https:\/\/www.blekingesf.se\/bokhandel\/produkt\/blekingeboken-2024-vagar-i-tid-och-rum\/","title":{"rendered":"Blekingeboken 2024 &#8211; V\u00e4gar i tid och rum"},"content":{"rendered":"<h3>V\u00e4gar i tid och rum<\/h3>\n<h5>arkeologi, minnen och landskap i \u00f6stra Blekinge<\/h5>\n<div class=\"productdescrlong\">\n<div class=\"xdj266r x11i5rnm xat24cr x1mh8g0r x1vvkbs x126k92a\">\n<div dir=\"auto\">V\u00e4gar i tid och rum \u2013 arkeologi, minnen och landskap i \u00f6stra Blekinge&#8221; ber\u00e4ttar om hur ett stort v\u00e4gprojekt, nya E22:an genom \u00f6stra Blekinge, f\u00f6r\u00e4ndrar b\u00e5de landskapet och v\u00e5r kunskap om det.<\/div>\n<\/div>\n<div class=\"x11i5rnm xat24cr x1mh8g0r x1vvkbs xtlvy1s x126k92a\">\n<div dir=\"auto\">I \u00e5rets Blekingebok kan du l\u00e4sa om sten\u00e5ldershyddor, medeltida kvarnar och b\u00e5tsmanstorp. Samt om sj\u00e4lva v\u00e4gens historia, hur s\u00e5g \u201dv\u00e4gen f\u00f6re v\u00e4gen\u201d ut och hur har v\u00e4gbygget p\u00e5verkat lokalsamh\u00e4llet?<\/div>\n<div dir=\"auto\">Ett stort v\u00e4gprojekt, som nya E22:an mellan L\u00f6sen och J\u00e4mj\u00f6 i \u00f6stra Blekinge, syftar naturligtvis till att underl\u00e4tta arbete och vardag f\u00f6r m\u00e4ngder av m\u00e4nniskor och f\u00f6retag. Den l\u00e5nga, bullriga och ibland besv\u00e4rliga processen som det inneb\u00e4r att bygga en ny Europav\u00e4g rymmer, f\u00f6rutom en f\u00f6rkortad restid mellan punkt A och B, \u00e4ven andra m\u00f6jligheter. H\u00e4r uppst\u00e5r genom arkeologiska unders\u00f6kningar gyllene tillf\u00e4llen till ny kunskap om v\u00e5rt f\u00f6rflutna. En chans att f\u00e5 nya perspektiv p\u00e5 hur v\u00e5rt landskap har f\u00f6r\u00e4ndrats genom \u00e5rtusenden. Och vi f\u00f6rst\u00e5r, inte minst genom artiklarna i boken, att en ny motorv\u00e4g bara utg\u00f6r den senaste f\u00f6r\u00e4ndringen i en l\u00e5ng rad av m\u00e4nskliga aktiviteter som i alla tider l\u00e4mnat sp\u00e5r utmed v\u00e4gens str\u00e4ckning.<\/div>\n<\/div>\n<div class=\"x11i5rnm xat24cr x1mh8g0r x1vvkbs xtlvy1s x126k92a\">\n<div dir=\"auto\"><\/div>\n<div dir=\"auto\">Blekingeboken \u00e4r Blekinge museums och Blekinge hembygdsf\u00f6rbunds \u00e5rsbok och har getts ut kontinuerligt sedan 1923.<\/div>\n<\/div>\n<\/div>\n","protected":false},"excerpt":{"rendered":"<p>V\u00e4gar i tid och rum arkeologi, minnen och landskap i \u00f6stra Blekinge V\u00e4gar i tid och rum \u2013 arkeologi, minnen och landskap i \u00f6stra Blekinge&#8221; ber\u00e4ttar om hur ett stort v\u00e4gprojekt, nya E22:an genom \u00f6stra Blekinge, f\u00f6r\u00e4ndrar b\u00e5de landskapet och v\u00e5r kunskap om det. I \u00e5rets Blekingebok kan du l\u00e4sa om sten\u00e5ldershyddor, medeltida kvarnar och [&hellip;]<\/p>\n","protected":false},"featured_media":2266,"template":"","meta":[],"product_cat":[47,52,84],"product_tag":[171,317],"class_list":{"0":"post-2267","1":"product","2":"type-product","3":"status-publish","4":"has-post-thumbnail","6":"product_cat-nyheter","7":"product_cat-bocker","8":"product_cat-ostra-harad","9":"product_tag-faktabok","10":"product_tag-ostra-harad","12":"first","13":"instock","14":"shipping-taxable","15":"purchasable","16":"product-type-simple"},"_links":{"self":[{"href":"https:\/\/www.blekingesf.se\/bokhandel\/wp-json\/wp\/v2\/product\/2267"}],"collection":[{"href":"https:\/\/www.blekingesf.se\/bokhandel\/wp-json\/wp\/v2\/product"}],"about":[{"href":"https:\/\/www.blekingesf.se\/bokhandel\/wp-json\/wp\/v2\/types\/product"}],"wp:featuredmedia":[{"embeddable":true,"href":"https:\/\/www.blekingesf.se\/bokhandel\/wp-json\/wp\/v2\/media\/2266"}],"wp:attachment":[{"href":"https:\/\/www.blekingesf.se\/bokhandel\/wp-json\/wp\/v2\/media?parent=2267"}],"wp:term":[{"taxonomy":"product_cat","embeddable":true,"href":"https:\/\/www.blekingesf.se\/bokhandel\/wp-json\/wp\/v2\/product_cat?post=2267"},{"taxonomy":"product_tag","embeddable":true,"href":"https:\/\/www.blekingesf.se\/bokhandel\/wp-json\/wp\/v2\/product_tag?post=2267"}],"curies":[{"name":"wp","href":"https:\/\/api.w.org\/{rel}","templated":true}]}}