{"id":2320,"date":"2025-11-26T17:40:14","date_gmt":"2025-11-26T17:40:14","guid":{"rendered":"https:\/\/www.blekingesf.se\/bokhandel\/?post_type=product&#038;p=2320"},"modified":"2026-04-19T15:07:36","modified_gmt":"2026-04-19T15:07:36","slug":"sveriges-dodbok-10-usb","status":"publish","type":"product","link":"https:\/\/www.blekingesf.se\/bokhandel\/produkt\/sveriges-dodbok-10-usb\/","title":{"rendered":"Sveriges d\u00f6dbok 10 &#8211; USB"},"content":{"rendered":"<p><strong><span style=\"color: #ff0000;\">NYHET!<\/span><\/strong><\/p>\n<p>Den tionde utg\u00e5van inneh\u00e5ller <em>namn<\/em>,\u00a0<em>f\u00f6delseort<\/em>,\u00a0<em>d\u00f6dsort<\/em>,\u00a0<em>adress<\/em>,\u00a0<em>civilst\u00e5nd<\/em>\u00a0samt\u00a0<em>datum f\u00f6r f\u00f6delse<\/em>,\u00a0<em>d\u00f6d<\/em>\u00a0och\u00a0<em>civilst\u00e5nds\u00e4ndring<\/em> f\u00f6r cirka\u00a017,8\u00a0miljoner d\u00f6da \u00e5ren 1800\u20132024.<\/p>\n<h4>SYSTEMKRAV<\/h4>\n<p>Sveriges d\u00f6dbok fungerar p\u00e5 PC med Windows 7 eller senare. <em>Databasen fungerar inte p\u00e5 Mac utan till\u00e4ggsprogram.<\/em><\/p>\n<p>&nbsp;<\/p>\n","protected":false},"excerpt":{"rendered":"<p>Medlemspris: 650 kr<\/p>\n","protected":false},"featured_media":2319,"template":"","meta":[],"product_cat":[323,47],"product_tag":[],"class_list":{"0":"post-2320","1":"product","2":"type-product","3":"status-publish","4":"has-post-thumbnail","6":"product_cat-usb","7":"product_cat-nyheter","9":"first","10":"instock","11":"shipping-taxable","12":"purchasable","13":"product-type-simple"},"_links":{"self":[{"href":"https:\/\/www.blekingesf.se\/bokhandel\/wp-json\/wp\/v2\/product\/2320"}],"collection":[{"href":"https:\/\/www.blekingesf.se\/bokhandel\/wp-json\/wp\/v2\/product"}],"about":[{"href":"https:\/\/www.blekingesf.se\/bokhandel\/wp-json\/wp\/v2\/types\/product"}],"wp:featuredmedia":[{"embeddable":true,"href":"https:\/\/www.blekingesf.se\/bokhandel\/wp-json\/wp\/v2\/media\/2319"}],"wp:attachment":[{"href":"https:\/\/www.blekingesf.se\/bokhandel\/wp-json\/wp\/v2\/media?parent=2320"}],"wp:term":[{"taxonomy":"product_cat","embeddable":true,"href":"https:\/\/www.blekingesf.se\/bokhandel\/wp-json\/wp\/v2\/product_cat?post=2320"},{"taxonomy":"product_tag","embeddable":true,"href":"https:\/\/www.blekingesf.se\/bokhandel\/wp-json\/wp\/v2\/product_tag?post=2320"}],"curies":[{"name":"wp","href":"https:\/\/api.w.org\/{rel}","templated":true}]}}