{"id":2358,"date":"2026-03-15T17:20:29","date_gmt":"2026-03-15T17:20:29","guid":{"rendered":"https:\/\/www.blekingesf.se\/bokhandel\/?post_type=product&#038;p=2358"},"modified":"2026-03-16T06:28:42","modified_gmt":"2026-03-16T06:28:42","slug":"rattshistoria-for-slaktforskare","status":"publish","type":"product","link":"https:\/\/www.blekingesf.se\/bokhandel\/produkt\/rattshistoria-for-slaktforskare\/","title":{"rendered":"R\u00e4ttshistoria f\u00f6r sl\u00e4ktforskare &#8211; skriftserie nr 3"},"content":{"rendered":"<div class=\"productdescrlong\">\n<p>I \u201cR\u00e4ttshistoria f\u00f6r sl\u00e4ktforskare\u201d g\u00f6rs en genomg\u00e5ng av lagbest\u00e4mmelserna genom tiderna, med fokus p\u00e5 det som \u00e4r av intresse f\u00f6r en sl\u00e4ktforskare.<\/p>\n<p>Juridiken blir l\u00e4tt f\u00f6rsummad inom sl\u00e4ktforskningen, f\u00f6r att i n\u00e5gon m\u00e5n t\u00e4cka denna kunskapslucka har detta h\u00e4fte sammanst\u00e4llts. Skriften inneh\u00e5ller bland annat 1734 \u00e5rs lag, kyrkor\u00e4tt, familjer\u00e4tt och handelsr\u00e4tt.<\/p>\n<p><a href=\"http:\/\/wiki.genealogi.se\/index.php?title=R%C3%A4ttsv%C3%A4sende_i_Sverige\" target=\"_blank\" rel=\"noopener\">L\u00e4s mer om r\u00e4ttsv\u00e4sendet i Sverige p\u00e5 Wiki-R\u00f6tter<\/a><\/p>\n<p>Boken \u00e4r Nr 3 i Sveriges sl\u00e4ktforskarf\u00f6rbund skriftserie.<\/p>\n<p><strong>ISBN<\/strong>\u00a0978-91-88341-12-9<\/p>\n<p><strong>F\u00f6rfattare<\/strong>\u00a0Barbro Nordl\u00f6f<\/p>\n<p><strong>F\u00f6rlag<\/strong>\u00a0Sveriges Sl\u00e4ktforskarf\u00f6rbund<\/p>\n<p><strong>Upplaga<\/strong>\u00a02\/2024<\/p>\n<p><strong>Antal sidor<\/strong>\u00a036<\/p>\n<p><strong>Bindning<\/strong>\u00a0H\u00e4fte<\/p>\n<\/div>\n","protected":false},"excerpt":{"rendered":"<p>Medlemspris: 109 kr<\/p>\n","protected":false},"featured_media":2349,"template":"","meta":[],"product_cat":[314,47,52,242],"product_tag":[329,90,328],"class_list":{"0":"post-2358","1":"product","2":"type-product","3":"status-publish","4":"has-post-thumbnail","6":"product_cat-skriftserie","7":"product_cat-nyheter","8":"product_cat-bocker","9":"product_cat-handbocker","10":"product_tag-brott-och-straff","11":"product_tag-handbok","12":"product_tag-skriftserie","14":"first","15":"instock","16":"shipping-taxable","17":"purchasable","18":"product-type-simple"},"_links":{"self":[{"href":"https:\/\/www.blekingesf.se\/bokhandel\/wp-json\/wp\/v2\/product\/2358"}],"collection":[{"href":"https:\/\/www.blekingesf.se\/bokhandel\/wp-json\/wp\/v2\/product"}],"about":[{"href":"https:\/\/www.blekingesf.se\/bokhandel\/wp-json\/wp\/v2\/types\/product"}],"wp:featuredmedia":[{"embeddable":true,"href":"https:\/\/www.blekingesf.se\/bokhandel\/wp-json\/wp\/v2\/media\/2349"}],"wp:attachment":[{"href":"https:\/\/www.blekingesf.se\/bokhandel\/wp-json\/wp\/v2\/media?parent=2358"}],"wp:term":[{"taxonomy":"product_cat","embeddable":true,"href":"https:\/\/www.blekingesf.se\/bokhandel\/wp-json\/wp\/v2\/product_cat?post=2358"},{"taxonomy":"product_tag","embeddable":true,"href":"https:\/\/www.blekingesf.se\/bokhandel\/wp-json\/wp\/v2\/product_tag?post=2358"}],"curies":[{"name":"wp","href":"https:\/\/api.w.org\/{rel}","templated":true}]}}