{"id":2362,"date":"2026-03-15T17:35:55","date_gmt":"2026-03-15T17:35:55","guid":{"rendered":"https:\/\/www.blekingesf.se\/bokhandel\/?post_type=product&#038;p=2362"},"modified":"2026-03-16T13:29:42","modified_gmt":"2026-03-16T13:29:42","slug":"slaktforskarens-lilla-faktabok-5","status":"publish","type":"product","link":"https:\/\/www.blekingesf.se\/bokhandel\/produkt\/slaktforskarens-lilla-faktabok-5\/","title":{"rendered":"Sl\u00e4ktforskarens lilla faktabok 5"},"content":{"rendered":"<h3>Sl\u00e4ktforskarens lilla faktabok 5<\/h3>\n<p>(2025)<\/p>\n<p>&nbsp;<\/p>\n<p>Vad fick man i bankr\u00e4nta p\u00e5 1800-talet? Vilka varor var ransonerade under andra v\u00e4rldskriget? Hur l\u00e4nge kunde man vara inl\u00e5st p\u00e5 vatten och br\u00f6d 1864? Vad fick man patent f\u00f6r 1831 och hur m\u00e5nga personer har blivit 110 \u00e5r?<\/p>\n<p><em>Sl\u00e4ktforskarens lilla faktabok 5<\/em>\u00a0inneh\u00e5ller precis som f\u00f6reg\u00e5ngarna\u00a0blandad statistik, fakta och annan information som \u00e4r till gl\u00e4dje for sl\u00e4ktforskaren. En bok f\u00f6r b\u00e5de nytta och n\u00f6je!<\/p>\n<p><strong>F\u00f6rlag<\/strong>\u00a0Sveriges Sl\u00e4ktforskarf\u00f6rbund<\/p>\n<p><strong>Upplaga<\/strong>\u00a02025<\/p>\n<p><strong>Antal sidor<\/strong>\u00a0144<\/p>\n<p><strong>Bindning<\/strong>\u00a0Limmad<\/p>\n","protected":false},"excerpt":{"rendered":"<p>Medlemspris: 69 kr<\/p>\n","protected":false},"featured_media":2356,"template":"","meta":[],"product_cat":[47,52],"product_tag":[171],"class_list":{"0":"post-2362","1":"product","2":"type-product","3":"status-publish","4":"has-post-thumbnail","6":"product_cat-nyheter","7":"product_cat-bocker","8":"product_tag-faktabok","10":"first","11":"instock","12":"shipping-taxable","13":"purchasable","14":"product-type-simple"},"_links":{"self":[{"href":"https:\/\/www.blekingesf.se\/bokhandel\/wp-json\/wp\/v2\/product\/2362"}],"collection":[{"href":"https:\/\/www.blekingesf.se\/bokhandel\/wp-json\/wp\/v2\/product"}],"about":[{"href":"https:\/\/www.blekingesf.se\/bokhandel\/wp-json\/wp\/v2\/types\/product"}],"wp:featuredmedia":[{"embeddable":true,"href":"https:\/\/www.blekingesf.se\/bokhandel\/wp-json\/wp\/v2\/media\/2356"}],"wp:attachment":[{"href":"https:\/\/www.blekingesf.se\/bokhandel\/wp-json\/wp\/v2\/media?parent=2362"}],"wp:term":[{"taxonomy":"product_cat","embeddable":true,"href":"https:\/\/www.blekingesf.se\/bokhandel\/wp-json\/wp\/v2\/product_cat?post=2362"},{"taxonomy":"product_tag","embeddable":true,"href":"https:\/\/www.blekingesf.se\/bokhandel\/wp-json\/wp\/v2\/product_tag?post=2362"}],"curies":[{"name":"wp","href":"https:\/\/api.w.org\/{rel}","templated":true}]}}