{"id":2364,"date":"2026-03-15T17:45:28","date_gmt":"2026-03-15T17:45:28","guid":{"rendered":"https:\/\/www.blekingesf.se\/bokhandel\/?post_type=product&#038;p=2364"},"modified":"2026-03-15T17:47:53","modified_gmt":"2026-03-15T17:47:53","slug":"slaktforska-i-finland","status":"publish","type":"product","link":"https:\/\/www.blekingesf.se\/bokhandel\/produkt\/slaktforska-i-finland\/","title":{"rendered":"Sl\u00e4ktforska i Finland"},"content":{"rendered":"<div class=\"productdescrlong\">\n<p>Ny uppdaterad upplaga 2025!<\/p>\n<p>Att sl\u00e4ktforska i Finland p\u00e5minner mycket om hur man sl\u00e4ktforskar i Sverige. Det \u00e4r inte s\u00e5 konstigt d\u00e5 Sverige och Finland var samma land fr\u00e5n 1200-talet fram till 1809. Men hur man f\u00e5r fram uppgifter ur arkiv och databaser skiljer sig faktiskt en del.<\/p>\n<p>I den h\u00e4r boken f\u00e5r du som s\u00f6ker sl\u00e4ktingar i Finland en grundl\u00e4ggande v\u00e4gledning i hur du hittar uppgifterna om din finska sl\u00e4kt. I ett kompletterande avsnitt om den finska historien fr\u00e5n urtid till nutid f\u00e5r du en \u00f6verblick som hj\u00e4per dig att s\u00e4tta sl\u00e4ktingarna i sitt historiska sammanhang.<\/p>\n<h3>Recensioner<\/h3>\n<p>&#8220;L\u00e4ttl\u00e4st, logisk, v\u00e4lillustrerad samt f\u00f6rsedd med bl.a. arkiv-, databas-, ord- och ortnamnslista.&#8221;<br \/>\n\u2013 Tor Flensmarck, BTJ-h\u00e4ftet nr 3, 2024.<\/p>\n<p><strong>F\u00f6rfattare<\/strong>\u00a0Peter Ragnvaldsson och Mikael Hoffsten<\/p>\n<p><strong>F\u00f6rlag<\/strong>\u00a0Sveriges Sl\u00e4ktforskarf\u00f6rbund<\/p>\n<p><strong>Upplaga<\/strong>\u00a02025<\/p>\n<p><strong>Antal sidor<\/strong>\u00a0152<\/p>\n<p><strong>Bindning<\/strong>\u00a0Inbunden<\/p>\n<p>&nbsp;<\/p>\n<p>&nbsp;<\/p>\n<\/div>\n","protected":false},"excerpt":{"rendered":"<p>Medlemspris: 239 kr<\/p>\n","protected":false},"featured_media":2357,"template":"","meta":[],"product_cat":[47,52,242],"product_tag":[165,90,330],"class_list":{"0":"post-2364","1":"product","2":"type-product","3":"status-publish","4":"has-post-thumbnail","6":"product_cat-nyheter","7":"product_cat-bocker","8":"product_cat-handbocker","9":"product_tag-finland","10":"product_tag-handbok","11":"product_tag-norden","13":"first","14":"instock","15":"shipping-taxable","16":"purchasable","17":"product-type-simple"},"_links":{"self":[{"href":"https:\/\/www.blekingesf.se\/bokhandel\/wp-json\/wp\/v2\/product\/2364"}],"collection":[{"href":"https:\/\/www.blekingesf.se\/bokhandel\/wp-json\/wp\/v2\/product"}],"about":[{"href":"https:\/\/www.blekingesf.se\/bokhandel\/wp-json\/wp\/v2\/types\/product"}],"wp:featuredmedia":[{"embeddable":true,"href":"https:\/\/www.blekingesf.se\/bokhandel\/wp-json\/wp\/v2\/media\/2357"}],"wp:attachment":[{"href":"https:\/\/www.blekingesf.se\/bokhandel\/wp-json\/wp\/v2\/media?parent=2364"}],"wp:term":[{"taxonomy":"product_cat","embeddable":true,"href":"https:\/\/www.blekingesf.se\/bokhandel\/wp-json\/wp\/v2\/product_cat?post=2364"},{"taxonomy":"product_tag","embeddable":true,"href":"https:\/\/www.blekingesf.se\/bokhandel\/wp-json\/wp\/v2\/product_tag?post=2364"}],"curies":[{"name":"wp","href":"https:\/\/api.w.org\/{rel}","templated":true}]}}