{"id":2366,"date":"2026-03-15T17:49:59","date_gmt":"2026-03-15T17:49:59","guid":{"rendered":"https:\/\/www.blekingesf.se\/bokhandel\/?post_type=product&#038;p=2366"},"modified":"2026-03-16T13:29:42","modified_gmt":"2026-03-16T13:29:42","slug":"forska-om-fastigheter","status":"publish","type":"product","link":"https:\/\/www.blekingesf.se\/bokhandel\/produkt\/forska-om-fastigheter\/","title":{"rendered":"Forska om fastigheter"},"content":{"rendered":"<p>Vad d\u00f6ljer sig i historien om din g\u00e5rd eller fastighet?<\/p>\n<p>Vill du veta mer om platsen d\u00e4r du bor \u2013 eller om din sl\u00e4ktg\u00e5rds historia?<\/p>\n<p>Den h\u00e4r boken \u00e4r en praktisk guide till fastighetsforskning. Du f\u00e5r hj\u00e4lp att hitta information i de vanligaste k\u00e4llorna, med s\u00e4rskilt fokus p\u00e5 digitalt tillg\u00e4ngliga arkiv som du kan n\u00e5 direkt. Dessutom f\u00e5r du tips om andra sp\u00e4nnande k\u00e4llor att utforska.<\/p>\n<p>F\u00f6rfattaren Eva Johansson \u00e4r erfaren sl\u00e4ktforskare och frilansjournalist.<\/p>\n<h4>Ur inneh\u00e5llet<\/h4>\n<ul>\n<li>Byar, g\u00e5rdar och torp<\/li>\n<li>\u00c4ga eller arrendera?<\/li>\n<li>\u00c4gohandlingar<\/li>\n<li>Brandf\u00f6rs\u00e4kringar<\/li>\n<li>Jordbruksunders\u00f6kningar<\/li>\n<li>Diverse k\u00e4llor<\/li>\n<li>Fastigheter i st\u00e4derna<\/li>\n<li>Begrepp<\/li>\n<li>Litteratur<\/li>\n<\/ul>\n<p>&#8220;En praktisk\u00a0och utm\u00e4rkt handledning vid fastighetsforskning&#8221;\u00a0\u2013 Tor Flensmarck, BTJ-h\u00e4ftet nr 21, 2025<br \/>\nBetyg: 5\/5<\/p>\n<p><strong>F\u00f6rfattare<\/strong>\u00a0Eva Johansson<\/p>\n<p><strong>F\u00f6rlag<\/strong>\u00a0Sveriges Sl\u00e4ktforskarf\u00f6rbund<\/p>\n<p><strong>Upplaga<\/strong>\u00a02025<\/p>\n<p><strong>Antal sidor<\/strong>\u00a088<\/p>\n<p><strong>Bindning<\/strong>\u00a0Limmad<\/p>\n","protected":false},"excerpt":{"rendered":"<p>Medlemspris: 219 kr<\/p>\n","protected":false},"featured_media":2367,"template":"","meta":[],"product_cat":[47,52,242],"product_tag":[331,90],"class_list":{"0":"post-2366","1":"product","2":"type-product","3":"status-publish","4":"has-post-thumbnail","6":"product_cat-nyheter","7":"product_cat-bocker","8":"product_cat-handbocker","9":"product_tag-fastighetsforskning","10":"product_tag-handbok","12":"first","13":"instock","14":"shipping-taxable","15":"purchasable","16":"product-type-simple"},"_links":{"self":[{"href":"https:\/\/www.blekingesf.se\/bokhandel\/wp-json\/wp\/v2\/product\/2366"}],"collection":[{"href":"https:\/\/www.blekingesf.se\/bokhandel\/wp-json\/wp\/v2\/product"}],"about":[{"href":"https:\/\/www.blekingesf.se\/bokhandel\/wp-json\/wp\/v2\/types\/product"}],"wp:featuredmedia":[{"embeddable":true,"href":"https:\/\/www.blekingesf.se\/bokhandel\/wp-json\/wp\/v2\/media\/2367"}],"wp:attachment":[{"href":"https:\/\/www.blekingesf.se\/bokhandel\/wp-json\/wp\/v2\/media?parent=2366"}],"wp:term":[{"taxonomy":"product_cat","embeddable":true,"href":"https:\/\/www.blekingesf.se\/bokhandel\/wp-json\/wp\/v2\/product_cat?post=2366"},{"taxonomy":"product_tag","embeddable":true,"href":"https:\/\/www.blekingesf.se\/bokhandel\/wp-json\/wp\/v2\/product_tag?post=2366"}],"curies":[{"name":"wp","href":"https:\/\/api.w.org\/{rel}","templated":true}]}}