{"id":2368,"date":"2026-03-15T17:53:48","date_gmt":"2026-03-15T17:53:48","guid":{"rendered":"https:\/\/www.blekingesf.se\/bokhandel\/?post_type=product&#038;p=2368"},"modified":"2026-03-16T06:28:42","modified_gmt":"2026-03-16T06:28:42","slug":"slaktforska-i-databaser","status":"publish","type":"product","link":"https:\/\/www.blekingesf.se\/bokhandel\/produkt\/slaktforska-i-databaser\/","title":{"rendered":"Sl\u00e4ktforska i databaser"},"content":{"rendered":"<h2>S\u00f6k smart hos ArkivDigital, Riksarkivet och Sveriges Sl\u00e4ktforskarf\u00f6rbund<\/h2>\n<p>Sl\u00e4ktforskning har genomg\u00e5tt en enorm utveckling. F\u00f6rr var sl\u00e4ktforskning en tidskr\u00e4vande och t\u00e5lamodspr\u00f6vande syssels\u00e4ttning som kr\u00e4vde bes\u00f6k p\u00e5 avl\u00e4gsna arkiv, best\u00e4llning av mikrofilmer och mikrofiche \u2013 och en vardag helt utan internet.<\/p>\n<p>Runt millennieskiftet tog digitaliseringen fart. Nya s\u00f6kbara databaser p\u00e5 cd-skivor introducerades av bland annat\u00a0<strong>Sveriges Sl\u00e4ktforskarf\u00f6rbund<\/strong>,\u00a0<strong>Riksarkivet<\/strong>\u00a0och\u00a0<strong>Stockholms stadsarkiv<\/strong>. N\u00e4r kyrkb\u00f6cker och andra historiska k\u00e4llor b\u00f6rjade skannas och g\u00f6ras tillg\u00e4ngliga online via exempelvis\u00a0<strong>ArkivDigital<\/strong>\u00a0och\u00a0<strong>Riksarkivet<\/strong>\u00a0f\u00f6r\u00e4ndrades sl\u00e4ktforskningen i grunden. Pl\u00f6tsligt blev det m\u00f6jligt att sl\u00e4ktforska hemifr\u00e5n \u2013 snabbt, enkelt och effektivt.<\/p>\n<p>Den h\u00e4r boken \u00e4r en praktisk guide f\u00f6r alla som vill sl\u00e4ktforska online och anv\u00e4nda de st\u00f6rsta svenska databaserna p\u00e5 b\u00e4sta s\u00e4tt. Du f\u00e5r:<\/p>\n<ul>\n<li>En genomg\u00e5ng av tj\u00e4nsterna hos ArkivDigital, Riksarkivet och Sveriges Sl\u00e4ktforskarf\u00f6rbund<\/li>\n<li>Bakgrunden till hur databaserna \u00e4r uppbyggda<\/li>\n<li>F\u00f6rklaringar av funktioner och verktyg<\/li>\n<li>Konkreta tips p\u00e5 hur du s\u00f6ker smartare i digitala k\u00e4llor och hittar r\u00e4tt information snabbare<\/li>\n<\/ul>\n<p>Boken passar b\u00e5de\u00a0<strong>nyb\u00f6rjare inom sl\u00e4ktforskning<\/strong>\u00a0och mer erfarna sl\u00e4ktforskare som vill bli \u00e4nnu b\u00e4ttre p\u00e5 att s\u00f6ka i digitala arkiv.<\/p>\n<p><em>Framtagen i samarbete mellan Sveriges Sl\u00e4ktforskarf\u00f6rbund och ArkivDigital.<\/em><\/p>\n<h3>Recensioner<\/h3>\n<p>&#8220;Boken f\u00f6rklarar pedagogiskt och med\u00a0bilder hur man kan anv\u00e4nda de olika databaserna och hur man s\u00f6ker p\u00e5 smartast s\u00e4tt, beroende p\u00e5 vilken<br \/>\nuppgift man \u00e4r ute efter.&#8221;\u00a0\u2013 Pia Holmstr\u00f6m, BTJ-h\u00e4ftet nr 3, 2026<br \/>\nBetyg: 4<\/p>\n<p><strong>F\u00f6rfattare<\/strong>\u00a0Niklas Hertzman, Jan Appelquist och Johan Gidl\u00f6f<\/p>\n<p><strong>F\u00f6rlag<\/strong>\u00a0ArkivDigital\/Sveriges Sl\u00e4ktforskarf\u00f6rbund<\/p>\n<p><strong>Upplaga<\/strong>\u00a02025<\/p>\n<p><strong>Antal sidor<\/strong>\u00a0224<\/p>\n<p><strong>Bindning<\/strong>\u00a0Limmad<\/p>\n","protected":false},"excerpt":{"rendered":"<p>Medlemspris: 275 kr<\/p>\n","protected":false},"featured_media":2352,"template":"","meta":[],"product_cat":[47,52,242],"product_tag":[322,90,127,332],"class_list":{"0":"post-2368","1":"product","2":"type-product","3":"status-publish","4":"has-post-thumbnail","6":"product_cat-nyheter","7":"product_cat-bocker","8":"product_cat-handbocker","9":"product_tag-arkivdigital","10":"product_tag-handbok","11":"product_tag-riksarkivet","12":"product_tag-sveriges-slaktforskarforbund","14":"first","15":"instock","16":"shipping-taxable","17":"purchasable","18":"product-type-simple"},"_links":{"self":[{"href":"https:\/\/www.blekingesf.se\/bokhandel\/wp-json\/wp\/v2\/product\/2368"}],"collection":[{"href":"https:\/\/www.blekingesf.se\/bokhandel\/wp-json\/wp\/v2\/product"}],"about":[{"href":"https:\/\/www.blekingesf.se\/bokhandel\/wp-json\/wp\/v2\/types\/product"}],"wp:featuredmedia":[{"embeddable":true,"href":"https:\/\/www.blekingesf.se\/bokhandel\/wp-json\/wp\/v2\/media\/2352"}],"wp:attachment":[{"href":"https:\/\/www.blekingesf.se\/bokhandel\/wp-json\/wp\/v2\/media?parent=2368"}],"wp:term":[{"taxonomy":"product_cat","embeddable":true,"href":"https:\/\/www.blekingesf.se\/bokhandel\/wp-json\/wp\/v2\/product_cat?post=2368"},{"taxonomy":"product_tag","embeddable":true,"href":"https:\/\/www.blekingesf.se\/bokhandel\/wp-json\/wp\/v2\/product_tag?post=2368"}],"curies":[{"name":"wp","href":"https:\/\/api.w.org\/{rel}","templated":true}]}}