{"id":2387,"date":"2026-05-05T20:04:13","date_gmt":"2026-05-05T20:04:13","guid":{"rendered":"https:\/\/www.blekingesf.se\/bokhandel\/?post_type=product&#038;p=2387"},"modified":"2026-05-05T20:09:17","modified_gmt":"2026-05-05T20:09:17","slug":"mats-jorgensson-kock-och-hans-attlingar","status":"publish","type":"product","link":"https:\/\/www.blekingesf.se\/bokhandel\/produkt\/mats-jorgensson-kock-och-hans-attlingar\/","title":{"rendered":"Mats J\u00f6rgensson Kock och hans \u00e4ttlingar"},"content":{"rendered":"<p>av Rune Kronkvist<\/p>\n<p data-start=\"630\" data-end=\"840\">Mats J\u00f6rgensson Kock fick m\u00e5nga barn och sl\u00e4ktleden v\u00e4xte. Detta \u00e4r en forskning i hans \u00e4ttlingar.<\/p>\n<p data-start=\"630\" data-end=\"840\">USB i PDF-format<\/p>\n","protected":false},"excerpt":{"rendered":"<p>Mats J\u00f6rgensson Kock var Kyrkoherde i H\u00e4llaryd p\u00e5 1600-talet. Han var svenskv\u00e4n och d\u00f6dades av Snapphanar.<\/p>\n","protected":false},"featured_media":2384,"template":"","meta":[],"product_cat":[323,47,82],"product_tag":[266,288,238,109,336,337],"class_list":{"0":"post-2387","1":"product","2":"type-product","3":"status-publish","4":"has-post-thumbnail","6":"product_cat-usb","7":"product_cat-nyheter","8":"product_cat-brakne-harad","9":"product_tag-blekinge","10":"product_tag-brakne-harad","11":"product_tag-hallaryd","12":"product_tag-historia","13":"product_tag-kyrkoherde","14":"product_tag-usb","16":"first","17":"instock","18":"shipping-taxable","19":"purchasable","20":"product-type-simple"},"_links":{"self":[{"href":"https:\/\/www.blekingesf.se\/bokhandel\/wp-json\/wp\/v2\/product\/2387"}],"collection":[{"href":"https:\/\/www.blekingesf.se\/bokhandel\/wp-json\/wp\/v2\/product"}],"about":[{"href":"https:\/\/www.blekingesf.se\/bokhandel\/wp-json\/wp\/v2\/types\/product"}],"wp:featuredmedia":[{"embeddable":true,"href":"https:\/\/www.blekingesf.se\/bokhandel\/wp-json\/wp\/v2\/media\/2384"}],"wp:attachment":[{"href":"https:\/\/www.blekingesf.se\/bokhandel\/wp-json\/wp\/v2\/media?parent=2387"}],"wp:term":[{"taxonomy":"product_cat","embeddable":true,"href":"https:\/\/www.blekingesf.se\/bokhandel\/wp-json\/wp\/v2\/product_cat?post=2387"},{"taxonomy":"product_tag","embeddable":true,"href":"https:\/\/www.blekingesf.se\/bokhandel\/wp-json\/wp\/v2\/product_tag?post=2387"}],"curies":[{"name":"wp","href":"https:\/\/api.w.org\/{rel}","templated":true}]}}