{"id":2388,"date":"2026-05-05T20:09:52","date_gmt":"2026-05-05T20:09:52","guid":{"rendered":"https:\/\/www.blekingesf.se\/bokhandel\/?post_type=product&#038;p=2388"},"modified":"2026-05-05T20:16:03","modified_gmt":"2026-05-05T20:16:03","slug":"sillhovda-by-ogonblick-fran-forntid-till-nutid","status":"publish","type":"product","link":"https:\/\/www.blekingesf.se\/bokhandel\/produkt\/sillhovda-by-ogonblick-fran-forntid-till-nutid\/","title":{"rendered":"Sillh\u00f6vda by &#8211; \u00d6GONBLICK FR\u00c5N FORNTID TILL NUTID"},"content":{"rendered":"<p>av en kursgrupp med nio personer i Vuxenskolans regi (2025)<\/p>\n<p data-start=\"630\" data-end=\"840\">Ett h\u00e4fte p\u00e5 103 sidor i A4-format med bilder och texter fr\u00e5n Sillh\u00f6vda by genom \u00e5ren.<\/p>\n<p data-start=\"630\" data-end=\"840\">\n","protected":false},"excerpt":{"rendered":"<p>av en kursgrupp med nio personer i Vuxenskolans regi (2025) Ett h\u00e4fte p\u00e5 103 sidor i A4-format med bilder och texter fr\u00e5n Sillh\u00f6vda by genom \u00e5ren.<\/p>\n","protected":false},"featured_media":2385,"template":"","meta":[],"product_cat":[47,52,85],"product_tag":[266,293,103,109,219],"class_list":{"0":"post-2388","1":"product","2":"type-product","3":"status-publish","4":"has-post-thumbnail","6":"product_cat-nyheter","7":"product_cat-bocker","8":"product_cat-medelstads-harad","9":"product_tag-blekinge","10":"product_tag-bok","11":"product_tag-hembygd","12":"product_tag-historia","13":"product_tag-medelstad-harad","15":"first","16":"instock","17":"shipping-taxable","18":"purchasable","19":"product-type-simple"},"_links":{"self":[{"href":"https:\/\/www.blekingesf.se\/bokhandel\/wp-json\/wp\/v2\/product\/2388"}],"collection":[{"href":"https:\/\/www.blekingesf.se\/bokhandel\/wp-json\/wp\/v2\/product"}],"about":[{"href":"https:\/\/www.blekingesf.se\/bokhandel\/wp-json\/wp\/v2\/types\/product"}],"wp:featuredmedia":[{"embeddable":true,"href":"https:\/\/www.blekingesf.se\/bokhandel\/wp-json\/wp\/v2\/media\/2385"}],"wp:attachment":[{"href":"https:\/\/www.blekingesf.se\/bokhandel\/wp-json\/wp\/v2\/media?parent=2388"}],"wp:term":[{"taxonomy":"product_cat","embeddable":true,"href":"https:\/\/www.blekingesf.se\/bokhandel\/wp-json\/wp\/v2\/product_cat?post=2388"},{"taxonomy":"product_tag","embeddable":true,"href":"https:\/\/www.blekingesf.se\/bokhandel\/wp-json\/wp\/v2\/product_tag?post=2388"}],"curies":[{"name":"wp","href":"https:\/\/api.w.org\/{rel}","templated":true}]}}