{"id":264,"date":"2017-09-10T09:26:08","date_gmt":"2017-09-10T09:26:08","guid":{"rendered":"http:\/\/www.blekingesf.se\/bokhandel_new\/?post_type=product&#038;p=264"},"modified":"2026-03-11T19:59:15","modified_gmt":"2026-03-11T19:59:15","slug":"bla-boken","status":"publish","type":"product","link":"https:\/\/www.blekingesf.se\/bokhandel\/produkt\/bla-boken\/","title":{"rendered":"Bl\u00e5 boken"},"content":{"rendered":"<h3>Bl\u00e5 Boken &#8211; Asarum\/Ringam\u00e5la socknar<\/h3>\n<p><img loading=\"lazy\" decoding=\"async\" src=\"uploads\/images\/Bokhandel\/bla_boken.png\" alt=\"\" width=\"140\" height=\"140\" \/><\/p>\n<p>Handskriven i A5-h\u00e4fte. Byarna \u00e4r sorterade i hemmansnummerordning. Varje by inleds med vem\/vilka som \u00e4r brukare 1671. D\u00e4refter f\u00f6ljer familjer fr\u00e5n 1706-1820 med man, kvinna och barn med barns f\u00f6delse\u00e5r och l\u00f6pnummer i f\u00f6delseboken. Familjer saknas. Vissa sl\u00e4ktskap mellan personer \u00e4r noterat under vissa byar. Slut\u00e5ret 1820 varierar fr\u00e5n by till by. L\u00e4ttl\u00e4st.\u00a0Format; JPEG-bilder<\/p>\n<p>Bl\u00e5 Boken \u00e4r tillsammans med avskrifter av f\u00f6delseboken fr\u00e5n 1706, vigselboken fr\u00e5n 1714 och d\u00f6dboken fr\u00e5n 1714 en tidig sl\u00e4ktforskning, vilken best\u00e4lldes av riksdagsman Lars M\u00e5nsson i Tranem\u00e5la. H\u00e5kan Olai, bygdens son, fick uppdraget. F\u00f6rutom ovan n\u00e4mnda excerpter ing\u00e5r tv\u00e5 stora antr\u00e4d p\u00e5 papper. Antr\u00e4d \u00f6ver Tranem\u00e5lasl\u00e4kten. N\u00e4mnda urkunder f\u00f6rvaras i Tranem\u00e5la g\u00e5rdsarkiv, Blekingearkivet.<\/p>\n","protected":false},"excerpt":{"rendered":"<p>Av Per Fr\u00f6dholm och Vanja Stjernberg (cd 2008)<\/p>\n<p><em>En privat f\u00f6rsamlingsbok. 1671-1820 cirka.\u00a0<\/em><\/p>\n","protected":false},"featured_media":276,"template":"","meta":[],"product_cat":[53,82],"product_tag":[],"class_list":{"0":"post-264","1":"product","2":"type-product","3":"status-publish","4":"has-post-thumbnail","6":"product_cat-cddvd","7":"product_cat-brakne-harad","9":"first","10":"instock","11":"shipping-taxable","12":"purchasable","13":"product-type-simple"},"_links":{"self":[{"href":"https:\/\/www.blekingesf.se\/bokhandel\/wp-json\/wp\/v2\/product\/264"}],"collection":[{"href":"https:\/\/www.blekingesf.se\/bokhandel\/wp-json\/wp\/v2\/product"}],"about":[{"href":"https:\/\/www.blekingesf.se\/bokhandel\/wp-json\/wp\/v2\/types\/product"}],"wp:featuredmedia":[{"embeddable":true,"href":"https:\/\/www.blekingesf.se\/bokhandel\/wp-json\/wp\/v2\/media\/276"}],"wp:attachment":[{"href":"https:\/\/www.blekingesf.se\/bokhandel\/wp-json\/wp\/v2\/media?parent=264"}],"wp:term":[{"taxonomy":"product_cat","embeddable":true,"href":"https:\/\/www.blekingesf.se\/bokhandel\/wp-json\/wp\/v2\/product_cat?post=264"},{"taxonomy":"product_tag","embeddable":true,"href":"https:\/\/www.blekingesf.se\/bokhandel\/wp-json\/wp\/v2\/product_tag?post=264"}],"curies":[{"name":"wp","href":"https:\/\/api.w.org\/{rel}","templated":true}]}}