{"id":265,"date":"2017-09-10T09:30:30","date_gmt":"2017-09-10T09:30:30","guid":{"rendered":"http:\/\/www.blekingesf.se\/bokhandel_new\/?post_type=product&#038;p=265"},"modified":"2026-03-11T20:09:00","modified_gmt":"2026-03-11T20:09:00","slug":"bodekull-karlshamn","status":"publish","type":"product","link":"https:\/\/www.blekingesf.se\/bokhandel\/produkt\/bodekull-karlshamn\/","title":{"rendered":"Bodekull &amp; Karlshamn"},"content":{"rendered":"<h3>Bodekull &amp; Karlshamn &#8211;\u00a0<em>urval av h\u00e4ndelser i en stad<\/em><strong><br \/>\n<\/strong><\/h3>\n<p><img loading=\"lazy\" decoding=\"async\" src=\"uploads\/images\/Bokhandel\/Bodekull_Karlshamn.png\" alt=\"\" width=\"140\" height=\"140\" \/><\/p>\n<p>Diverse uppgifter fr\u00e5n Karlshamns stad; Mantal, f\u00f6dda, vigda, d\u00f6da, bouppteckningar, kartor mm. Fr\u00e4mst 1600-1700-tals uppgifter. Stadskartor 1600-1800-tal. Format; Textfil i Word, kartor i JPEG och TIF.<\/p>\n","protected":false},"excerpt":{"rendered":"<p>Av Per Fr\u00f6dholm och Vanja Stjernberg (cd 2003)<\/p>\n","protected":false},"featured_media":280,"template":"","meta":[],"product_cat":[53],"product_tag":[],"class_list":{"0":"post-265","1":"product","2":"type-product","3":"status-publish","4":"has-post-thumbnail","6":"product_cat-cddvd","8":"first","9":"instock","10":"shipping-taxable","11":"purchasable","12":"product-type-simple"},"_links":{"self":[{"href":"https:\/\/www.blekingesf.se\/bokhandel\/wp-json\/wp\/v2\/product\/265"}],"collection":[{"href":"https:\/\/www.blekingesf.se\/bokhandel\/wp-json\/wp\/v2\/product"}],"about":[{"href":"https:\/\/www.blekingesf.se\/bokhandel\/wp-json\/wp\/v2\/types\/product"}],"wp:featuredmedia":[{"embeddable":true,"href":"https:\/\/www.blekingesf.se\/bokhandel\/wp-json\/wp\/v2\/media\/280"}],"wp:attachment":[{"href":"https:\/\/www.blekingesf.se\/bokhandel\/wp-json\/wp\/v2\/media?parent=265"}],"wp:term":[{"taxonomy":"product_cat","embeddable":true,"href":"https:\/\/www.blekingesf.se\/bokhandel\/wp-json\/wp\/v2\/product_cat?post=265"},{"taxonomy":"product_tag","embeddable":true,"href":"https:\/\/www.blekingesf.se\/bokhandel\/wp-json\/wp\/v2\/product_tag?post=265"}],"curies":[{"name":"wp","href":"https:\/\/api.w.org\/{rel}","templated":true}]}}