{"id":415,"date":"2017-09-18T18:08:45","date_gmt":"2017-09-18T18:08:45","guid":{"rendered":"http:\/\/www.blekingesf.se\/bokhandel_new\/?post_type=product&#038;p=415"},"modified":"2021-12-30T11:12:52","modified_gmt":"2021-12-30T11:12:52","slug":"svenskamerikaner-kanda-och-okanda","status":"publish","type":"product","link":"https:\/\/www.blekingesf.se\/bokhandel\/produkt\/svenskamerikaner-kanda-och-okanda\/","title":{"rendered":"Svenskamerikaner &#8211; k\u00e4nda och ok\u00e4nda"},"content":{"rendered":"<div>\n<h3>Svenskamerikaner &#8211; k\u00e4nda och ok\u00e4nda<\/h3>\n<div class=\"productdescrlong\">\n<p>I mitten av 1800-talet startade den stora utvandringen fr\u00e5n Sverige till andra l\u00e4nder och d\u00e5 fr\u00e4mst till USA. Anledningarna till att man valde att emigrera var f\u00f6rst\u00e5s skiftande, men fattigdom och religi\u00f6s och politisk intolerans var kanske de fr\u00e4msta, parade med \u00e4ventyrslusta och dr\u00f6mmen om ett b\u00e4ttre liv.<br \/>\nF\u00f6rutom kortbiografier och fotografier inneh\u00e5ller h\u00e4ftet \u00e4ven en genealogisk bakgrund i tre generationer f\u00f6r samtliga huvudpersoner.<\/p>\n<\/div>\n<\/div>\n<div><\/div>\n<div class=\"variant_extrafield\">ISBN: 9789188341143<br \/>\nF\u00f6rfattare: Ted Rosvall &amp; Mikael Hoffsten<br \/>\nF\u00f6rlag: Sveriges Sl\u00e4ktforskarf\u00f6rbund<br \/>\nAntal sidor: 64<br \/>\nBindning: H\u00e4ftad<\/div>\n<div class=\"variant_TextID\">Artnr: 207208<\/div>\n<div class=\"variant_price_small\"><a href=\"https:\/\/www.rotterbokhandeln.se\/omoss.html?submenu_id=-1\">Medlemspris: 115 KR<\/a><\/div>\n","protected":false},"excerpt":{"rendered":"<p>Svenskamerikaner &#8211; k\u00e4nda och ok\u00e4nda I mitten av 1800-talet startade den stora utvandringen fr\u00e5n Sverige till andra l\u00e4nder och d\u00e5 fr\u00e4mst till USA. Anledningarna till att man valde att emigrera var f\u00f6rst\u00e5s skiftande, men fattigdom och religi\u00f6s och politisk intolerans var kanske de fr\u00e4msta, parade med \u00e4ventyrslusta och dr\u00f6mmen om ett b\u00e4ttre liv. F\u00f6rutom kortbiografier [&hellip;]<\/p>\n","protected":false},"featured_media":617,"template":"","meta":[],"product_cat":[52],"product_tag":[68,117],"class_list":{"0":"post-415","1":"product","2":"type-product","3":"status-publish","4":"has-post-thumbnail","6":"product_cat-bocker","7":"product_tag-emigration","8":"product_tag-svenskamerikaner","10":"first","11":"instock","12":"shipping-taxable","13":"purchasable","14":"product-type-simple"},"_links":{"self":[{"href":"https:\/\/www.blekingesf.se\/bokhandel\/wp-json\/wp\/v2\/product\/415"}],"collection":[{"href":"https:\/\/www.blekingesf.se\/bokhandel\/wp-json\/wp\/v2\/product"}],"about":[{"href":"https:\/\/www.blekingesf.se\/bokhandel\/wp-json\/wp\/v2\/types\/product"}],"wp:featuredmedia":[{"embeddable":true,"href":"https:\/\/www.blekingesf.se\/bokhandel\/wp-json\/wp\/v2\/media\/617"}],"wp:attachment":[{"href":"https:\/\/www.blekingesf.se\/bokhandel\/wp-json\/wp\/v2\/media?parent=415"}],"wp:term":[{"taxonomy":"product_cat","embeddable":true,"href":"https:\/\/www.blekingesf.se\/bokhandel\/wp-json\/wp\/v2\/product_cat?post=415"},{"taxonomy":"product_tag","embeddable":true,"href":"https:\/\/www.blekingesf.se\/bokhandel\/wp-json\/wp\/v2\/product_tag?post=415"}],"curies":[{"name":"wp","href":"https:\/\/api.w.org\/{rel}","templated":true}]}}