{"id":430,"date":"2017-09-20T19:38:26","date_gmt":"2017-09-20T19:38:26","guid":{"rendered":"http:\/\/www.blekingesf.se\/bokhandel_new\/?post_type=product&#038;p=430"},"modified":"2026-03-11T19:43:58","modified_gmt":"2026-03-11T19:43:58","slug":"mantalsforska","status":"publish","type":"product","link":"https:\/\/www.blekingesf.se\/bokhandel\/produkt\/mantalsforska\/","title":{"rendered":"Mantalsforska"},"content":{"rendered":"<h1><span style=\"font-size: 10.5pt;\"><span style=\"font-family: Arial, sans-serif; color: #666666; background: white;\">Mantalsforska<\/span><\/span><\/h1>\n<p style=\"margin: 0cm; margin-bottom: .0001pt; background: white; vertical-align: baseline;\"><span style=\"font-size: 10.5pt; font-family: 'Arial',sans-serif; color: #666666; background: white;\">ISBN: 9789187676871<\/span><span style=\"font-size: 10.5pt; font-family: 'Arial',sans-serif; color: #666666;\"><br \/>\n<span style=\"background: white;\">F\u00f6rfattare: Magnus B\u00e4ckmark<\/span><br \/>\n<span style=\"background: white;\">F\u00f6rlag: Sveriges Sl\u00e4ktforskarf\u00f6rbund<\/span><br \/>\n<span style=\"background: white;\">Upplaga: 1:a\u00a0<\/span><br \/>\n<span style=\"background: white;\">Antal sidor: 188<\/span><br \/>\n<span style=\"background: white;\">Bindning: Inbunden h\u00e5rdp\u00e4rm<\/span><\/span><\/p>\n<p style=\"margin: 0cm; margin-bottom: .0001pt; background: white; vertical-align: baseline;\"><span style=\"font-size: 10.5pt; font-family: 'Arial',sans-serif; color: #666666;\">\u00a0<\/span><\/p>\n<p style=\"margin: 0cm; margin-bottom: .0001pt; background: white; vertical-align: baseline;\"><span style=\"font-size: 10.5pt; font-family: 'Arial',sans-serif; color: #666666;\">Mantalsl\u00e4ngder \u00e4r en k\u00e4lla till kunskap som \u00e4r s\u00e4rskilt tacksam att unders\u00f6ka n\u00e4r kyrkoarkiven inte finns eller inte kan ge besked om personf\u00f6rh\u00e5llanden f\u00f6re v\u00e5r egen tid.<\/span><\/p>\n<p style=\"margin: 0cm; margin-bottom: .0001pt; background: white; vertical-align: baseline;\"><span style=\"font-size: 10.5pt; font-family: 'Arial',sans-serif; color: #666666;\">Hur m\u00e5nga barn till Anders och Brita var i livet 1769?<br \/>\nN\u00e4r och fr\u00e5n vem \u00f6vertog Nils Asptorpet?<\/span><\/p>\n<p>I det omf\u00e5ngsrika materialet st\u00f6ter man p\u00e5 mer \u00e4n bara renodlat n\u00e4r-var-hur: lanthandelsf\u00f6rest\u00e5ndarinnans namnteckning, antalet f\u00f6nster p\u00e5 Ambj\u00f6rnsg\u00e5rden, provinsiall\u00e4karens beskrivning av pigan Annas skr\u00f6plighet..<\/p>\n<p style=\"margin: 0cm; margin-bottom: .0001pt; background: white; vertical-align: baseline;\"><span style=\"font-size: 10.5pt; font-family: 'Arial',sans-serif; color: #666666;\">F\u00f6rfattaren Magnus B\u00e4ckmark, \u00d6ster\u00e5ker, \u00e4r verksam som uppdragssl\u00e4ktforskare sedan 1998 och redakt\u00f6r f\u00f6r Svenska Sl\u00e4ktkalendern.<\/span><\/p>\n<p style=\"margin: 0cm; margin-bottom: .0001pt; background: white; vertical-align: baseline;\"><span style=\"font-size: 10.5pt; font-family: 'Arial',sans-serif; color: #666666;\">F\u00f6r kurs- och cirkelledare finns ocks\u00e5 en studieplan i pdf-format f\u00f6r utskrift. Den inneh\u00e5ller f\u00f6rslag p\u00e5 hur kursboken kan anv\u00e4ndas i undervisningen.<\/span><\/p>\n","protected":false},"excerpt":{"rendered":"<p>Medlemspris: 235 kr<\/p>\n","protected":false},"featured_media":321,"template":"","meta":[],"product_cat":[52],"product_tag":[90,148],"class_list":{"0":"post-430","1":"product","2":"type-product","3":"status-publish","4":"has-post-thumbnail","6":"product_cat-bocker","7":"product_tag-handbok","8":"product_tag-mantalslangder","10":"first","11":"instock","12":"shipping-taxable","13":"purchasable","14":"product-type-simple"},"_links":{"self":[{"href":"https:\/\/www.blekingesf.se\/bokhandel\/wp-json\/wp\/v2\/product\/430"}],"collection":[{"href":"https:\/\/www.blekingesf.se\/bokhandel\/wp-json\/wp\/v2\/product"}],"about":[{"href":"https:\/\/www.blekingesf.se\/bokhandel\/wp-json\/wp\/v2\/types\/product"}],"wp:featuredmedia":[{"embeddable":true,"href":"https:\/\/www.blekingesf.se\/bokhandel\/wp-json\/wp\/v2\/media\/321"}],"wp:attachment":[{"href":"https:\/\/www.blekingesf.se\/bokhandel\/wp-json\/wp\/v2\/media?parent=430"}],"wp:term":[{"taxonomy":"product_cat","embeddable":true,"href":"https:\/\/www.blekingesf.se\/bokhandel\/wp-json\/wp\/v2\/product_cat?post=430"},{"taxonomy":"product_tag","embeddable":true,"href":"https:\/\/www.blekingesf.se\/bokhandel\/wp-json\/wp\/v2\/product_tag?post=430"}],"curies":[{"name":"wp","href":"https:\/\/api.w.org\/{rel}","templated":true}]}}