{"id":473,"date":"2017-09-25T18:43:18","date_gmt":"2017-09-25T18:43:18","guid":{"rendered":"http:\/\/www.blekingesf.se\/bokhandel_new\/?post_type=product&#038;p=473"},"modified":"2026-03-11T20:13:06","modified_gmt":"2026-03-11T20:13:06","slug":"bouppteckningsingresser-ostra-harad-1737-1840","status":"publish","type":"product","link":"https:\/\/www.blekingesf.se\/bokhandel\/produkt\/bouppteckningsingresser-ostra-harad-1737-1840\/","title":{"rendered":"Bouppteckningsingresser \u00d6stra h\u00e4rad 1737-1840"},"content":{"rendered":"<p>Inneh\u00e5ller alla ingresser som talar om den d\u00f6des namn samt arvtagare samt ofta f\u00f6rmyndare f\u00f6r omyndiga barn som oftast \u00e4r far- eller morbr\u00f6der till de omyndiga barnen. Texten \u00e4r skriven med nutida svenska. Dessa ingresser \u00e4r gjorda fr\u00e5n mikrokort l\u00e5ngt f\u00f6re att Arkiv Digital och Svar lade ut bouppteckningar p\u00e5 n\u00e4tet, men man kan ocks\u00e5 titta p\u00e5 originalen med hj\u00e4lp av deras register. Den st\u00f6rsta tillg\u00e5ngen med dessa bouppteckningsingresser \u00e4r att det ofta omtalar m\u00e5nga andra sl\u00e4ktingar och var dessa bor, speciellt f\u00f6r avlidna utan barn. I m\u00e5nga bouppteckningar fr\u00e5n 1780 och fram\u00e5t finns \u00e4ven antecknade handlingar och skrifter som kan ge fler upplysningar om sl\u00e4kten, fr\u00e4mst jord\u00e4gare bouppteckningar f\u00f6r jord\u00e4gare.<\/p>\n","protected":false},"excerpt":{"rendered":"<p>Av Bj\u00f6rn-\u00c5ke Petersson (cd 2009 )<\/p>\n","protected":false},"featured_media":284,"template":"","meta":[],"product_cat":[53],"product_tag":[],"class_list":{"0":"post-473","1":"product","2":"type-product","3":"status-publish","4":"has-post-thumbnail","6":"product_cat-cddvd","8":"first","9":"instock","10":"shipping-taxable","11":"purchasable","12":"product-type-simple"},"_links":{"self":[{"href":"https:\/\/www.blekingesf.se\/bokhandel\/wp-json\/wp\/v2\/product\/473"}],"collection":[{"href":"https:\/\/www.blekingesf.se\/bokhandel\/wp-json\/wp\/v2\/product"}],"about":[{"href":"https:\/\/www.blekingesf.se\/bokhandel\/wp-json\/wp\/v2\/types\/product"}],"wp:featuredmedia":[{"embeddable":true,"href":"https:\/\/www.blekingesf.se\/bokhandel\/wp-json\/wp\/v2\/media\/284"}],"wp:attachment":[{"href":"https:\/\/www.blekingesf.se\/bokhandel\/wp-json\/wp\/v2\/media?parent=473"}],"wp:term":[{"taxonomy":"product_cat","embeddable":true,"href":"https:\/\/www.blekingesf.se\/bokhandel\/wp-json\/wp\/v2\/product_cat?post=473"},{"taxonomy":"product_tag","embeddable":true,"href":"https:\/\/www.blekingesf.se\/bokhandel\/wp-json\/wp\/v2\/product_tag?post=473"}],"curies":[{"name":"wp","href":"https:\/\/api.w.org\/{rel}","templated":true}]}}