{"id":475,"date":"2017-09-25T18:47:20","date_gmt":"2017-09-25T18:47:20","guid":{"rendered":"http:\/\/www.blekingesf.se\/bokhandel_new\/?post_type=product&#038;p=475"},"modified":"2026-03-11T20:20:08","modified_gmt":"2026-03-11T20:20:08","slug":"brakne-harad-dombok-1668-1699","status":"publish","type":"product","link":"https:\/\/www.blekingesf.se\/bokhandel\/produkt\/brakne-harad-dombok-1668-1699\/","title":{"rendered":"Br\u00e4kne h\u00e4rad dombok 1668-1699"},"content":{"rendered":"<h3>Br\u00e4kne h\u00e4rads dombok 1668-1699<\/h3>\n<p>&nbsp;<\/p>\n<p>En dombok ber\u00e4ttar om allmogens liv; Fylleri, slagsm\u00e5l, g\u00e5rdsk\u00f6p, arv, hor, krig med mera. Ingen annanstans f\u00e5r du s\u00e5 mycket information om dina f\u00f6rf\u00e4der. Domb\u00f6ckerna blir extra viktiga d\u00e5 kyrkb\u00f6ckerna inte l\u00e4ngre existerar, s\u00e5 l\u00e5ngt tillbaka i tiden. Med n\u00e5gra inledande sporadiska m\u00e5l 1617-1662. Inneh\u00e5ller cirka 6 000 m\u00e5l och cirka 22 800 personer. Format; Databas som installeras i din dator, runtime och\/eller som PDF.<\/p>\n<p>Denna cd inneh\u00e5ller:<\/p>\n<p>Domboken som databas.<\/p>\n<p>och<\/p>\n<p>Domboken som PDF.<\/p>\n<p>P\u00e5 grund av teknisk utveckling \u00e4r det inte s\u00e4kert att Databas-installationen fungerar.<\/p>\n<p>PDF-filen \u00e4r d\u00e5 en ers\u00e4ttning med samma inneh\u00e5ll.<\/p>\n<p>&nbsp;<\/p>\n","protected":false},"excerpt":{"rendered":"<p>Av Per Fr\u00f6dholm och Vanja Stjernberg (cd 2005)<\/p>\n","protected":false},"featured_media":289,"template":"","meta":[],"product_cat":[53,82],"product_tag":[],"class_list":{"0":"post-475","1":"product","2":"type-product","3":"status-publish","4":"has-post-thumbnail","6":"product_cat-cddvd","7":"product_cat-brakne-harad","9":"first","10":"instock","11":"shipping-taxable","12":"purchasable","13":"product-type-simple"},"_links":{"self":[{"href":"https:\/\/www.blekingesf.se\/bokhandel\/wp-json\/wp\/v2\/product\/475"}],"collection":[{"href":"https:\/\/www.blekingesf.se\/bokhandel\/wp-json\/wp\/v2\/product"}],"about":[{"href":"https:\/\/www.blekingesf.se\/bokhandel\/wp-json\/wp\/v2\/types\/product"}],"wp:featuredmedia":[{"embeddable":true,"href":"https:\/\/www.blekingesf.se\/bokhandel\/wp-json\/wp\/v2\/media\/289"}],"wp:attachment":[{"href":"https:\/\/www.blekingesf.se\/bokhandel\/wp-json\/wp\/v2\/media?parent=475"}],"wp:term":[{"taxonomy":"product_cat","embeddable":true,"href":"https:\/\/www.blekingesf.se\/bokhandel\/wp-json\/wp\/v2\/product_cat?post=475"},{"taxonomy":"product_tag","embeddable":true,"href":"https:\/\/www.blekingesf.se\/bokhandel\/wp-json\/wp\/v2\/product_tag?post=475"}],"curies":[{"name":"wp","href":"https:\/\/api.w.org\/{rel}","templated":true}]}}