{"id":477,"date":"2017-09-25T18:50:04","date_gmt":"2017-09-25T18:50:04","guid":{"rendered":"http:\/\/www.blekingesf.se\/bokhandel_new\/?post_type=product&#038;p=477"},"modified":"2025-01-30T20:32:15","modified_gmt":"2025-01-30T20:32:15","slug":"brakne-harad-solvesborgs-lan-jordrevning-mm","status":"publish","type":"product","link":"https:\/\/www.blekingesf.se\/bokhandel\/produkt\/brakne-harad-solvesborgs-lan-jordrevning-mm\/","title":{"rendered":"Br\u00e4kne h\u00e4rad, S\u00f6lvesborgs l\u00e4n, Jordrevning mm."},"content":{"rendered":"<h3>Br\u00e4kne h\u00e4rad, S\u00f6lvesborgs l\u00e4n<br \/>\n<em>Jordrevning med biakter 1671 och L\u00e4nsr\u00e4kenskaper 1607-1655\u00a0<\/em><\/h3>\n<p><img loading=\"lazy\" decoding=\"async\" src=\"uploads\/images\/Bokhandel\/Brakne_harad_Solvesborgs_lan.png\" alt=\"\" width=\"140\" height=\"140\" \/><\/p>\n<p>Jordrevningen r\u00e4knar upp vilka som brukar g\u00e5rdarna i h\u00e4radet 1671 och vilka som brukade g\u00e5rdarna tidigare. Biakterna \u00e4r k\u00f6pebrev p\u00e5 skatteg\u00e5rdar 1537-1671.\u00a0Format; Word.<\/p>\n<p>L\u00e4nsr\u00e4kenskaper \u00e4r uppgifter om sak\u00f6ren (b\u00f6ter f\u00f6r kriminella handlingar), st\u00e4dsm\u00e5l (k\u00f6p av g\u00e5rdar), arv med mera. Detta \u00e4r den \u00e4ldsta mest givande k\u00e4llan \u00f6ver allmogen i Blekinge, ingen annanstans f\u00e5r du s\u00e5 m\u00e5nga personnamn och sl\u00e4ktskap s\u00e5 tidigt i historien.\u00a0Format; Word.<\/p>\n<p>&nbsp;<\/p>\n<p>&nbsp;<\/p>\n","protected":false},"excerpt":{"rendered":"<p>Av Per Fr\u00f6dholm och Vanja Stjernberg (cd 2009)<\/p>\n","protected":false},"featured_media":291,"template":"","meta":[],"product_cat":[53],"product_tag":[],"class_list":{"0":"post-477","1":"product","2":"type-product","3":"status-publish","4":"has-post-thumbnail","6":"product_cat-cddvd","8":"first","9":"instock","10":"shipping-taxable","11":"purchasable","12":"product-type-simple"},"_links":{"self":[{"href":"https:\/\/www.blekingesf.se\/bokhandel\/wp-json\/wp\/v2\/product\/477"}],"collection":[{"href":"https:\/\/www.blekingesf.se\/bokhandel\/wp-json\/wp\/v2\/product"}],"about":[{"href":"https:\/\/www.blekingesf.se\/bokhandel\/wp-json\/wp\/v2\/types\/product"}],"wp:featuredmedia":[{"embeddable":true,"href":"https:\/\/www.blekingesf.se\/bokhandel\/wp-json\/wp\/v2\/media\/291"}],"wp:attachment":[{"href":"https:\/\/www.blekingesf.se\/bokhandel\/wp-json\/wp\/v2\/media?parent=477"}],"wp:term":[{"taxonomy":"product_cat","embeddable":true,"href":"https:\/\/www.blekingesf.se\/bokhandel\/wp-json\/wp\/v2\/product_cat?post=477"},{"taxonomy":"product_tag","embeddable":true,"href":"https:\/\/www.blekingesf.se\/bokhandel\/wp-json\/wp\/v2\/product_tag?post=477"}],"curies":[{"name":"wp","href":"https:\/\/api.w.org\/{rel}","templated":true}]}}