{"id":481,"date":"2017-09-25T18:55:44","date_gmt":"2017-09-25T18:55:44","guid":{"rendered":"http:\/\/www.blekingesf.se\/bokhandel_new\/?post_type=product&#038;p=481"},"modified":"2026-04-19T16:42:34","modified_gmt":"2026-04-19T16:42:34","slug":"gods-gardar-blekinge-kristianstads-lan","status":"publish","type":"product","link":"https:\/\/www.blekingesf.se\/bokhandel\/produkt\/gods-gardar-blekinge-kristianstads-lan\/","title":{"rendered":"Gods &amp; G\u00e5rdar &#8212; Blekinge &amp; Kristianstads l\u00e4n"},"content":{"rendered":"<h3>Svenska Gods och G\u00e5rdar<\/h3>\n<p>Denna dvd-skiva \u00e4r s\u00f6kbar i pdf-format och inneh\u00e5ller hela Blekinge samt Kristianstad l\u00e4n (del 2).\u00a0Skiva 1 inneh\u00e5ller: 4 Malm\u00f6hus l\u00e4n (s\u00f6dra) 1943-44; 5 Malm\u00f6hus l\u00e4n (norra) 1943-44; 6 Malm\u00f6hus l\u00e4n (mellersta) 1943-44. Skiva 2 inneh\u00e5ller: 7 Kristianstads l\u00e4n 1943-44; 8 Kristianstads l\u00e4n (s\u00f6dra) 1943-44; 49 Kristianstads l\u00e4n (nord\u00f6stra) 1943-44; 9 Blekinge l\u00e4n 1938. Skiva 3 inneh\u00e5ller: 25 J\u00f6nk\u00f6pings l\u00e4n (\u00f6stra) 1941-43; 26 J\u00f6nk\u00f6pings l\u00e4n (v\u00e4stra) 1941-43; 23 Kalmar l\u00e4n (s\u00f6dra, \u00d6land) 1939; 24 Kalmar l\u00e4n (norra) 1939; 27 Kronobergs l\u00e4n (v\u00e4stra) 1940-42; 45 Kronobergs l\u00e4n (\u00f6stra) 1940-42.<\/p>\n","protected":false},"excerpt":{"rendered":"<p>Av Old Books Digitally Remastered (dvd)<\/p>\n","protected":false},"featured_media":372,"template":"","meta":[],"product_cat":[53,82,83,85,84],"product_tag":[],"class_list":{"0":"post-481","1":"product","2":"type-product","3":"status-publish","4":"has-post-thumbnail","6":"product_cat-cddvd","7":"product_cat-brakne-harad","8":"product_cat-listers-harad","9":"product_cat-medelstads-harad","10":"product_cat-ostra-harad","12":"first","13":"instock","14":"shipping-taxable","15":"purchasable","16":"product-type-simple"},"_links":{"self":[{"href":"https:\/\/www.blekingesf.se\/bokhandel\/wp-json\/wp\/v2\/product\/481"}],"collection":[{"href":"https:\/\/www.blekingesf.se\/bokhandel\/wp-json\/wp\/v2\/product"}],"about":[{"href":"https:\/\/www.blekingesf.se\/bokhandel\/wp-json\/wp\/v2\/types\/product"}],"wp:featuredmedia":[{"embeddable":true,"href":"https:\/\/www.blekingesf.se\/bokhandel\/wp-json\/wp\/v2\/media\/372"}],"wp:attachment":[{"href":"https:\/\/www.blekingesf.se\/bokhandel\/wp-json\/wp\/v2\/media?parent=481"}],"wp:term":[{"taxonomy":"product_cat","embeddable":true,"href":"https:\/\/www.blekingesf.se\/bokhandel\/wp-json\/wp\/v2\/product_cat?post=481"},{"taxonomy":"product_tag","embeddable":true,"href":"https:\/\/www.blekingesf.se\/bokhandel\/wp-json\/wp\/v2\/product_tag?post=481"}],"curies":[{"name":"wp","href":"https:\/\/api.w.org\/{rel}","templated":true}]}}