{"id":486,"date":"2017-09-25T19:04:05","date_gmt":"2017-09-25T19:04:05","guid":{"rendered":"http:\/\/www.blekingesf.se\/bokhandel_new\/?post_type=product&#038;p=486"},"modified":"2025-01-30T20:50:03","modified_gmt":"2025-01-30T20:50:03","slug":"hallaryds-socken-fodda-vigda-doda-1647-1799","status":"publish","type":"product","link":"https:\/\/www.blekingesf.se\/bokhandel\/produkt\/hallaryds-socken-fodda-vigda-doda-1647-1799\/","title":{"rendered":"H\u00e4llaryds socken F\u00f6dda, vigda, d\u00f6da 1647-1799"},"content":{"rendered":"<h3><span data-mce-mark=\"1\">H\u00e4llaryds socken<br \/>\n<em>F\u00f6dda-Vigda-D\u00f6da 1647-1799.\u00a0Katekis 1718.\u00a0Notiser 1570-1893\u00a0<\/em><\/span><\/h3>\n<p><img loading=\"lazy\" decoding=\"async\" src=\"uploads\/images\/Bokhandel\/hallaryd_fvd.jpg\" alt=\"\" width=\"140\" height=\"139\" \/><\/p>\n<p>&nbsp;<\/p>\n<p><span data-mce-mark=\"1\">Utdrag ur mantalsl\u00e4ngder, jordeb\u00f6cker, landebok, l\u00e4nsr\u00e4kenskaper, \u00e4ktenskapsm\u00e5l mm. Format; Excel och Word.<\/span><\/p>\n","protected":false},"excerpt":{"rendered":"<p><span data-mce-mark=\"1\">Av Per Fr\u00f6dholm och Vanja Stjernberg (cd 2007)<\/span><\/p>\n","protected":false},"featured_media":310,"template":"","meta":[],"product_cat":[53],"product_tag":[],"class_list":{"0":"post-486","1":"product","2":"type-product","3":"status-publish","4":"has-post-thumbnail","6":"product_cat-cddvd","8":"first","9":"instock","10":"shipping-taxable","11":"purchasable","12":"product-type-simple"},"_links":{"self":[{"href":"https:\/\/www.blekingesf.se\/bokhandel\/wp-json\/wp\/v2\/product\/486"}],"collection":[{"href":"https:\/\/www.blekingesf.se\/bokhandel\/wp-json\/wp\/v2\/product"}],"about":[{"href":"https:\/\/www.blekingesf.se\/bokhandel\/wp-json\/wp\/v2\/types\/product"}],"wp:featuredmedia":[{"embeddable":true,"href":"https:\/\/www.blekingesf.se\/bokhandel\/wp-json\/wp\/v2\/media\/310"}],"wp:attachment":[{"href":"https:\/\/www.blekingesf.se\/bokhandel\/wp-json\/wp\/v2\/media?parent=486"}],"wp:term":[{"taxonomy":"product_cat","embeddable":true,"href":"https:\/\/www.blekingesf.se\/bokhandel\/wp-json\/wp\/v2\/product_cat?post=486"},{"taxonomy":"product_tag","embeddable":true,"href":"https:\/\/www.blekingesf.se\/bokhandel\/wp-json\/wp\/v2\/product_tag?post=486"}],"curies":[{"name":"wp","href":"https:\/\/api.w.org\/{rel}","templated":true}]}}