{"id":489,"date":"2017-09-25T19:08:13","date_gmt":"2017-09-25T19:08:13","guid":{"rendered":"http:\/\/www.blekingesf.se\/bokhandel_new\/?post_type=product&#038;p=489"},"modified":"2026-03-11T20:21:28","modified_gmt":"2026-03-11T20:21:28","slug":"listers-harads-dombok-1663-1699","status":"publish","type":"product","link":"https:\/\/www.blekingesf.se\/bokhandel\/produkt\/listers-harads-dombok-1663-1699\/","title":{"rendered":"Listers h\u00e4rads dombok 1663-1699"},"content":{"rendered":"<h3>Lister h\u00e4rads dombok 1663-1699<\/h3>\n<p>&nbsp;<\/p>\n<p><img loading=\"lazy\" decoding=\"async\" src=\"uploads\/images\/Bokhandel\/lister_harads_dombok_1663_1699.png\" alt=\"\" width=\"140\" height=\"140\" \/><\/p>\n<p>En dombok ber\u00e4ttar om allmogens liv; Fylleri, slagsm\u00e5l, g\u00e5rdsk\u00f6p, arv, hor, krig med mera. Ingen annanstans f\u00e5r du s\u00e5 mycket information om dina f\u00f6rf\u00e4der. Domb\u00f6ckerna blir extra viktiga d\u00e5 kyrkb\u00f6ckerna inte l\u00e4ngre existerar, s\u00e5 l\u00e5ngt tillbaka i tiden.Cirka 10 500 m\u00e5l. P\u00e5 cd-skivan finns \u00e4ven uppgifter fr\u00e5n landeboken, domkapitlet, G\u00f6ta hovr\u00e4tts domar, Kongens rettarting med mera 1317-1807. Format; PDF.<\/p>\n","protected":false},"excerpt":{"rendered":"<p>Av Per Fr\u00f6dholm och Vanja Stjernberg (cd 2008)<\/p>\n","protected":false},"featured_media":295,"template":"","meta":[],"product_cat":[53,83],"product_tag":[],"class_list":{"0":"post-489","1":"product","2":"type-product","3":"status-publish","4":"has-post-thumbnail","6":"product_cat-cddvd","7":"product_cat-listers-harad","9":"first","10":"instock","11":"shipping-taxable","12":"purchasable","13":"product-type-simple"},"_links":{"self":[{"href":"https:\/\/www.blekingesf.se\/bokhandel\/wp-json\/wp\/v2\/product\/489"}],"collection":[{"href":"https:\/\/www.blekingesf.se\/bokhandel\/wp-json\/wp\/v2\/product"}],"about":[{"href":"https:\/\/www.blekingesf.se\/bokhandel\/wp-json\/wp\/v2\/types\/product"}],"wp:featuredmedia":[{"embeddable":true,"href":"https:\/\/www.blekingesf.se\/bokhandel\/wp-json\/wp\/v2\/media\/295"}],"wp:attachment":[{"href":"https:\/\/www.blekingesf.se\/bokhandel\/wp-json\/wp\/v2\/media?parent=489"}],"wp:term":[{"taxonomy":"product_cat","embeddable":true,"href":"https:\/\/www.blekingesf.se\/bokhandel\/wp-json\/wp\/v2\/product_cat?post=489"},{"taxonomy":"product_tag","embeddable":true,"href":"https:\/\/www.blekingesf.se\/bokhandel\/wp-json\/wp\/v2\/product_tag?post=489"}],"curies":[{"name":"wp","href":"https:\/\/api.w.org\/{rel}","templated":true}]}}