{"id":510,"date":"2017-09-25T19:32:26","date_gmt":"2017-09-25T19:32:26","guid":{"rendered":"http:\/\/www.blekingesf.se\/bokhandel_new\/?post_type=product&#038;p=510"},"modified":"2026-03-11T20:17:11","modified_gmt":"2026-03-11T20:17:11","slug":"vigselregister-1850-1942","status":"publish","type":"product","link":"https:\/\/www.blekingesf.se\/bokhandel\/produkt\/vigselregister-1850-1942\/","title":{"rendered":"Vigselregister 1850-1942 f\u00f6r Blekinge l\u00e4n"},"content":{"rendered":"<p>Denna CD-skiva, som b\u00f6rjade s\u00e4ljas p\u00e5 v\u00e5rt 35-\u00e5rsjubileum den 6 april 2013, \u00a0inneh\u00e5ller ett register f\u00f6r vigslar mellan 1850-1942 i Blekinge, fr\u00e5n alla de f\u00f6rsamlingar som\u00a0fanns under denna tid.\u00a0I denna version har vi f\u00e5tt in m\u00e5nga vigslar som skedde f\u00f6re \u00e5ret 1850 ocks\u00e5, men det \u00e4r inte komplett f\u00f6r hela<\/p>\n<p>Blekinge.\u00a0Vi ser fram emot att s\u00e5 sm\u00e5ningom \u00e5terigen ge ut en version med kanske ett komplett Blekinge.\u00a0Avskrifterna \u00e4r koncentrerade p\u00e5 namn, yrke, ort, vigsel eller lysningsdatum. Det \u00e4r allts\u00e5 ingen komplett\u00a0avskrift av all text fr\u00e5n vigselb\u00f6cker eller SCB-utdrag. Systemkrav: Windows XP eller h\u00f6gre. Programmet testat i Windows XP, Windows Vista, Windows 7<\/p>\n<p>Skivan \u00e4r kompletterad med f\u00f6ljande vigslar:<\/p>\n<ul>\n<li>Augerum 1847-1849<\/li>\n<li>Backaryd 1707-1849<\/li>\n<li>Br\u00e4kne-Hoby 1820-1849<\/li>\n<li>Edestad 1795-1849<\/li>\n<li>Fridlevstad 1660-1849<\/li>\n<li>F\u00f6rk\u00e4rla 1839-1849<\/li>\n<li>Hjortsberga 1842-1849<\/li>\n<li>J\u00e4mj\u00f6 1682-1706, 1712-1740, 1743-1769, 1771-1825, 1847-1849<\/li>\n<li>J\u00e4msh\u00f6g 1833-1849<\/li>\n<li>Karlskrona stadsf\u00f6rsamling 1847-1849<\/li>\n<li>Listerby 1839-1849<\/li>\n<li>L\u00f6sen 1831-1849<\/li>\n<li>Mj\u00e4llby 1849<\/li>\n<li>M\u00f6rrum och Elleholm 1843-1849<\/li>\n<li>N\u00e4ttraby 1729-1849<\/li>\n<li>Ramdala 1847-1849<\/li>\n<li>R\u00f6deby 1846-1849<\/li>\n<li>Sturk\u00f6 1822-1849<\/li>\n<li>Torhamn 1848-1849<\/li>\n<li>Ysane 1833-1849<\/li>\n<li>\u00c5ryd 1704-1835<\/li>\n<\/ul>\n<p>&nbsp;<\/p>\n","protected":false},"excerpt":{"rendered":"<p>Av Blekinge Sl\u00e4ktforskarf\u00f6rening (cd 2013)<\/p>\n","protected":false},"featured_media":388,"template":"","meta":[],"product_cat":[324,53,82,83,85,84],"product_tag":[],"class_list":{"0":"post-510","1":"product","2":"type-product","3":"status-publish","4":"has-post-thumbnail","6":"product_cat-ater-i-lager","7":"product_cat-cddvd","8":"product_cat-brakne-harad","9":"product_cat-listers-harad","10":"product_cat-medelstads-harad","11":"product_cat-ostra-harad","13":"first","14":"instock","15":"shipping-taxable","16":"purchasable","17":"product-type-simple"},"_links":{"self":[{"href":"https:\/\/www.blekingesf.se\/bokhandel\/wp-json\/wp\/v2\/product\/510"}],"collection":[{"href":"https:\/\/www.blekingesf.se\/bokhandel\/wp-json\/wp\/v2\/product"}],"about":[{"href":"https:\/\/www.blekingesf.se\/bokhandel\/wp-json\/wp\/v2\/types\/product"}],"wp:featuredmedia":[{"embeddable":true,"href":"https:\/\/www.blekingesf.se\/bokhandel\/wp-json\/wp\/v2\/media\/388"}],"wp:attachment":[{"href":"https:\/\/www.blekingesf.se\/bokhandel\/wp-json\/wp\/v2\/media?parent=510"}],"wp:term":[{"taxonomy":"product_cat","embeddable":true,"href":"https:\/\/www.blekingesf.se\/bokhandel\/wp-json\/wp\/v2\/product_cat?post=510"},{"taxonomy":"product_tag","embeddable":true,"href":"https:\/\/www.blekingesf.se\/bokhandel\/wp-json\/wp\/v2\/product_tag?post=510"}],"curies":[{"name":"wp","href":"https:\/\/api.w.org\/{rel}","templated":true}]}}