{"id":532,"date":"2017-09-28T20:27:12","date_gmt":"2017-09-28T20:27:12","guid":{"rendered":"http:\/\/www.blekingesf.se\/bokhandel_new\/?post_type=product&#038;p=532"},"modified":"2026-03-11T19:18:39","modified_gmt":"2026-03-11T19:18:39","slug":"kallor-till-invandringens-historia-1840-2000","status":"publish","type":"product","link":"https:\/\/www.blekingesf.se\/bokhandel\/produkt\/kallor-till-invandringens-historia-1840-2000\/","title":{"rendered":"K\u00e4llor till invandringens historia 1840-2000"},"content":{"rendered":"<h3 class=\"articleName\">K\u00e4llor till invandringens historia 1840\u20132000<\/h3>\n<div id=\"articleText\">\n<p>Invandrare har i alla tider kommit till Sverige. I v\u00e5ra arkiv finns m\u00e5nga och tydliga sp\u00e5r av migrationen, men det kan vara sv\u00e5rt att hitta r\u00e4tt i k\u00e4llmaterialet. Denna arkivguide har skrivits f\u00f6r att v\u00e4gleda b\u00e5de den som studerar invandringsfr\u00e5gor i allm\u00e4nhet och den som \u00e4r intresserad av enskilda m\u00e4nnisko\u00f6den. I\u00a0<em>K\u00e4llor till invandringens historia 1840\u20132000<\/em>redog\u00f6rs f\u00f6r den lagstiftning som styrt myndigheternas verksamhet p\u00e5 invandringsomr\u00e5det och de olika typer av arkivhandlingar som blivit resultatet av deras handl\u00e4ggning. Det mesta av k\u00e4llmaterialet som tas upp i boken finns hos Riksarkivet, men \u00e4ven material hos andra myndigheter och arkivinstitutioner behandlas. F\u00f6rsta upplagan av\u00a0<em>K\u00e4llor till invandringens historia<\/em>\u00a0omfattade perioden 1840\u20131990 (utgavs 2001) och \u00e4r sedan l\u00e4nge sluts\u00e5ld. Nu presenteras en kraftigt omarbetad och ut\u00f6kad andra upplaga. Den str\u00e4cker sig till \u00e5r 2000 (i vissa fall fram till 2016) och innefattar viktiga f\u00f6r\u00e4ndringar p\u00e5 detta omr\u00e5de, till exempel lag\u00e4ndringar som f\u00f6ljde p\u00e5 Sveriges anslutning till EU.<\/p>\n<\/div>\n<div class=\"artprop\">\n<table summary=\"\">\n<tbody>\n<tr>\n<td class=\"property_title\">Institution:<\/td>\n<td class=\"property_value\">Riksarkivet<\/td>\n<\/tr>\n<tr>\n<td class=\"property_title\">F\u00f6rfattare:<\/td>\n<td class=\"property_value\">Lars Hallberg<\/td>\n<\/tr>\n<tr>\n<td class=\"property_title\">F\u00f6rlagsort:<\/td>\n<td class=\"property_value\">Stockholm<\/td>\n<\/tr>\n<tr>\n<td class=\"property_title\">Tryck\u00e5r:<\/td>\n<td class=\"property_value\">2017<\/td>\n<\/tr>\n<tr>\n<td class=\"property_title\">Antal sidor:<\/td>\n<td class=\"property_value\">319<\/td>\n<\/tr>\n<tr>\n<td class=\"property_title\">Serie:<\/td>\n<td class=\"property_value\">Skrifter utgivna av Riksarkivet: 38<\/td>\n<\/tr>\n<tr>\n<td class=\"property_title\">Anm\u00e4rkning:<\/td>\n<td class=\"property_value\">Inbunden<\/td>\n<\/tr>\n<tr>\n<td class=\"property_title\">ISSN:<\/td>\n<td class=\"property_value\">1402-4705<\/td>\n<\/tr>\n<tr>\n<td class=\"property_title\">ISBN:<\/td>\n<td class=\"property_value\">978-91-87491-23-8<\/td>\n<\/tr>\n<tr>\n<td class=\"property_title\">Spr\u00e5k:<\/td>\n<td class=\"property_value\">Svenska<\/td>\n<\/tr>\n<\/tbody>\n<\/table>\n<\/div>\n","protected":false},"excerpt":{"rendered":"<p>Av: Lars Hallberg, Riksarkivet (2017)<\/p>\n<p>&nbsp;<\/p>\n","protected":false},"featured_media":614,"template":"","meta":[],"product_cat":[52],"product_tag":[229,226,113,228,227,127],"class_list":{"0":"post-532","1":"product","2":"type-product","3":"status-publish","4":"has-post-thumbnail","6":"product_cat-bocker","7":"product_tag-arkivmaterial","8":"product_tag-invandring","9":"product_tag-kallmaterial","10":"product_tag-kallor","11":"product_tag-migration","12":"product_tag-riksarkivet","14":"first","15":"instock","16":"shipping-taxable","17":"purchasable","18":"product-type-simple"},"_links":{"self":[{"href":"https:\/\/www.blekingesf.se\/bokhandel\/wp-json\/wp\/v2\/product\/532"}],"collection":[{"href":"https:\/\/www.blekingesf.se\/bokhandel\/wp-json\/wp\/v2\/product"}],"about":[{"href":"https:\/\/www.blekingesf.se\/bokhandel\/wp-json\/wp\/v2\/types\/product"}],"wp:featuredmedia":[{"embeddable":true,"href":"https:\/\/www.blekingesf.se\/bokhandel\/wp-json\/wp\/v2\/media\/614"}],"wp:attachment":[{"href":"https:\/\/www.blekingesf.se\/bokhandel\/wp-json\/wp\/v2\/media?parent=532"}],"wp:term":[{"taxonomy":"product_cat","embeddable":true,"href":"https:\/\/www.blekingesf.se\/bokhandel\/wp-json\/wp\/v2\/product_cat?post=532"},{"taxonomy":"product_tag","embeddable":true,"href":"https:\/\/www.blekingesf.se\/bokhandel\/wp-json\/wp\/v2\/product_tag?post=532"}],"curies":[{"name":"wp","href":"https:\/\/api.w.org\/{rel}","templated":true}]}}