{"id":694,"date":"2017-11-09T21:48:55","date_gmt":"2017-11-09T21:48:55","guid":{"rendered":"http:\/\/www.blekingesf.se\/bokhandel\/?post_type=product&#038;p=694"},"modified":"2025-09-06T13:06:27","modified_gmt":"2025-09-06T13:06:27","slug":"blekingemonster-nytta-och-flard","status":"publish","type":"product","link":"https:\/\/www.blekingesf.se\/bokhandel\/produkt\/blekingemonster-nytta-och-flard\/","title":{"rendered":"Blekingem\u00f6nster &#8211; Nytta Och Fl\u00e4rd"},"content":{"rendered":"<h3>Blekingem\u00f6nster &#8211; Nytta Och Fl\u00e4rd<\/h3>\n<p>Denna rikt illustrerade bok skildrar Blekinges textila forntid, nutid och framtid. H\u00e4r visas den karakt\u00e4ristiska Blekinges\u00f6mmens alla olika anv\u00e4ndningsomr\u00e5den, fr\u00e5n prunkande festkl\u00e4dsel till vacker vardagsduk. Ragnvi Florence Hyllstedt har i hela sitt liv sysslat med textilier, kl\u00e4der, mode och heminredning. Hon har studerat, undervisat, forskat och dokumenterat. Hon \u00e4r f.d. textill\u00e4rare, fil. kand. i bl.a. konstvetenskap, studier i etnologi. Under studieresor runt om i v\u00e4rlden har hon unders\u00f6kt och tagit intryck av andra l\u00e4nders kulturer. Hon har bel\u00f6nats med flera stipendier och priser i designt\u00e4vlingar. Ragnvi har \u00e4ven en egen kollektion som uppm\u00e4rksammats i flera l\u00e4nder i Europa, USA och Japan.<\/p>\n<p>Paket med <a href=\"http:\/\/www.blekingesf.se\/bokhandel\/produkt\/aterbruk-nya-former-i-var-tid\/\">\u00c5kerbruk &#8211; Nya former i v\u00e5r tid<\/a> kostar 295 kronor.<\/p>\n","protected":false},"excerpt":{"rendered":"<p>Av: Ragnvi Hyllstedt (2016)<\/p>\n<p><span style=\"color: #ff0000;\"><strong>Priss\u00e4nkt!<\/strong><\/span> 195 kr (tidigare 275 kr)<\/p>\n","protected":false},"featured_media":680,"template":"","meta":[],"product_cat":[52,82,83,85,84],"product_tag":[],"class_list":{"0":"post-694","1":"product","2":"type-product","3":"status-publish","4":"has-post-thumbnail","6":"product_cat-bocker","7":"product_cat-brakne-harad","8":"product_cat-listers-harad","9":"product_cat-medelstads-harad","10":"product_cat-ostra-harad","12":"first","13":"instock","14":"shipping-taxable","15":"purchasable","16":"product-type-simple"},"_links":{"self":[{"href":"https:\/\/www.blekingesf.se\/bokhandel\/wp-json\/wp\/v2\/product\/694"}],"collection":[{"href":"https:\/\/www.blekingesf.se\/bokhandel\/wp-json\/wp\/v2\/product"}],"about":[{"href":"https:\/\/www.blekingesf.se\/bokhandel\/wp-json\/wp\/v2\/types\/product"}],"wp:featuredmedia":[{"embeddable":true,"href":"https:\/\/www.blekingesf.se\/bokhandel\/wp-json\/wp\/v2\/media\/680"}],"wp:attachment":[{"href":"https:\/\/www.blekingesf.se\/bokhandel\/wp-json\/wp\/v2\/media?parent=694"}],"wp:term":[{"taxonomy":"product_cat","embeddable":true,"href":"https:\/\/www.blekingesf.se\/bokhandel\/wp-json\/wp\/v2\/product_cat?post=694"},{"taxonomy":"product_tag","embeddable":true,"href":"https:\/\/www.blekingesf.se\/bokhandel\/wp-json\/wp\/v2\/product_tag?post=694"}],"curies":[{"name":"wp","href":"https:\/\/api.w.org\/{rel}","templated":true}]}}