{"id":696,"date":"2017-11-09T21:55:35","date_gmt":"2017-11-09T21:55:35","guid":{"rendered":"http:\/\/www.blekingesf.se\/bokhandel\/?post_type=product&#038;p=696"},"modified":"2025-09-06T13:06:27","modified_gmt":"2025-09-06T13:06:27","slug":"hangkladen-fran-blekinge","status":"publish","type":"product","link":"https:\/\/www.blekingesf.se\/bokhandel\/produkt\/hangkladen-fran-blekinge\/","title":{"rendered":"H\u00e4ngkl\u00e4den fr\u00e5n Blekinge"},"content":{"rendered":"<h3 class=\"title\">H\u00e4ngkl\u00e4den fr\u00e5n Blekinge<\/h3>\n<p>Om broderade och v\u00e4vda H\u00e4ngkl\u00e4den fr\u00e5n Blekinge.<\/p>\n<p>Boken H\u00e4ngkl\u00e4den fr\u00e5n Blekinge inneh\u00e5ller allehanda information om den ber\u00f6mda blekingska landskapss\u00f6mmen som har anor fr\u00e5n 1700-talet.<\/p>\n<p>Utf\u00f6rlig beskrivning av hur man broderar Blekinges\u00f6m med material och teknik. Inneh\u00e5ller historiedel. Visar olika stygn.<\/p>\n<p>Inneh\u00e5ller: Funktion, material och teknik, broderade h\u00e4ngkl\u00e4den, v\u00e4vda h\u00e4ngkl\u00e4den, i till\u00e4gget finns utst\u00e4llning i J\u00e4msh\u00f6g, Mandelgren i Blekinge, Kronoby Finland, Inventering av h\u00e4ngkl\u00e4den, Att bevara och nyskapa, Hemsl\u00f6jdens ortodoxa, ny avhandling i \u00e4mnet, Gammalt knyts ihop i nutid och framtid.<\/p>\n<p>Rikt illustrerad! Ny, reviderad och ut\u00f6kad upplaga!<\/p>\n<p>&nbsp;<\/p>\n<p>Utgivare: Karlshamns museum.<br \/>\nF\u00f6rfattare: Ragnvi Hyllstedt.<br \/>\nBandtyp: Limh\u00e4ftad.<br \/>\nUtgivningsland: Sverige.<br \/>\nSpr\u00e5k: Svenska.<br \/>\nUtgiven: 2008.<br \/>\nAntal sidor: 79.<\/p>\n","protected":false},"excerpt":{"rendered":"<p>Av: Ragnvi Hyllstedt (2008)<\/p>\n","protected":false},"featured_media":679,"template":"","meta":[],"product_cat":[52,82,83,85,84],"product_tag":[],"class_list":{"0":"post-696","1":"product","2":"type-product","3":"status-publish","4":"has-post-thumbnail","6":"product_cat-bocker","7":"product_cat-brakne-harad","8":"product_cat-listers-harad","9":"product_cat-medelstads-harad","10":"product_cat-ostra-harad","12":"first","13":"instock","14":"shipping-taxable","15":"purchasable","16":"product-type-simple"},"_links":{"self":[{"href":"https:\/\/www.blekingesf.se\/bokhandel\/wp-json\/wp\/v2\/product\/696"}],"collection":[{"href":"https:\/\/www.blekingesf.se\/bokhandel\/wp-json\/wp\/v2\/product"}],"about":[{"href":"https:\/\/www.blekingesf.se\/bokhandel\/wp-json\/wp\/v2\/types\/product"}],"wp:featuredmedia":[{"embeddable":true,"href":"https:\/\/www.blekingesf.se\/bokhandel\/wp-json\/wp\/v2\/media\/679"}],"wp:attachment":[{"href":"https:\/\/www.blekingesf.se\/bokhandel\/wp-json\/wp\/v2\/media?parent=696"}],"wp:term":[{"taxonomy":"product_cat","embeddable":true,"href":"https:\/\/www.blekingesf.se\/bokhandel\/wp-json\/wp\/v2\/product_cat?post=696"},{"taxonomy":"product_tag","embeddable":true,"href":"https:\/\/www.blekingesf.se\/bokhandel\/wp-json\/wp\/v2\/product_tag?post=696"}],"curies":[{"name":"wp","href":"https:\/\/api.w.org\/{rel}","templated":true}]}}