{"id":782,"date":"2017-12-04T18:32:28","date_gmt":"2017-12-04T18:32:28","guid":{"rendered":"http:\/\/www.blekingesf.se\/bokhandel\/?post_type=product&#038;p=782"},"modified":"2024-12-01T21:09:20","modified_gmt":"2024-12-01T21:09:20","slug":"hobybygden-2011","status":"publish","type":"product","link":"https:\/\/www.blekingesf.se\/bokhandel\/produkt\/hobybygden-2011\/","title":{"rendered":"Hobybygden 2011"},"content":{"rendered":"<h3>Hobybygden 2011<\/h3>\n<p>Inneh\u00e5ll:<\/p>\n<p>Ekens historia &#8211; T\u00e4ckfabriken i \u00d6rseryd av Inge Nilsson<\/p>\n<p>Schacket har h\u00e4vdat sig v\u00e4l i Br\u00e4kne-Hoby av G\u00f6ran Persson<\/p>\n<p>Sigge &#8211; j\u00e4garen och ber\u00e4ttaren av G\u00f6ran Persson<\/p>\n<p>M\u00f6te med Gy\u00f6n av Gerda Waern<\/p>\n<p>Svenstorps G\u00e5rd av Birger Pagels<\/p>\n<p>S\u00e5 och sk\u00f6rda vid 1900-talets mitt &#8211; Ett jordbruks\u00e5r av Birger Pagels<\/p>\n<p>Mina allra f\u00f6rsta minnen av Birger Pagels<\/p>\n<p>Tre Hoby-tjejer f\u00f6dda 1959 ber\u00e4ttar av Ann-Christin B\u00e4ck, Carina Gustafsson &amp; Karin Wennerberg<\/p>\n<p>Kring Sandgraven och Svenmanska parken &#8211; fotodokumentation<\/p>\n<p>Stig Svensson &#8211; fotograf, f\u00f6retagare och kulturperson av Klas Wennerberg<\/p>\n<p>Bildkavalkad genom museets foton tagna av Stig Svensson<\/p>\n<p>Karneval 1961<\/p>\n<p>Karneval 1962<\/p>\n<p>Haldafabriken och Br\u00e4kne-Hoby av Klas Wennerberg<\/p>\n<p>F\u00f6retagsh\u00e4lsov\u00e5rden som jag minns den av Karin Pagels<\/p>\n<p>Br\u00e4kne-Hoby &#8211; ett expanderande samh\u00e4lle. Bostadsutveckling under perioden 1959-1995 av Sverker Carlgren<\/p>\n<p>Br\u00e4knetrampen blev st\u00f6rsta cykelarrangemanget i l\u00e4net av Ingegerd Lind\u00e9n<\/p>\n<p>Bygd i Samverkans ans\u00f6kan till &#8220;Hela Sverige ska leva!<\/p>\n<p>Bygd i samverkan under fyra \u00e5r av Klas Wennerberg<\/p>\n","protected":false},"excerpt":{"rendered":"<p>Av: Br\u00e4kne-Hoby Samh\u00e4lls- och Hembygdsf\u00f6rening<\/p>\n","protected":false},"featured_media":775,"template":"","meta":[],"product_cat":[52,82],"product_tag":[281,282],"class_list":{"0":"post-782","1":"product","2":"type-product","3":"status-publish","4":"has-post-thumbnail","6":"product_cat-bocker","7":"product_cat-brakne-harad","8":"product_tag-brakne-hoby","9":"product_tag-hoby","11":"first","12":"instock","13":"shipping-taxable","14":"purchasable","15":"product-type-simple"},"_links":{"self":[{"href":"https:\/\/www.blekingesf.se\/bokhandel\/wp-json\/wp\/v2\/product\/782"}],"collection":[{"href":"https:\/\/www.blekingesf.se\/bokhandel\/wp-json\/wp\/v2\/product"}],"about":[{"href":"https:\/\/www.blekingesf.se\/bokhandel\/wp-json\/wp\/v2\/types\/product"}],"wp:featuredmedia":[{"embeddable":true,"href":"https:\/\/www.blekingesf.se\/bokhandel\/wp-json\/wp\/v2\/media\/775"}],"wp:attachment":[{"href":"https:\/\/www.blekingesf.se\/bokhandel\/wp-json\/wp\/v2\/media?parent=782"}],"wp:term":[{"taxonomy":"product_cat","embeddable":true,"href":"https:\/\/www.blekingesf.se\/bokhandel\/wp-json\/wp\/v2\/product_cat?post=782"},{"taxonomy":"product_tag","embeddable":true,"href":"https:\/\/www.blekingesf.se\/bokhandel\/wp-json\/wp\/v2\/product_tag?post=782"}],"curies":[{"name":"wp","href":"https:\/\/api.w.org\/{rel}","templated":true}]}}