{"id":845,"date":"2018-02-16T13:44:48","date_gmt":"2018-02-16T13:44:48","guid":{"rendered":"http:\/\/www.blekingesf.se\/bokhandel\/?post_type=product&#038;p=845"},"modified":"2026-03-11T19:11:01","modified_gmt":"2026-03-11T19:11:01","slug":"1900-talet-liten-slaktforskarguide","status":"publish","type":"product","link":"https:\/\/www.blekingesf.se\/bokhandel\/produkt\/1900-talet-liten-slaktforskarguide\/","title":{"rendered":"1900-talet liten sl\u00e4ktforskarguide"},"content":{"rendered":"<h3>1900-talet liten sl\u00e4ktforskarguide<\/h3>\n<div class=\"productdescrlong\">\n<h4>Skriftseriens nr 4<\/h4>\n<p>Att sl\u00e4ktforska p\u00e5 sina 1900-talsanor \u00e4r inte alldeles enkelt. F\u00f6r tidigare \u00e5rhundraden finns omfattande k\u00e4llmaterial, idag dessutom till stor del digitaliserat. Men hur g\u00f6r man n\u00e4r man \u00e4r framme i nutid och k\u00e4llorna \u00e4r omg\u00e4rdade av sekretess?<\/p>\n<p>Denna lilla sl\u00e4ktforskarguide f\u00f6r 1900-talet ger dig en rad tips och f\u00f6rslag p\u00e5 k\u00e4llor, som du kanske inte t\u00e4nkt p\u00e5.<\/p>\n<p>Den inneh\u00e5ller bland annat tips p\u00e5 k\u00e4llor som: \u00e4ktenskapsregister, f\u00f6rlossningsjournaler och olika databaser.<\/p>\n<\/div>\n","protected":false},"excerpt":{"rendered":"<p>F\u00f6rfattare: Daniel Johnsson<br \/>\nF\u00f6rlag: Sveriges Sl\u00e4ktforskarf\u00f6rbund<br \/>\nUpplaga: Skriftseriens nr 4<br \/>\nAntal sidor: 36<br \/>\nBindning: H\u00e4ftad<\/p>\n<p><strong>Medlemspris: 99 kr.<\/strong><\/p>\n","protected":false},"featured_media":851,"template":"","meta":[],"product_cat":[52],"product_tag":[],"class_list":{"0":"post-845","1":"product","2":"type-product","3":"status-publish","4":"has-post-thumbnail","6":"product_cat-bocker","8":"first","9":"instock","10":"shipping-taxable","11":"purchasable","12":"product-type-simple"},"_links":{"self":[{"href":"https:\/\/www.blekingesf.se\/bokhandel\/wp-json\/wp\/v2\/product\/845"}],"collection":[{"href":"https:\/\/www.blekingesf.se\/bokhandel\/wp-json\/wp\/v2\/product"}],"about":[{"href":"https:\/\/www.blekingesf.se\/bokhandel\/wp-json\/wp\/v2\/types\/product"}],"wp:featuredmedia":[{"embeddable":true,"href":"https:\/\/www.blekingesf.se\/bokhandel\/wp-json\/wp\/v2\/media\/851"}],"wp:attachment":[{"href":"https:\/\/www.blekingesf.se\/bokhandel\/wp-json\/wp\/v2\/media?parent=845"}],"wp:term":[{"taxonomy":"product_cat","embeddable":true,"href":"https:\/\/www.blekingesf.se\/bokhandel\/wp-json\/wp\/v2\/product_cat?post=845"},{"taxonomy":"product_tag","embeddable":true,"href":"https:\/\/www.blekingesf.se\/bokhandel\/wp-json\/wp\/v2\/product_tag?post=845"}],"curies":[{"name":"wp","href":"https:\/\/api.w.org\/{rel}","templated":true}]}}