{"id":857,"date":"2018-02-25T14:19:34","date_gmt":"2018-02-25T14:19:34","guid":{"rendered":"http:\/\/www.blekingesf.se\/bokhandel\/?post_type=product&#038;p=857"},"modified":"2023-11-28T16:14:04","modified_gmt":"2023-11-28T16:14:04","slug":"slaktforskarens-lilla-faktabok-2","status":"publish","type":"product","link":"https:\/\/www.blekingesf.se\/bokhandel\/produkt\/slaktforskarens-lilla-faktabok-2\/","title":{"rendered":"Sl\u00e4ktforskarens lilla Faktabok 2"},"content":{"rendered":"<h3>Sl\u00e4ktforskarens lilla faktabok 2<\/h3>\n<p>Vad kostade ett kilo vetemj\u00f6l 1910? Hur stor var d\u00f6dligheten i tyfus p\u00e5 1800-talet? Vad kostade det att skicka ett brev 1855 och vilka st\u00e4der var st\u00f6rst? Varifr\u00e5n kom invandrarna f\u00f6r hundra \u00e5r sedan och vilka brott d\u00f6mdes man f\u00f6r p\u00e5 1800-talet. Detta och mycket mer sm\u00e5tt och gott hittar du i uppf\u00f6ljaren Sl\u00e4ktforskaren lilla faktabok 2.<\/p>\n<p>En bok f\u00f6r b\u00e5de nytta och n\u00f6je!<\/p>\n","protected":false},"excerpt":{"rendered":"<p>Medlemspris: 59 kr<\/p>\n","protected":false},"featured_media":615,"template":"","meta":[],"product_cat":[52],"product_tag":[171],"class_list":{"0":"post-857","1":"product","2":"type-product","3":"status-publish","4":"has-post-thumbnail","6":"product_cat-bocker","7":"product_tag-faktabok","9":"first","10":"instock","11":"shipping-taxable","12":"purchasable","13":"product-type-simple"},"_links":{"self":[{"href":"https:\/\/www.blekingesf.se\/bokhandel\/wp-json\/wp\/v2\/product\/857"}],"collection":[{"href":"https:\/\/www.blekingesf.se\/bokhandel\/wp-json\/wp\/v2\/product"}],"about":[{"href":"https:\/\/www.blekingesf.se\/bokhandel\/wp-json\/wp\/v2\/types\/product"}],"wp:featuredmedia":[{"embeddable":true,"href":"https:\/\/www.blekingesf.se\/bokhandel\/wp-json\/wp\/v2\/media\/615"}],"wp:attachment":[{"href":"https:\/\/www.blekingesf.se\/bokhandel\/wp-json\/wp\/v2\/media?parent=857"}],"wp:term":[{"taxonomy":"product_cat","embeddable":true,"href":"https:\/\/www.blekingesf.se\/bokhandel\/wp-json\/wp\/v2\/product_cat?post=857"},{"taxonomy":"product_tag","embeddable":true,"href":"https:\/\/www.blekingesf.se\/bokhandel\/wp-json\/wp\/v2\/product_tag?post=857"}],"curies":[{"name":"wp","href":"https:\/\/api.w.org\/{rel}","templated":true}]}}