{"id":905,"date":"2018-05-03T19:53:45","date_gmt":"2018-05-03T19:53:45","guid":{"rendered":"http:\/\/www.blekingesf.se\/bokhandel\/?post_type=product&#038;p=905"},"modified":"2026-03-11T19:47:47","modified_gmt":"2026-03-11T19:47:47","slug":"slaktforskarens-lilla-faktabok-3","status":"publish","type":"product","link":"https:\/\/www.blekingesf.se\/bokhandel\/produkt\/slaktforskarens-lilla-faktabok-3\/","title":{"rendered":"Sl\u00e4ktforskarens lilla faktabok 3"},"content":{"rendered":"<h3>Sl\u00e4ktforskarens lilla faktabok 3<\/h3>\n<p>av Mikael Hoffsten (2018)<\/p>\n<p>&nbsp;<\/p>\n<p>Sl\u00e4ktforskarens lilla faktabok nummer 3 har precis som sina f\u00f6reg\u00e5ngare en blandning av intressanta tabeller och texter. Vilket land hade den st\u00f6rsta arm\u00e9n mellan 1500-1935? Vilka var de svenska uppfinnarna? Har du koll p\u00e5 Kalle Ankas sl\u00e4kttr\u00e4d?<\/p>\n<p>En bok f\u00f6r b\u00e5de nytta och n\u00f6je!<\/p>\n","protected":false},"excerpt":{"rendered":"<p>Medlemspris: 59 kr<\/p>\n","protected":false},"featured_media":906,"template":"","meta":[],"product_cat":[52],"product_tag":[171],"class_list":{"0":"post-905","1":"product","2":"type-product","3":"status-publish","4":"has-post-thumbnail","6":"product_cat-bocker","7":"product_tag-faktabok","9":"first","10":"instock","11":"shipping-taxable","12":"purchasable","13":"product-type-simple"},"_links":{"self":[{"href":"https:\/\/www.blekingesf.se\/bokhandel\/wp-json\/wp\/v2\/product\/905"}],"collection":[{"href":"https:\/\/www.blekingesf.se\/bokhandel\/wp-json\/wp\/v2\/product"}],"about":[{"href":"https:\/\/www.blekingesf.se\/bokhandel\/wp-json\/wp\/v2\/types\/product"}],"wp:featuredmedia":[{"embeddable":true,"href":"https:\/\/www.blekingesf.se\/bokhandel\/wp-json\/wp\/v2\/media\/906"}],"wp:attachment":[{"href":"https:\/\/www.blekingesf.se\/bokhandel\/wp-json\/wp\/v2\/media?parent=905"}],"wp:term":[{"taxonomy":"product_cat","embeddable":true,"href":"https:\/\/www.blekingesf.se\/bokhandel\/wp-json\/wp\/v2\/product_cat?post=905"},{"taxonomy":"product_tag","embeddable":true,"href":"https:\/\/www.blekingesf.se\/bokhandel\/wp-json\/wp\/v2\/product_tag?post=905"}],"curies":[{"name":"wp","href":"https:\/\/api.w.org\/{rel}","templated":true}]}}