{"id":961,"date":"2018-07-05T15:24:08","date_gmt":"2018-07-05T15:24:08","guid":{"rendered":"http:\/\/www.blekingesf.se\/bokhandel\/?post_type=product&#038;p=961"},"modified":"2020-01-22T18:31:09","modified_gmt":"2020-01-22T18:31:09","slug":"koppar-och-kopparslagare-i-blekinge","status":"publish","type":"product","link":"https:\/\/www.blekingesf.se\/bokhandel\/produkt\/koppar-och-kopparslagare-i-blekinge\/","title":{"rendered":"Koppar och kopparslagare i Blekinge"},"content":{"rendered":"<p>av Kopparslagarmuseum,<br \/>\nS\u00f6d\u00f6\u00f6ska g\u00e5rden, Karlskrona, 2018<\/p>\n<p>Kopparslagaryrket \u00e4r ett hantverk med gamla anor i Blekinge, som<br \/>\nfortfarande representeras av m\u00e4staren Michaela Ivarsdotter.<br \/>\nH\u00e4r skildras hantverket framf\u00f6rallt fr\u00e5n den svenska tiden,<br \/>\nmed tonvikt p\u00e5 Karlskrona, S\u00f6lvesborg och Karlshamn.<br \/>\nEtt omv\u00e4xlande bildmaterial ger f\u00e4rg \u00e5t framst\u00e4llningen.<\/p>\n<p>&nbsp;<\/p>\n","protected":false},"excerpt":{"rendered":"<p>Pris: 300 kr<\/p>\n","protected":false},"featured_media":960,"template":"","meta":[],"product_cat":[52],"product_tag":[266,298,299],"class_list":{"0":"post-961","1":"product","2":"type-product","3":"status-publish","4":"has-post-thumbnail","6":"product_cat-bocker","7":"product_tag-blekinge","8":"product_tag-hantverk","9":"product_tag-koppar","11":"first","12":"instock","13":"shipping-taxable","14":"purchasable","15":"product-type-simple"},"_links":{"self":[{"href":"https:\/\/www.blekingesf.se\/bokhandel\/wp-json\/wp\/v2\/product\/961"}],"collection":[{"href":"https:\/\/www.blekingesf.se\/bokhandel\/wp-json\/wp\/v2\/product"}],"about":[{"href":"https:\/\/www.blekingesf.se\/bokhandel\/wp-json\/wp\/v2\/types\/product"}],"wp:featuredmedia":[{"embeddable":true,"href":"https:\/\/www.blekingesf.se\/bokhandel\/wp-json\/wp\/v2\/media\/960"}],"wp:attachment":[{"href":"https:\/\/www.blekingesf.se\/bokhandel\/wp-json\/wp\/v2\/media?parent=961"}],"wp:term":[{"taxonomy":"product_cat","embeddable":true,"href":"https:\/\/www.blekingesf.se\/bokhandel\/wp-json\/wp\/v2\/product_cat?post=961"},{"taxonomy":"product_tag","embeddable":true,"href":"https:\/\/www.blekingesf.se\/bokhandel\/wp-json\/wp\/v2\/product_tag?post=961"}],"curies":[{"name":"wp","href":"https:\/\/api.w.org\/{rel}","templated":true}]}}