{"id":964,"date":"2018-07-05T15:35:23","date_gmt":"2018-07-05T15:35:23","guid":{"rendered":"http:\/\/www.blekingesf.se\/bokhandel\/?post_type=product&#038;p=964"},"modified":"2024-01-20T18:12:24","modified_gmt":"2024-01-20T18:12:24","slug":"kopparslagaren-ett-liv-i-rodmetallens-skimmer","status":"publish","type":"product","link":"https:\/\/www.blekingesf.se\/bokhandel\/produkt\/kopparslagaren-ett-liv-i-rodmetallens-skimmer\/","title":{"rendered":"Kopparslagaren &#8211; Ett liv i r\u00f6dmetallens skimmer"},"content":{"rendered":"<p><em>av Michaela Ivarsdotter, Gunilla Hedenblad, Eva Hansson, Magnus Green, Anneli Welin (2012)<\/em><\/p>\n<p>Michaela Ivarsdotter, Kopparslagaren i fj\u00e4rde generationen har ett arv att\u00a0f\u00f6rvalta. Redan 1989 b\u00f6rjade hon att tillsammans med sin far dokumentera<br \/>\nkopparslagaryrket f\u00f6r att kunna ber\u00e4tta om hantverket och dess historia.\u00a0Boken har blivit ett unikt litet\u00a0m\u00e4sterverk b\u00e5de vad g\u00e4ller bokens inneh\u00e5ll<br \/>\noch utseende. Michaela, som \u00e4r\u00a0den enda kvinnliga kopparslagaren med m\u00e4starbrev i Sverige tillh\u00f6r sin\u00a0sl\u00e4kts fj\u00e4rde generation av kopparslagare.<\/p>\n<p>Det b\u00f6rjade p\u00e5 1800-talets mitt\u00a0med hennes farfars far, Sven Andersson och d\u00e4refter f\u00f6ljde farfadern\u00a0Fritiof Andersson. N\u00e4r turen kom till Michaelas far, Ivar Andersson, hade<br \/>\ntiderna blivit markant annorlunda, industrialismen hade gjort sitt int\u00e5g\u00a0och tog \u00f6ver alltmer av den traditionella hantverkstillverkningen. Det\u00a0g\u00e4llde d\u00e5 att hitta nya v\u00e4gar f\u00f6r sin f\u00f6rs\u00f6rjning, vilket kunde ske inom\u00a0bl.a. pl\u00e5tslageri och konsthantverk.<\/p>\n<p>Michaela har ett viktigt arv att f\u00f6rvalta vilket hon g\u00f6r genom att\u00a0forts\u00e4tta sin yrkesbana som kopparslagare, konsthantverkare och konstn\u00e4r\u00a0och i h\u00f6g grad \u00e4ven genom tillkomsten av denna bok.<\/p>\n<p>Till sin hj\u00e4lp har hon haft Eva Hansson, kopparsamlare och expert, som\u00a0tillsammans med metallspecialisten Magnus Green ber\u00e4ttar kopparslagarens\u00a0historia. Gunilla Hedenblad, som \u00e4r antikvarie vid Falu Gruva, beskriver\u00a0kopparns historia genom brytningen i Falu Gruva och sj\u00e4lv tecknar Michaela\u00a0fyra generationer sm\u00e5l\u00e4ndska kopparslagares historia.<\/p>\n","protected":false},"excerpt":{"rendered":"<p>Pris: 250 kr<\/p>\n","protected":false},"featured_media":963,"template":"","meta":[],"product_cat":[52],"product_tag":[266,298,299],"class_list":{"0":"post-964","1":"product","2":"type-product","3":"status-publish","4":"has-post-thumbnail","6":"product_cat-bocker","7":"product_tag-blekinge","8":"product_tag-hantverk","9":"product_tag-koppar","11":"first","12":"instock","13":"shipping-taxable","14":"purchasable","15":"product-type-simple"},"_links":{"self":[{"href":"https:\/\/www.blekingesf.se\/bokhandel\/wp-json\/wp\/v2\/product\/964"}],"collection":[{"href":"https:\/\/www.blekingesf.se\/bokhandel\/wp-json\/wp\/v2\/product"}],"about":[{"href":"https:\/\/www.blekingesf.se\/bokhandel\/wp-json\/wp\/v2\/types\/product"}],"wp:featuredmedia":[{"embeddable":true,"href":"https:\/\/www.blekingesf.se\/bokhandel\/wp-json\/wp\/v2\/media\/963"}],"wp:attachment":[{"href":"https:\/\/www.blekingesf.se\/bokhandel\/wp-json\/wp\/v2\/media?parent=964"}],"wp:term":[{"taxonomy":"product_cat","embeddable":true,"href":"https:\/\/www.blekingesf.se\/bokhandel\/wp-json\/wp\/v2\/product_cat?post=964"},{"taxonomy":"product_tag","embeddable":true,"href":"https:\/\/www.blekingesf.se\/bokhandel\/wp-json\/wp\/v2\/product_tag?post=964"}],"curies":[{"name":"wp","href":"https:\/\/api.w.org\/{rel}","templated":true}]}}