{"id":999,"date":"2018-09-05T17:47:25","date_gmt":"2018-09-05T17:47:25","guid":{"rendered":"http:\/\/www.blekingesf.se\/bokhandel\/?post_type=product&#038;p=999"},"modified":"2026-03-11T19:54:22","modified_gmt":"2026-03-11T19:54:22","slug":"gasamala-bykronika-under-fyra-arhundraden","status":"publish","type":"product","link":"https:\/\/www.blekingesf.se\/bokhandel\/produkt\/gasamala-bykronika-under-fyra-arhundraden\/","title":{"rendered":"G\u00e5sam\u00e5la bykr\u00f6nika under fyra \u00e5rhundraden"},"content":{"rendered":"<h3>G\u00e5sam\u00e5la bykr\u00f6nika under fyra \u00e5rhundraden<\/h3>\n<p>G\u00e5sam\u00e5la bykr\u00f6nika under fyra \u00e5rhundraden<\/p>\n<p>Skrift nr 11. 122 sidor och ca 40 illustrationer.<br \/>\nNytryck 2018<\/p>\n<p>Bykr\u00f6nikan \u00e4r ett f\u00f6rs\u00f6k att om m\u00f6jligt visa vem som bott p\u00e5 de olika g\u00e5rdarna i byn och hur folket levat sl\u00e4ktled efter sl\u00e4ktled i \u00e5rhundraden och i n\u00e5got fall \u00e4ven p\u00e5 samma g\u00e5rd. Kr\u00f6nikan visar ocks\u00e5 hur g\u00e5rdarna genom hemmansklyvningar under \u00e5ren blivit delade i mindre och mindre enheter.<\/p>\n<p>Jag hade l\u00e4nge lekt med tanken att n\u00e5gon g\u00e5ng kunna g\u00f6ra en kartl\u00e4ggning av vem som bott p\u00e5 de olika st\u00e4llena. Det som gjorde att jag slutligen tog ig\u00e5ng med forskningsarbetet var, n\u00e4r jag i min sl\u00e4ktforskning hittade anfadern Jon H\u00e5kansson i G\u00e5sam\u00e5la, som jag kom att kalla \u201dden m\u00e4rklige Jon\u201d. Hans digra bouppteckning gjorde mig nyfiken p\u00e5 att utreda var han f\u00e5tt f\u00f6rm\u00f6genheten ifr\u00e5n.<br \/>\nUnder arbetets g\u00e5ng visade det sig att han hade en v\u00e4ldigt stor barnskara vilket inte gjorde honom mindre intressant att utreda var alla hans \u00e4ttlingar tagit v\u00e4gen.<\/p>\n<p>Varje person i byn har ber\u00f6ring med varandra p\u00e5 ett eller annat s\u00e4tt, d\u00e4rf\u00f6r var det bara att forts\u00e4tta. Sl\u00e4kterna har inte helt kunnat utforskas och det var v\u00e4l heller inte min mening, utan m\u00f6jligen att v\u00e4cka intresse hos andra att forts\u00e4tta forskningsarbetet.<\/p>\n<p>Det har inte varit l\u00e4tt att f\u00f6lja upp alla persondata och det kan s\u00e4kert f\u00f6religga fel och f\u00f6rv\u00e4xlingar av personer. F\u00f6r felen f\u00e5r jag be om \u00f6verseende med!<\/p>\n<p>Min beskrivning av g\u00e5rdarna i G\u00e5sam\u00e5la b\u00f6rjar \u00e5r 1660 med Jon Andersson d.\u00e4. som d\u00e5 brukade hela hemmanet G\u00e5sam\u00e5la. Runt 1690 delade han hemmanet i tv\u00e5 delar. En del till sonen Anders och en del till dottern Botill.<\/p>\n<p>Anders del beskrivs fram t o m Jon Pehrsson ca \u00e5r 1817. D\u00e4refter \u00f6verg\u00e5r g\u00e5rden till sl\u00e4ktingen H\u00e5kan M\u00e5nsson. Beskrivningen av hemmanet forts\u00e4tter p\u00e5 sid. 93. under G\u00e5rd 1:2 fram till v\u00e5ra dagar med nuvarande \u00e4gare Stig Turesson.<\/p>\n<p>Beskrivning till Botills hemmansdel med b\u00f6rjan p\u00e5 sid 23, under rubriken Botill Jonsdotters sl\u00e4ktgren. D\u00e4r g\u00e5r 1\/8 mtl. ur sl\u00e4kten 1824. Den andra 1\/8 delades i tv\u00e5 1\/16 mtl. \u00e5r 1830, men ena 1\/16 beh\u00f6lls i sl\u00e4kten fram till 1905 medan den andra 1\/16 gick ur sl\u00e4kten 1845 i och med H\u00e5kan Hanssons d\u00f6d. Se \u00e4gol\u00e4ngd sist i boken.<\/p>\n<p>Ett varmt tack till alla, som gjort denna dokumentation m\u00f6jlig! Jag t\u00e4nker n\u00e4rmast p\u00e5 ortsbefolkningen och bybor i f\u00f6rskingringen som varit tillm\u00f6tesg\u00e5ende och l\u00e5nat ut sina fotografier f\u00f6r publicering. Ett s\u00e4rskilt tack vill jag rikta till \u00d6stra Blekinge Hembygdsf\u00f6rening som gett v\u00e4rdefulla synpunkter under framtagandet av denna skrift.<\/p>\n<p>Detta som \u00e4r den andra upplagan av bykr\u00f6nikan har bl. a. kompletterats med g\u00e5rdskronologin f\u00f6r 1900-talet av byborna Ulla och Eibert Johansson.<\/p>\n<p>Inneh\u00e5ll:<br \/>\nI\u2026\u2026.F\u00f6rsvenskningen av Blekinge<br \/>\nII\u2026\u2026G\u00e5sam\u00e5las befolkningshistoria<br \/>\nIII\u2026..Jon andersson d\u00e4 sl\u00e4ktgren<br \/>\nIV\u2026..Lantm\u00e4terif\u00f6rr\u00e4ttning f\u00f6r G\u00e5sam\u00e5la<br \/>\nV\u2026\u2026Botill Jonsdotters Sl\u00e4ktgren<br \/>\nVI\u2026..Bouppteckning Och Kvarl\u00e5tenskap<br \/>\nVII\u2026.1\/8 Mantal av Jon Andersson d\u00e4 hemman<br \/>\nVII\u2026.Laga skifte<br \/>\nIX\u2026..G\u00e5rd 1:6<br \/>\nX\u2026\u2026G\u00e5rd 1:4<br \/>\nXI\u2026..1\/8 Mantal av Jon Andersson d\u00e4 hemman<br \/>\nXII\u2026.G\u00e5rd 1:3<br \/>\nXIII\u2026G\u00e5rd 1:5<br \/>\nXIV\u2026G\u00e5rd 1:2<br \/>\nXV\u2026.G\u00e5rd 1:7<br \/>\nXVI\u2026G\u00e5rd 1:8<br \/>\nXVII..B\u00e5tsm\u00e4nnens villkor<br \/>\nXIX\u2026Stadsresorna<br \/>\nXX\u2026.Den social hj\u00e4lpen \u201dfattighj\u00e4lpen\u201d<\/p>\n","protected":false},"excerpt":{"rendered":"<p>Av: Barbro Olsson (122 s)<\/p>\n<p>\u00d6stra Blekinges Hembygdsf\u00f6rening Medd 1993:1 (nytryck 2018)<\/p>\n","protected":false},"featured_media":1011,"template":"","meta":[],"product_cat":[52,84],"product_tag":[41,309,306,305,304,308,307],"class_list":{"0":"post-999","1":"product","2":"type-product","3":"status-publish","4":"has-post-thumbnail","6":"product_cat-bocker","7":"product_cat-ostra-harad","8":"product_tag-batsman","9":"product_tag-fattighjalp","10":"product_tag-gasamala","11":"product_tag-ostra-blekinge","12":"product_tag-ramdala","13":"product_tag-stadsresor","14":"product_tag-villkor","15":"product_shipping_class-upp-till-2-kg","17":"first","18":"instock","19":"shipping-taxable","20":"purchasable","21":"product-type-simple"},"_links":{"self":[{"href":"https:\/\/www.blekingesf.se\/bokhandel\/wp-json\/wp\/v2\/product\/999"}],"collection":[{"href":"https:\/\/www.blekingesf.se\/bokhandel\/wp-json\/wp\/v2\/product"}],"about":[{"href":"https:\/\/www.blekingesf.se\/bokhandel\/wp-json\/wp\/v2\/types\/product"}],"wp:featuredmedia":[{"embeddable":true,"href":"https:\/\/www.blekingesf.se\/bokhandel\/wp-json\/wp\/v2\/media\/1011"}],"wp:attachment":[{"href":"https:\/\/www.blekingesf.se\/bokhandel\/wp-json\/wp\/v2\/media?parent=999"}],"wp:term":[{"taxonomy":"product_cat","embeddable":true,"href":"https:\/\/www.blekingesf.se\/bokhandel\/wp-json\/wp\/v2\/product_cat?post=999"},{"taxonomy":"product_tag","embeddable":true,"href":"https:\/\/www.blekingesf.se\/bokhandel\/wp-json\/wp\/v2\/product_tag?post=999"}],"curies":[{"name":"wp","href":"https:\/\/api.w.org\/{rel}","templated":true}]}}